{"id":12466,"date":"2023-09-01T13:39:17","date_gmt":"2023-09-01T17:39:17","guid":{"rendered":"https:\/\/dominican-real-estate.com\/?page_id=12466"},"modified":"2023-10-16T16:15:43","modified_gmt":"2023-10-16T20:15:43","slug":"contacta-con-nosotros","status":"publish","type":"page","link":"https:\/\/dominican-real-estate.com\/ru\/contacta-con-nosotros\/","title":{"rendered":"DR contacta con nosotros"},"content":{"rendered":"<style>.elementor-12466 .elementor-element.elementor-element-2a2656a8{--display:flex;--flex-direction:row;--container-widget-width:calc( ( 1 - var( --container-widget-flex-grow ) ) * 100% );--container-widget-height:100%;--container-widget-flex-grow:1;--container-widget-align-self:stretch;--flex-wrap-mobile:wrap;--justify-content:flex-start;--align-items:flex-start;--gap:0% 0%;--row-gap:0%;--column-gap:0%;--margin-top:0.0%;--margin-bottom:0.0%;--margin-left:0.0%;--margin-right:0.0%;--padding-top:0.0%;--padding-bottom:2.9%;--padding-left:1.0%;--padding-right:1.0%;}.elementor-12466 .elementor-element.elementor-element-2a2656a8.e-con{--align-self:flex-start;}.elementor-12466 .elementor-element.elementor-element-ffc506{--display:flex;--flex-direction:column;--container-widget-width:calc( ( 1 - var( --container-widget-flex-grow ) ) * 100% );--container-widget-height:initial;--container-widget-flex-grow:0;--container-widget-align-self:initial;--flex-wrap-mobile:wrap;--align-items:flex-start;--gap:0% 0%;--row-gap:0%;--column-gap:0%;--padding-top:0.0%;--padding-bottom:3.3%;--padding-left:0.0%;--padding-right:4.8%;}.elementor-12466 .elementor-element.elementor-element-ffc506.e-con{--align-self:flex-start;}.elementor-12466 .elementor-element.elementor-element-3bdec36c{width:100%;max-width:100%;text-align:left;}.elementor-12466 .elementor-element.elementor-element-3bdec36c > .elementor-widget-container{background-color:rgba(0, 0, 0, 0);margin:0.0% 0.2% 0.0% 3.1%;padding:0.4% 0.0% 0.4% 0.0%;}.elementor-12466 .elementor-element.elementor-element-5c0d2da5{width:100%;max-width:100%;text-align:left;}.elementor-12466 .elementor-element.elementor-element-5c0d2da5 > .elementor-widget-container{background-color:rgba(0, 0, 0, 0);margin:0.0% 0.2% 0.0% 3.1%;padding:0.2% 0.0% 5.1% 0.0%;}.elementor-12466 .elementor-element.elementor-element-6ca02d35{--display:flex;--min-height:6vh;--flex-direction:row;--container-widget-width:calc( ( 1 - var( --container-widget-flex-grow ) ) * 100% );--container-widget-height:100%;--container-widget-flex-grow:1;--container-widget-align-self:stretch;--flex-wrap-mobile:wrap;--align-items:flex-start;--gap:0% 0%;--row-gap:0%;--column-gap:0%;--margin-top:0.2%;--margin-bottom:0.0%;--margin-left:2.9%;--margin-right:0.0%;--padding-top:2.9%;--padding-bottom:2.9%;--padding-left:3.9%;--padding-right:4.7%;}.elementor-12466 .elementor-element.elementor-element-6ca02d35:not(.elementor-motion-effects-element-type-background), .elementor-12466 .elementor-element.elementor-element-6ca02d35 > .elementor-motion-effects-container > .elementor-motion-effects-layer{background-color:transparent;background-image:linear-gradient(180deg, #1F87B3B0 0%, rgb(31,135,179) 100%);}.elementor-12466 .elementor-element.elementor-element-6ca02d35.e-con{--align-self:flex-start;}.elementor-12466 .elementor-element.elementor-element-4886d43e{width:var( --container-widget-width, 8.4% );max-width:8.4%;--container-widget-width:8.4%;--container-widget-flex-grow:0;text-align:left;}.elementor-12466 .elementor-element.elementor-element-4886d43e > .elementor-widget-container{padding:0.0% 0.0% 0.0% 0.0%;}.elementor-12466 .elementor-element.elementor-element-4886d43e img{width:38px;}.elementor-12466 .elementor-element.elementor-element-8f80916{width:var( --container-widget-width, 88.7% );max-width:88.7%;--container-widget-width:88.7%;--container-widget-flex-grow:0;text-align:right;color:var( --e-global-color-primary );font-weight:700;}.elementor-12466 .elementor-element.elementor-element-8f80916 > .elementor-widget-container{background-color:rgba(0, 0, 0, 0);margin:8px 0px 0px 13px;}.elementor-12466 .elementor-element.elementor-element-1a67698e{width:100%;max-width:100%;text-align:left;}.elementor-12466 .elementor-element.elementor-element-1a67698e > .elementor-widget-container{background-color:rgba(0, 0, 0, 0);margin:3.9% 0.0% 0.0% 2.9%;padding:1.2% 3.8% 5.9% 0.0%;}.elementor-12466 .elementor-element.elementor-element-9c5c442 .e-gallery-item:hover .elementor-gallery-item__overlay, .elementor-12466 .elementor-element.elementor-element-9c5c442 .e-gallery-item:focus .elementor-gallery-item__overlay{background-color:rgba(0,0,0,0.5);}.elementor-12466 .elementor-element.elementor-element-9c5c442 > .elementor-widget-container{margin:14px -5px 13px 41px;padding:0px -2px 0px -32px;}.elementor-12466 .elementor-element.elementor-element-9c5c442.elementor-element{--align-self:center;}.elementor-12466 .elementor-element.elementor-element-9c5c442{--image-border-width:0px;--image-border-radius:55px;--image-transition-duration:800ms;--overlay-transition-duration:800ms;--content-text-align:center;--content-padding:22px;--content-transition-duration:800ms;--content-transition-delay:800ms;}.elementor-12466 .elementor-element.elementor-element-4a5f4451{--display:flex;--min-height:66vh;--flex-direction:column;--container-widget-width:calc( ( 1 - var( --container-widget-flex-grow ) ) * 100% );--container-widget-height:initial;--container-widget-flex-grow:0;--container-widget-align-self:initial;--flex-wrap-mobile:wrap;--align-items:flex-start;--gap:0% 0%;--row-gap:0%;--column-gap:0%;--padding-top:0.0%;--padding-bottom:0.0%;--padding-left:0.0%;--padding-right:0.0%;}.elementor-12466 .elementor-element.elementor-element-4a5f4451:not(.elementor-motion-effects-element-type-background), .elementor-12466 .elementor-element.elementor-element-4a5f4451 > .elementor-motion-effects-container > .elementor-motion-effects-layer{background-color:rgba(153, 162, 165, 0.1);}.elementor-12466 .elementor-element.elementor-element-4a5f4451.e-con{--align-self:flex-start;}.elementor-12466 .elementor-element.elementor-element-ee47132{--display:flex;}.elementor-12466 .elementor-element.elementor-element-ee47132:not(.elementor-motion-effects-element-type-background), .elementor-12466 .elementor-element.elementor-element-ee47132 > .elementor-motion-effects-container > .elementor-motion-effects-layer{background-color:#1F3AF55C;}.elementor-12466 .elementor-element.elementor-element-57b1485 .elementor-field-group{padding-right:calc( 10px\/2 );padding-left:calc( 10px\/2 );margin-bottom:10px;}.elementor-12466 .elementor-element.elementor-element-57b1485 .elementor-form-fields-wrapper{margin-left:calc( -10px\/2 );margin-right:calc( -10px\/2 );margin-bottom:-10px;}.elementor-12466 .elementor-element.elementor-element-57b1485 .elementor-field-group.recaptcha_v3-bottomleft, .elementor-12466 .elementor-element.elementor-element-57b1485 .elementor-field-group.recaptcha_v3-bottomright{margin-bottom:0;}body.rtl .elementor-12466 .elementor-element.elementor-element-57b1485 .elementor-labels-inline .elementor-field-group > label{padding-left:0px;}body:not(.rtl) .elementor-12466 .elementor-element.elementor-element-57b1485 .elementor-labels-inline .elementor-field-group > label{padding-right:0px;}body .elementor-12466 .elementor-element.elementor-element-57b1485 .elementor-labels-above .elementor-field-group > label{padding-bottom:0px;}.elementor-12466 .elementor-element.elementor-element-57b1485 .elementor-field-type-html{padding-bottom:0px;}.elementor-12466 .elementor-element.elementor-element-57b1485 .elementor-field-group:not(.elementor-field-type-upload) .elementor-field:not(.elementor-select-wrapper){background-color:#ffffff;}.elementor-12466 .elementor-element.elementor-element-57b1485 .elementor-field-group .elementor-select-wrapper select{background-color:#ffffff;}.elementor-12466 .elementor-element.elementor-element-57b1485 .e-form__buttons__wrapper__button-next{color:#ffffff;}.elementor-12466 .elementor-element.elementor-element-57b1485 .elementor-button[type=\"submit\"]{color:#ffffff;}.elementor-12466 .elementor-element.elementor-element-57b1485 .elementor-button[type=\"submit\"] svg *{fill:#ffffff;}.elementor-12466 .elementor-element.elementor-element-57b1485 .e-form__buttons__wrapper__button-previous{color:#ffffff;}.elementor-12466 .elementor-element.elementor-element-57b1485 .e-form__buttons__wrapper__button-next:hover{color:#ffffff;}.elementor-12466 .elementor-element.elementor-element-57b1485 .elementor-button[type=\"submit\"]:hover{color:#ffffff;}.elementor-12466 .elementor-element.elementor-element-57b1485 .elementor-button[type=\"submit\"]:hover svg *{fill:#ffffff;}.elementor-12466 .elementor-element.elementor-element-57b1485 .e-form__buttons__wrapper__button-previous:hover{color:#ffffff;}.elementor-12466 .elementor-element.elementor-element-57b1485 .elementor-button{border-radius:45px 45px 45px 45px;}.elementor-12466 .elementor-element.elementor-element-57b1485{--e-form-steps-indicators-spacing:20px;--e-form-steps-indicator-padding:30px;--e-form-steps-indicator-inactive-secondary-color:#ffffff;--e-form-steps-indicator-active-secondary-color:#ffffff;--e-form-steps-indicator-completed-secondary-color:#ffffff;--e-form-steps-divider-width:1px;--e-form-steps-divider-gap:10px;}@media(max-width:1024px){.elementor-12466 .elementor-element.elementor-element-2a2656a8{--justify-content:center;--padding-top:0.0px;--padding-bottom:44.8px;--padding-left:10px;--padding-right:10px;}.elementor-12466 .elementor-element.elementor-element-ffc506{--padding-top:0.0px;--padding-bottom:28.0px;--padding-left:0.0px;--padding-right:20.4px;}.elementor-12466 .elementor-element.elementor-element-3bdec36c > .elementor-widget-container{margin:0.0% 0.2% 0.0% 3.1%;}.elementor-12466 .elementor-element.elementor-element-5c0d2da5 > .elementor-widget-container{margin:0.0% 0.2% 0.0% 3.1%;}.elementor-12466 .elementor-element.elementor-element-6ca02d35{--padding-top:12.0px;--padding-bottom:12.0px;--padding-left:8.0px;--padding-right:9.6px;}.elementor-12466 .elementor-element.elementor-element-8f80916 > .elementor-widget-container{margin:6.4px 0px 0px 10.4px;}.elementor-12466 .elementor-element.elementor-element-1a67698e > .elementor-widget-container{margin:3.9% 0.0% 0.0% 2.9%;}.elementor-12466 .elementor-element.elementor-element-4a5f4451{--padding-top:0.0px;--padding-bottom:0.0px;--padding-left:0.0px;--padding-right:0.0px;}}@media(min-width:768px){.elementor-12466 .elementor-element.elementor-element-2a2656a8{--content-width:1110px;}.elementor-12466 .elementor-element.elementor-element-ffc506{--width:52.4%;}.elementor-12466 .elementor-element.elementor-element-6ca02d35{--width:97.1%;}.elementor-12466 .elementor-element.elementor-element-4a5f4451{--width:46.1%;}}@media(max-width:767px){.elementor-12466 .elementor-element.elementor-element-2a2656a8{--flex-direction:column;--container-widget-width:100%;--container-widget-height:initial;--container-widget-flex-grow:0;--container-widget-align-self:initial;--flex-wrap-mobile:wrap;--justify-content:center;--gap:20px 20px;--row-gap:20px;--column-gap:20px;--padding-top:0.0px;--padding-bottom:44.8px;--padding-left:10px;--padding-right:10px;}.elementor-12466 .elementor-element.elementor-element-ffc506{--flex-direction:column;--container-widget-width:100%;--container-widget-height:initial;--container-widget-flex-grow:0;--container-widget-align-self:initial;--flex-wrap-mobile:wrap;--justify-content:center;--gap:20px 20px;--row-gap:20px;--column-gap:20px;--padding-top:0.0px;--padding-bottom:28.0px;--padding-left:0.0px;--padding-right:10px;}.elementor-12466 .elementor-element.elementor-element-3bdec36c{width:100%;max-width:100%;}.elementor-12466 .elementor-element.elementor-element-3bdec36c > .elementor-widget-container{margin:0px 0px 0px 0px;}.elementor-12466 .elementor-element.elementor-element-5c0d2da5{width:100%;max-width:100%;}.elementor-12466 .elementor-element.elementor-element-5c0d2da5 > .elementor-widget-container{margin:0px 0px 0px 0px;}.elementor-12466 .elementor-element.elementor-element-6ca02d35{--flex-direction:column;--container-widget-width:100%;--container-widget-height:initial;--container-widget-flex-grow:0;--container-widget-align-self:initial;--flex-wrap-mobile:wrap;--justify-content:center;--gap:20px 20px;--row-gap:20px;--column-gap:20px;--padding-top:12.0px;--padding-bottom:12.0px;--padding-left:8.0px;--padding-right:9.6px;}.elementor-12466 .elementor-element.elementor-element-4886d43e{width:100%;max-width:100%;}.elementor-12466 .elementor-element.elementor-element-4886d43e > .elementor-widget-container{margin:0px 0px 0px 0px;}.elementor-12466 .elementor-element.elementor-element-8f80916{width:100%;max-width:100%;}.elementor-12466 .elementor-element.elementor-element-8f80916 > .elementor-widget-container{margin:0px 0px 0px 0px;}.elementor-12466 .elementor-element.elementor-element-1a67698e{width:100%;max-width:100%;}.elementor-12466 .elementor-element.elementor-element-1a67698e > .elementor-widget-container{margin:0px 0px 0px 0px;}.elementor-12466 .elementor-element.elementor-element-4a5f4451{--flex-direction:column;--container-widget-width:100%;--container-widget-height:initial;--container-widget-flex-grow:0;--container-widget-align-self:initial;--flex-wrap-mobile:wrap;--justify-content:center;--gap:20px 20px;--row-gap:20px;--column-gap:20px;--padding-top:0.0px;--padding-bottom:0.0px;--padding-left:0.0px;--padding-right:0.0px;}}\/* Start custom CSS for image, class: .elementor-element-4886d43e *\/.elementor-12466 .elementor-element.elementor-element-4886d43e img{max-height: 38px;}\/* End custom CSS *\/<\/style>\t\t<div data-elementor-type=\"wp-page\" data-elementor-id=\"12466\" class=\"elementor elementor-12466\" data-elementor-post-type=\"page\">\n\t\t\t\t<div class=\"elementor-element elementor-element-2a2656a8   e-flex e-con-boxed e-con e-parent\" data-id=\"2a2656a8\" data-element_type=\"container\">\n\t\t\t\t\t<div class=\"e-con-inner\">\n\t\t<div class=\"elementor-element elementor-element-ffc506 e-con-full   e-flex e-con e-child\" data-id=\"ffc506\" data-element_type=\"container\">\n\t\t\t\t<div class=\"elementor-element elementor-element-3bdec36c elementor-widget__width-inherit elementor-widget-mobile__width-inherit   elementor-widget elementor-widget-text-editor\" data-id=\"3bdec36c\" data-element_type=\"widget\" data-widget_type=\"text-editor.default\">\n\t\t\t\t<div class=\"elementor-widget-container\">\n\t\t\t\t\t\t\t\t\tContacta con nosotros\t\t\t\t\t\t\t\t<\/div>\n\t\t\t\t<\/div>\n\t\t\t\t<div class=\"elementor-element elementor-element-5c0d2da5 elementor-widget__width-inherit elementor-widget-mobile__width-inherit   elementor-widget elementor-widget-heading\" data-id=\"5c0d2da5\" data-element_type=\"widget\" data-widget_type=\"heading.default\">\n\t\t\t\t<div class=\"elementor-widget-container\">\n\t\t\t\t\t<h1 class=\"elementor-heading-title elementor-size-default\">Nos encantar\u00eda saber de usted<\/h1>\t\t\t\t<\/div>\n\t\t\t\t<\/div>\n\t\t<div class=\"elementor-element elementor-element-6ca02d35 e-con-full   e-flex e-con e-child\" data-id=\"6ca02d35\" data-element_type=\"container\" data-settings=\"{&quot;background_background&quot;:&quot;gradient&quot;}\">\n\t\t\t\t<div class=\"elementor-element elementor-element-4886d43e elementor-widget__width-initial elementor-widget-mobile__width-inherit   elementor-widget elementor-widget-image\" data-id=\"4886d43e\" data-element_type=\"widget\" data-widget_type=\"image.default\">\n\t\t\t\t<div class=\"elementor-widget-container\">\n\t\t\t\t\t\t\t\t\t\t\t\t\t\t\t<img decoding=\"async\" src=\"https:\/\/dominican-real-estate.com\/wp-content\/uploads\/2023\/09\/llamada.png\" title=\"\" alt=\"\" loading=\"lazy\" \/>\t\t\t\t\t\t\t\t\t\t\t\t\t\t\t<\/div>\n\t\t\t\t<\/div>\n\t\t\t\t<div class=\"elementor-element elementor-element-8f80916 elementor-widget__width-initial elementor-widget-mobile__width-inherit   elementor-widget elementor-widget-text-editor\" data-id=\"8f80916\" data-element_type=\"widget\" data-widget_type=\"text-editor.default\">\n\t\t\t\t<div class=\"elementor-widget-container\">\n\t\t\t\t\t\t\t\t\tOn parle fran\u00e7ais | Nosotros hablamos espa\u00f1ol\t\t\t\t\t\t\t\t<\/div>\n\t\t\t\t<\/div>\n\t\t\t\t<\/div>\n\t\t\t\t<div class=\"elementor-element elementor-element-1a67698e elementor-widget__width-inherit elementor-widget-mobile__width-inherit   elementor-widget elementor-widget-text-editor\" data-id=\"1a67698e\" data-element_type=\"widget\" data-widget_type=\"text-editor.default\">\n\t\t\t\t<div class=\"elementor-widget-container\">\n\t\t\t\t\t\t\t\t\t<p style=\"font-weight: 700; line-height: 1.75em;\">Llamar gratis al 1-833-378-4552.<\/p> <p style=\"font-weight: 700; line-height: 1.75em;\">O env\u00eda un mensaje usando el formulario de contacto.<\/p>\t\t\t\t\t\t\t\t<\/div>\n\t\t\t\t<\/div>\n\t\t\t\t<div class=\"elementor-element elementor-element-9c5c442 elementor-widget elementor-widget-gallery\" data-id=\"9c5c442\" data-element_type=\"widget\" data-settings=\"{&quot;gap&quot;:{&quot;unit&quot;:&quot;px&quot;,&quot;size&quot;:0,&quot;sizes&quot;:[]},&quot;lazyload&quot;:&quot;yes&quot;,&quot;gallery_layout&quot;:&quot;grid&quot;,&quot;columns&quot;:4,&quot;columns_tablet&quot;:2,&quot;columns_mobile&quot;:1,&quot;gap_tablet&quot;:{&quot;unit&quot;:&quot;px&quot;,&quot;size&quot;:10,&quot;sizes&quot;:[]},&quot;gap_mobile&quot;:{&quot;unit&quot;:&quot;px&quot;,&quot;size&quot;:10,&quot;sizes&quot;:[]},&quot;link_to&quot;:&quot;file&quot;,&quot;aspect_ratio&quot;:&quot;3:2&quot;,&quot;overlay_background&quot;:&quot;yes&quot;,&quot;content_hover_animation&quot;:&quot;fade-in&quot;}\" data-widget_type=\"gallery.default\">\n\t\t\t\t<div class=\"elementor-widget-container\">\n\t\t\t\t\t\t\t<div class=\"elementor-gallery__container\">\n\t\t\t\t\t\t\t<a class=\"e-gallery-item elementor-gallery-item elementor-animated-content\" href=\"https:\/\/dominican-real-estate.com\/wp-content\/uploads\/2023\/09\/headshot-svr-1.jpg\" data-elementor-open-lightbox=\"yes\" data-elementor-lightbox-slideshow=\"9c5c442\" data-elementor-lightbox-title=\"headshot-svr\" data-e-action-hash=\"#elementor-action%3Aaction%3Dlightbox%26settings%3DeyJpZCI6MTI5MjMsInVybCI6Imh0dHBzOlwvXC9kb21pbmljYW4tcmVhbC1lc3RhdGUuY29tXC93cC1jb250ZW50XC91cGxvYWRzXC8yMDIzXC8wOVwvaGVhZHNob3Qtc3ZyLTEuanBnIiwic2xpZGVzaG93IjoiOWM1YzQ0MiJ9\">\n\t\t\t\t\t<div class=\"e-gallery-image elementor-gallery-item__image\" data-thumbnail=\"https:\/\/dominican-real-estate.com\/wp-content\/uploads\/2023\/09\/headshot-svr-1.jpg\" data-width=\"200\" data-height=\"200\" aria-label=\"\" role=\"img\" ><\/div>\n\t\t\t\t\t\t\t\t\t\t\t<div class=\"elementor-gallery-item__overlay\"><\/div>\n\t\t\t\t\t\t\t\t\t\t\t\t\t\t<\/a>\n\t\t\t\t\t\t\t<a class=\"e-gallery-item elementor-gallery-item elementor-animated-content\" href=\"https:\/\/dominican-real-estate.com\/wp-content\/uploads\/2023\/09\/headshot-john-large.jpg\" data-elementor-open-lightbox=\"yes\" data-elementor-lightbox-slideshow=\"9c5c442\" data-elementor-lightbox-title=\"headshot-john-large\" data-e-action-hash=\"#elementor-action%3Aaction%3Dlightbox%26settings%3DeyJpZCI6MTIwMzUsInVybCI6Imh0dHBzOlwvXC9kb21pbmljYW4tcmVhbC1lc3RhdGUuY29tXC93cC1jb250ZW50XC91cGxvYWRzXC8yMDIzXC8wOVwvaGVhZHNob3Qtam9obi1sYXJnZS5qcGciLCJzbGlkZXNob3ciOiI5YzVjNDQyIn0%3D\">\n\t\t\t\t\t<div class=\"e-gallery-image elementor-gallery-item__image\" data-thumbnail=\"https:\/\/dominican-real-estate.com\/wp-content\/uploads\/2023\/09\/headshot-john-large.jpg\" data-width=\"200\" data-height=\"200\" aria-label=\"\" role=\"img\" ><\/div>\n\t\t\t\t\t\t\t\t\t\t\t<div class=\"elementor-gallery-item__overlay\"><\/div>\n\t\t\t\t\t\t\t\t\t\t\t\t\t\t<\/a>\n\t\t\t\t\t\t\t<a class=\"e-gallery-item elementor-gallery-item elementor-animated-content\" href=\"https:\/\/dominican-real-estate.com\/wp-content\/uploads\/2023\/09\/HEADSHOT-christine2-1.jpg\" data-elementor-open-lightbox=\"yes\" data-elementor-lightbox-slideshow=\"9c5c442\" data-elementor-lightbox-title=\"HEADSHOT-christine2\" data-e-action-hash=\"#elementor-action%3Aaction%3Dlightbox%26settings%3DeyJpZCI6MTI5MjIsInVybCI6Imh0dHBzOlwvXC9kb21pbmljYW4tcmVhbC1lc3RhdGUuY29tXC93cC1jb250ZW50XC91cGxvYWRzXC8yMDIzXC8wOVwvSEVBRFNIT1QtY2hyaXN0aW5lMi0xLmpwZyIsInNsaWRlc2hvdyI6IjljNWM0NDIifQ%3D%3D\">\n\t\t\t\t\t<div class=\"e-gallery-image elementor-gallery-item__image\" data-thumbnail=\"https:\/\/dominican-real-estate.com\/wp-content\/uploads\/2023\/09\/HEADSHOT-christine2-1.jpg\" data-width=\"200\" data-height=\"200\" aria-label=\"\" role=\"img\" ><\/div>\n\t\t\t\t\t\t\t\t\t\t\t<div class=\"elementor-gallery-item__overlay\"><\/div>\n\t\t\t\t\t\t\t\t\t\t\t\t\t\t<\/a>\n\t\t\t\t\t<\/div>\n\t\t\t\t\t<\/div>\n\t\t\t\t<\/div>\n\t\t\t\t<\/div>\n\t\t<div class=\"elementor-element elementor-element-4a5f4451 e-con-full   e-flex e-con e-child\" data-id=\"4a5f4451\" data-element_type=\"container\" data-settings=\"{&quot;background_background&quot;:&quot;classic&quot;}\">\n\t\t<div class=\"elementor-element elementor-element-ee47132 e-flex e-con-boxed e-con e-child\" data-id=\"ee47132\" data-element_type=\"container\" data-settings=\"{&quot;background_background&quot;:&quot;classic&quot;}\">\n\t\t\t\t\t<div class=\"e-con-inner\">\n\t\t\t\t<div class=\"elementor-element elementor-element-57b1485 elementor-button-align-stretch elementor-widget elementor-widget-form\" data-id=\"57b1485\" data-element_type=\"widget\" data-settings=\"{&quot;step_next_label&quot;:&quot;Next&quot;,&quot;step_previous_label&quot;:&quot;Previous&quot;,&quot;button_width&quot;:&quot;100&quot;,&quot;step_type&quot;:&quot;number_text&quot;,&quot;step_icon_shape&quot;:&quot;circle&quot;}\" data-widget_type=\"form.default\">\n\t\t\t\t<div class=\"elementor-widget-container\">\n\t\t\t\t\t\t\t<form class=\"elementor-form\" method=\"post\" name=\"New Form\">\n\t\t\t<input type=\"hidden\" name=\"post_id\" value=\"12466\"\/>\n\t\t\t<input type=\"hidden\" name=\"form_id\" value=\"57b1485\"\/>\n\t\t\t<input type=\"hidden\" name=\"referer_title\" value=\"\" \/>\n\n\t\t\t\n\t\t\t<div class=\"elementor-form-fields-wrapper elementor-labels-above\">\n\t\t\t\t\t\t\t\t<div class=\"elementor-field-type-text elementor-field-group elementor-column elementor-field-group-name elementor-col-100\">\n\t\t\t\t\t\t\t\t\t\t\t\t<label for=\"form-field-name\" class=\"elementor-field-label\">\n\t\t\t\t\t\t\t\tNombre\t\t\t\t\t\t\t<\/label>\n\t\t\t\t\t\t\t\t\t\t\t\t\t\t<input size=\"1\" type=\"text\" name=\"form_fields[name]\" id=\"form-field-name\" class=\"elementor-field elementor-size-sm  elementor-field-textual\" placeholder=\"Nombre\">\n\t\t\t\t\t\t\t\t\t\t\t<\/div>\n\t\t\t\t\t\t\t\t<div class=\"elementor-field-type-text elementor-field-group elementor-column elementor-field-group-email elementor-col-100 elementor-field-required\">\n\t\t\t\t\t\t\t\t\t\t\t\t<label for=\"form-field-email\" class=\"elementor-field-label\">\n\t\t\t\t\t\t\t\tDirecci\u00f3n \t\t\t\t\t\t\t<\/label>\n\t\t\t\t\t\t\t\t\t\t\t\t\t\t<input size=\"1\" type=\"text\" name=\"form_fields[email]\" id=\"form-field-email\" class=\"elementor-field elementor-size-sm  elementor-field-textual\" placeholder=\"Direcci\u00f3n \" required=\"required\">\n\t\t\t\t\t\t\t\t\t\t\t<\/div>\n\t\t\t\t\t\t\t\t<div class=\"elementor-field-type-number elementor-field-group elementor-column elementor-field-group-field_683bc23 elementor-col-100\">\n\t\t\t\t\t\t\t\t\t\t\t\t<label for=\"form-field-field_683bc23\" class=\"elementor-field-label\">\n\t\t\t\t\t\t\t\tNum\u00e9ro de tel\u00e9fono \t\t\t\t\t\t\t<\/label>\n\t\t\t\t\t\t\t\t\t<input type=\"number\" name=\"form_fields[field_683bc23]\" id=\"form-field-field_683bc23\" class=\"elementor-field elementor-size-sm  elementor-field-textual\" placeholder=\"Num\u00e9ro de tel\u00e9fono \" min=\"\" max=\"\" >\n\t\t\t\t\t\t<\/div>\n\t\t\t\t\t\t\t\t<div class=\"elementor-field-type-textarea elementor-field-group elementor-column elementor-field-group-message elementor-col-100\">\n\t\t\t\t\t\t\t\t\t\t\t\t<label for=\"form-field-message\" class=\"elementor-field-label\">\n\t\t\t\t\t\t\t\tMensaje\t\t\t\t\t\t\t<\/label>\n\t\t\t\t\t\t<textarea class=\"elementor-field-textual elementor-field  elementor-size-sm\" name=\"form_fields[message]\" id=\"form-field-message\" rows=\"4\" placeholder=\"Mensaje\"><\/textarea>\t\t\t\t<\/div>\n\t\t\t\t\t\t\t\t<div class=\"elementor-field-group elementor-column elementor-field-type-submit elementor-col-100 e-form__buttons\">\n\t\t\t\t\t<button class=\"elementor-button elementor-size-sm\" type=\"submit\">\n\t\t\t\t\t\t<span class=\"elementor-button-content-wrapper\">\n\t\t\t\t\t\t\t\t\t\t\t\t\t\t\t\t\t\t\t\t\t\t<span class=\"elementor-button-text\">Enviar<\/span>\n\t\t\t\t\t\t\t\t\t\t\t\t\t<\/span>\n\t\t\t\t\t<\/button>\n\t\t\t\t<\/div>\n\t\t\t<\/div>\n\t\t<\/form>\n\t\t\t\t\t\t<\/div>\n\t\t\t\t<\/div>\n\t\t\t\t\t<\/div>\n\t\t\t\t<\/div>\n\t\t\t\t<\/div>\n\t\t\t\t\t<\/div>\n\t\t\t\t<\/div>\n\t\t\t\t<\/div>\n\t\t","protected":false},"excerpt":{"rendered":"<p>Contacta con nosotros Nos encantar\u00eda saber de usted On parle fran\u00e7ais | Nosotros hablamos espa\u00f1ol Llamar gratis al 1-833-378-4552. O env\u00eda un mensaje usando el formulario de contacto.<\/p>","protected":false},"author":2,"featured_media":0,"parent":0,"menu_order":0,"comment_status":"closed","ping_status":"closed","template":"elementor_header_footer","meta":{"_joinchat":[],"footnotes":""},"class_list":["post-12466","page","type-page","status-publish","hentry"],"_links":{"self":[{"href":"https:\/\/dominican-real-estate.com\/ru\/wp-json\/wp\/v2\/pages\/12466","targetHints":{"allow":["GET"]}}],"collection":[{"href":"https:\/\/dominican-real-estate.com\/ru\/wp-json\/wp\/v2\/pages"}],"about":[{"href":"https:\/\/dominican-real-estate.com\/ru\/wp-json\/wp\/v2\/types\/page"}],"author":[{"embeddable":true,"href":"https:\/\/dominican-real-estate.com\/ru\/wp-json\/wp\/v2\/users\/2"}],"replies":[{"embeddable":true,"href":"https:\/\/dominican-real-estate.com\/ru\/wp-json\/wp\/v2\/comments?post=12466"}],"version-history":[{"count":0,"href":"https:\/\/dominican-real-estate.com\/ru\/wp-json\/wp\/v2\/pages\/12466\/revisions"}],"wp:attachment":[{"href":"https:\/\/dominican-real-estate.com\/ru\/wp-json\/wp\/v2\/media?parent=12466"}],"curies":[{"name":"wp","href":"https:\/\/api.w.org\/{rel}","templated":true}]}}