{"id":5629,"date":"2023-05-12T15:52:14","date_gmt":"2023-05-12T14:52:14","guid":{"rendered":"https:\/\/expislandaffiliates.com\/?page_id=5629"},"modified":"2023-10-23T15:19:38","modified_gmt":"2023-10-23T19:19:38","slug":"moving-to-the-dr-guide","status":"publish","type":"page","link":"https:\/\/dominican-real-estate.com\/fr\/dominican-republic\/moving-to-the-dr-guide\/","title":{"rendered":"Votre guide complet pour d\u00e9m\u00e9nager en R\u00e9publique dominicaine"},"content":{"rendered":"<style>.elementor-5629 .elementor-element.elementor-element-2e02128:not(.elementor-motion-effects-element-type-background), .elementor-5629 .elementor-element.elementor-element-2e02128 > .elementor-motion-effects-container > .elementor-motion-effects-layer{background-color:#F6F6F6;}.elementor-5629 .elementor-element.elementor-element-2e02128{transition:background 0.3s, border 0.3s, border-radius 0.3s, box-shadow 0.3s;padding:0px 0px 70px 0px;}.elementor-5629 .elementor-element.elementor-element-2e02128 > .elementor-background-overlay{transition:background 0.3s, border-radius 0.3s, opacity 0.3s;}.elementor-bc-flex-widget .elementor-5629 .elementor-element.elementor-element-c2dfbe.elementor-column .elementor-widget-wrap{align-items:center;}.elementor-5629 .elementor-element.elementor-element-c2dfbe.elementor-column.elementor-element[data-element_type=\"column\"] > .elementor-widget-wrap.elementor-element-populated{align-content:center;align-items:center;}.elementor-5629 .elementor-element.elementor-element-1785b25b{text-align:left;font-family:\"Varela Round\", Sans-serif;font-size:16px;font-weight:400;}.elementor-5629 .elementor-element.elementor-element-668efb5d .elementor-icon-list-icon{width:14px;}.elementor-5629 .elementor-element.elementor-element-668efb5d .elementor-icon-list-icon i{font-size:14px;}.elementor-5629 .elementor-element.elementor-element-668efb5d .elementor-icon-list-icon svg{--e-icon-list-icon-size:14px;}.elementor-5629 .elementor-element.elementor-element-5351b0e4 > .elementor-widget-container{margin:7px 0px 0px 0px;}.elementor-5629 .elementor-element.elementor-element-5351b0e4 .elementor-button{font-family:\"Open Sans\", Sans-serif;font-weight:400;line-height:18.28px;letter-spacing:0.15px;fill:#FFFFFF;color:#FFFFFF;border-radius:18px 18px 18px 18px;padding:18px 28px 18px 28px;}.elementor-5629 .elementor-element.elementor-element-4c04529e{--display:flex;--flex-direction:column;--container-widget-width:100%;--container-widget-height:initial;--container-widget-flex-grow:0;--container-widget-align-self:initial;--flex-wrap-mobile:wrap;}.elementor-5629 .elementor-element.elementor-element-544921af{--display:flex;--flex-direction:row;--container-widget-width:initial;--container-widget-height:100%;--container-widget-flex-grow:1;--container-widget-align-self:stretch;--flex-wrap-mobile:wrap;--gap:0px 0px;--row-gap:0px;--column-gap:0px;}.elementor-5629 .elementor-element.elementor-element-23432e24{--display:flex;--flex-direction:column;--container-widget-width:100%;--container-widget-height:initial;--container-widget-flex-grow:0;--container-widget-align-self:initial;--flex-wrap-mobile:wrap;}.elementor-5629 .elementor-element.elementor-element-3828e47 .elementor-toc__header-title{text-align:start;}.elementor-5629 .elementor-element.elementor-element-3828e47 .elementor-toc__header, .elementor-5629 .elementor-element.elementor-element-3828e47 .elementor-toc__header-title{font-family:\"Roboto\", Sans-serif;font-size:17px;font-weight:600;}.elementor-5629 .elementor-element.elementor-element-3828e47 .elementor-toc__header{flex-direction:row;}.elementor-5629 .elementor-element.elementor-element-3828e47 .elementor-toc__list-item{font-family:\"Roboto\", Sans-serif;font-size:13px;font-weight:400;}.elementor-5629 .elementor-element.elementor-element-3828e47{--item-text-hover-decoration:underline;}.elementor-5629 .elementor-element.elementor-element-4bf82419{--display:flex;--flex-direction:column;--container-widget-width:100%;--container-widget-height:initial;--container-widget-flex-grow:0;--container-widget-align-self:initial;--flex-wrap-mobile:wrap;}.elementor-5629 .elementor-element.elementor-element-1e2d7e4b{text-align:left;font-family:\"Varela Round\", Sans-serif;font-size:16px;font-weight:400;}.elementor-5629 .elementor-element.elementor-element-797086b1{--display:flex;--flex-direction:column;--container-widget-width:100%;--container-widget-height:initial;--container-widget-flex-grow:0;--container-widget-align-self:initial;--flex-wrap-mobile:wrap;}.elementor-5629 .elementor-element.elementor-element-297b9dfa{--grid-side-margin:10px;--grid-column-gap:10px;--grid-row-gap:10px;--grid-bottom-margin:10px;}@media(max-width:1024px){ .elementor-5629 .elementor-element.elementor-element-297b9dfa{--grid-side-margin:10px;--grid-column-gap:10px;--grid-row-gap:10px;--grid-bottom-margin:10px;}}@media(min-width:768px){.elementor-5629 .elementor-element.elementor-element-6d9f6aea{width:50%;}.elementor-5629 .elementor-element.elementor-element-c2dfbe{width:41.335%;}.elementor-5629 .elementor-element.elementor-element-5ac28422{width:7.997%;}.elementor-5629 .elementor-element.elementor-element-4c04529e{--width:100%;}.elementor-5629 .elementor-element.elementor-element-544921af{--content-width:1316px;}.elementor-5629 .elementor-element.elementor-element-23432e24{--width:25%;}.elementor-5629 .elementor-element.elementor-element-4bf82419{--width:50%;}.elementor-5629 .elementor-element.elementor-element-797086b1{--width:25%;}}@media(max-width:1024px) and (min-width:768px){.elementor-5629 .elementor-element.elementor-element-6d9f6aea{width:100%;}.elementor-5629 .elementor-element.elementor-element-c2dfbe{width:100%;}}@media(max-width:767px){.elementor-5629 .elementor-element.elementor-element-3828e47 .elementor-toc__list-item{font-size:16px;} .elementor-5629 .elementor-element.elementor-element-297b9dfa{--grid-side-margin:10px;--grid-column-gap:10px;--grid-row-gap:10px;--grid-bottom-margin:10px;}}<\/style>\t\t<div data-elementor-type=\"wp-page\" data-elementor-id=\"5629\" class=\"elementor elementor-5629\" data-elementor-post-type=\"page\">\n\t\t\t\t\t\t<section class=\"elementor-section elementor-top-section elementor-element elementor-element-2e02128 elementor-section-stretched elementor-section-boxed elementor-section-height-default elementor-section-height-default\" data-id=\"2e02128\" data-element_type=\"section\" data-settings=\"{&quot;stretch_section&quot;:&quot;section-stretched&quot;,&quot;background_background&quot;:&quot;classic&quot;}\">\n\t\t\t\t\t\t<div class=\"elementor-container elementor-column-gap-default\">\n\t\t\t\t\t<div class=\"elementor-column elementor-col-33 elementor-top-column elementor-element elementor-element-6d9f6aea\" data-id=\"6d9f6aea\" data-element_type=\"column\">\n\t\t\t<div class=\"elementor-widget-wrap elementor-element-populated\">\n\t\t\t\t\t\t<div class=\"elementor-element elementor-element-242c5d22 elementor-widget elementor-widget-image\" data-id=\"242c5d22\" data-element_type=\"widget\" data-widget_type=\"image.default\">\n\t\t\t\t<div class=\"elementor-widget-container\">\n\t\t\t\t\t\t\t\t\t\t\t\t\t\t\t<img decoding=\"async\" src=\"https:\/\/dominican-real-estate.com\/wp-content\/uploads\/2023\/08\/pareja-joven-viaje-coche-1.jpg\" title=\"\" alt=\"\" loading=\"lazy\" \/>\t\t\t\t\t\t\t\t\t\t\t\t\t\t\t<\/div>\n\t\t\t\t<\/div>\n\t\t\t\t\t<\/div>\n\t\t<\/div>\n\t\t\t\t<div class=\"elementor-column elementor-col-33 elementor-top-column elementor-element elementor-element-c2dfbe\" data-id=\"c2dfbe\" data-element_type=\"column\">\n\t\t\t<div class=\"elementor-widget-wrap elementor-element-populated\">\n\t\t\t\t\t\t<div class=\"elementor-element elementor-element-1785b25b elementor-widget elementor-widget-text-editor\" data-id=\"1785b25b\" data-element_type=\"widget\" data-widget_type=\"text-editor.default\">\n\t\t\t\t<div class=\"elementor-widget-container\">\n\t\t\t\t\t\t\t\t\t<h2><span class=\"notion-enable-hover\" data-token-index=\"0\">Your Comprehensive Guide to Moving to the Dominican Republic<\/span><\/h2>\t\t\t\t\t\t\t\t<\/div>\n\t\t\t\t<\/div>\n\t\t\t\t<div class=\"elementor-element elementor-element-668efb5d elementor-widget elementor-widget-post-info\" data-id=\"668efb5d\" data-element_type=\"widget\" data-widget_type=\"post-info.default\">\n\t\t\t\t<div class=\"elementor-widget-container\">\n\t\t\t\t\t\t\t<ul class=\"elementor-inline-items elementor-icon-list-items elementor-post-info\">\n\t\t\t\t\t\t\t\t<li class=\"elementor-icon-list-item elementor-repeater-item-6bc8a14 elementor-inline-item\" itemprop=\"author\">\n\t\t\t\t\t\t<a href=\"https:\/\/dominican-real-estate.com\/fr\/author\/mingonautgmail-com\/\">\n\t\t\t\t\t\t\t\t\t\t\t<span class=\"elementor-icon-list-icon\">\n\t\t\t\t\t\t\t\t<i aria-hidden=\"true\" class=\"far fa-user-circle\"><\/i>\t\t\t\t\t\t\t<\/span>\n\t\t\t\t\t\t\t\t\t<span class=\"elementor-icon-list-text elementor-post-info__item elementor-post-info__item--type-author\">\n\t\t\t\t\t\t\t\t\t\tSimon Markus\t\t\t\t\t<\/span>\n\t\t\t\t\t\t\t\t\t<\/a>\n\t\t\t\t<\/li>\n\t\t\t\t<li class=\"elementor-icon-list-item elementor-repeater-item-ea5fa62 elementor-inline-item\" itemprop=\"datePublished\">\n\t\t\t\t\t\t<a href=\"https:\/\/dominican-real-estate.com\/fr\/2023\/05\/12\/\">\n\t\t\t\t\t\t\t\t\t\t\t<span class=\"elementor-icon-list-icon\">\n\t\t\t\t\t\t\t\t<i aria-hidden=\"true\" class=\"fas fa-calendar\"><\/i>\t\t\t\t\t\t\t<\/span>\n\t\t\t\t\t\t\t\t\t<span class=\"elementor-icon-list-text elementor-post-info__item elementor-post-info__item--type-date\">\n\t\t\t\t\t\t\t\t\t\t<time>mai 12, 2023<\/time>\t\t\t\t\t<\/span>\n\t\t\t\t\t\t\t\t\t<\/a>\n\t\t\t\t<\/li>\n\t\t\t\t<li class=\"elementor-icon-list-item elementor-repeater-item-16fb072 elementor-inline-item\">\n\t\t\t\t\t\t\t\t\t\t<span class=\"elementor-icon-list-icon\">\n\t\t\t\t\t\t\t\t<i aria-hidden=\"true\" class=\"far fa-clock\"><\/i>\t\t\t\t\t\t\t<\/span>\n\t\t\t\t\t\t\t\t\t<span class=\"elementor-icon-list-text elementor-post-info__item elementor-post-info__item--type-time\">\n\t\t\t\t\t\t\t\t\t\t<time>3:52 pm<\/time>\t\t\t\t\t<\/span>\n\t\t\t\t\t\t\t\t<\/li>\n\t\t\t\t<\/ul>\n\t\t\t\t\t\t<\/div>\n\t\t\t\t<\/div>\n\t\t\t\t<div class=\"elementor-element elementor-element-5351b0e4 elementor-align-left elementor-widget elementor-widget-button\" data-id=\"5351b0e4\" data-element_type=\"widget\" data-widget_type=\"button.default\">\n\t\t\t\t<div class=\"elementor-widget-container\">\n\t\t\t\t\t\t\t\t\t<div class=\"elementor-button-wrapper\">\n\t\t\t\t\t<a class=\"elementor-button elementor-button-link elementor-size-sm\" href=\"https:\/\/dominican-real-estate.com\/contact-us-8-2023\/\">\n\t\t\t\t\t\t<span class=\"elementor-button-content-wrapper\">\n\t\t\t\t\t\t\t\t\t<span class=\"elementor-button-text\">contact<\/span>\n\t\t\t\t\t<\/span>\n\t\t\t\t\t<\/a>\n\t\t\t\t<\/div>\n\t\t\t\t\t\t\t\t<\/div>\n\t\t\t\t<\/div>\n\t\t\t\t\t<\/div>\n\t\t<\/div>\n\t\t\t\t<div class=\"elementor-column elementor-col-33 elementor-top-column elementor-element elementor-element-5ac28422 elementor-hidden-tablet elementor-hidden-mobile\" data-id=\"5ac28422\" data-element_type=\"column\">\n\t\t\t<div class=\"elementor-widget-wrap\">\n\t\t\t\t\t\t\t<\/div>\n\t\t<\/div>\n\t\t\t\t\t<\/div>\n\t\t<\/section>\n\t\t<div class=\"elementor-element elementor-element-4c04529e e-con-full e-flex e-con e-parent\" data-id=\"4c04529e\" data-element_type=\"container\">\n\t\t<div class=\"elementor-element elementor-element-544921af e-flex e-con-boxed e-con e-child\" data-id=\"544921af\" data-element_type=\"container\">\n\t\t\t\t\t<div class=\"e-con-inner\">\n\t\t<div class=\"elementor-element elementor-element-23432e24 e-con-full e-flex e-con e-child\" data-id=\"23432e24\" data-element_type=\"container\" data-settings=\"{&quot;sticky&quot;:&quot;top&quot;,&quot;sticky_on&quot;:[&quot;desktop&quot;,&quot;tablet&quot;],&quot;sticky_parent&quot;:&quot;yes&quot;,&quot;sticky_offset&quot;:78,&quot;sticky_effects_offset&quot;:0,&quot;sticky_anchor_link_offset&quot;:0}\">\n\t\t\t\t<div class=\"elementor-element elementor-element-3828e47 elementor-toc--minimized-on-tablet elementor-widget elementor-widget-table-of-contents\" data-id=\"3828e47\" data-element_type=\"widget\" data-settings=\"{&quot;exclude_headings_by_selector&quot;:[],&quot;headings_by_tags&quot;:[&quot;h2&quot;],&quot;marker_view&quot;:&quot;numbers&quot;,&quot;no_headings_message&quot;:&quot;Aucun titre n\\u2019a \\u00e9t\\u00e9 trouv\\u00e9 sur cette page.&quot;,&quot;minimize_box&quot;:&quot;yes&quot;,&quot;minimized_on&quot;:&quot;tablet&quot;,&quot;hierarchical_view&quot;:&quot;yes&quot;,&quot;min_height&quot;:{&quot;unit&quot;:&quot;px&quot;,&quot;size&quot;:&quot;&quot;,&quot;sizes&quot;:[]},&quot;min_height_tablet&quot;:{&quot;unit&quot;:&quot;px&quot;,&quot;size&quot;:&quot;&quot;,&quot;sizes&quot;:[]},&quot;min_height_mobile&quot;:{&quot;unit&quot;:&quot;px&quot;,&quot;size&quot;:&quot;&quot;,&quot;sizes&quot;:[]}}\" data-widget_type=\"table-of-contents.default\">\n\t\t\t\t<div class=\"elementor-widget-container\">\n\t\t\t\t\t\t\t<div class=\"elementor-toc__header\">\n\t\t\t<h4 class=\"elementor-toc__header-title\">\n\t\t\t\tTable of Contents\t\t\t<\/h4>\n\t\t\t\t\t\t\t<div class=\"elementor-toc__toggle-button elementor-toc__toggle-button--expand\" role=\"button\" tabindex=\"0\" aria-controls=\"elementor-toc__3828e47\" aria-expanded=\"true\" aria-label=\"Ouvrir la table des mati\u00e8res\"><i aria-hidden=\"true\" class=\"fas fa-chevron-down\"><\/i><\/div>\n\t\t\t\t<div class=\"elementor-toc__toggle-button elementor-toc__toggle-button--collapse\" role=\"button\" tabindex=\"0\" aria-controls=\"elementor-toc__3828e47\" aria-expanded=\"true\" aria-label=\"Fermer la table des mati\u00e8res\"><i aria-hidden=\"true\" class=\"fas fa-chevron-up\"><\/i><\/div>\n\t\t\t\t\t<\/div>\n\t\t<div id=\"elementor-toc__3828e47\" class=\"elementor-toc__body\">\n\t\t\t<div class=\"elementor-toc__spinner-container\">\n\t\t\t\t<i class=\"elementor-toc__spinner eicon-animation-spin eicon-loading\" aria-hidden=\"true\"><\/i>\t\t\t<\/div>\n\t\t<\/div>\n\t\t\t\t\t\t<\/div>\n\t\t\t\t<\/div>\n\t\t\t\t<\/div>\n\t\t<div class=\"elementor-element elementor-element-4bf82419 e-con-full e-flex e-con e-child\" data-id=\"4bf82419\" data-element_type=\"container\">\n\t\t\t\t<div class=\"elementor-element elementor-element-1e2d7e4b elementor-widget elementor-widget-text-editor\" data-id=\"1e2d7e4b\" data-element_type=\"widget\" data-widget_type=\"text-editor.default\">\n\t\t\t\t<div class=\"elementor-widget-container\">\n\t\t\t\t\t\t\t\t\t<p>Relocating to a new country can seem like an overwhelming task, especially when you&#8217;re considering a Caribbean paradise like the Dominican Republic. In this guide, we&#8217;ll provide you with all the necessary information and insightful tips to make your move as smooth as possible.<\/p><h2><strong>Understanding the Dominican Republic<\/strong><\/h2><p>Before making the leap, it&#8217;s vital to understand the country you&#8217;re moving to. The Dominican Republic, known for its pristine beaches, tropical climate, and rich culture, offers an enticing lifestyle to expats from all over the world. It&#8217;s not just the beautiful landscapes that draw people in, but also the warmth and welcoming nature of the Dominicans.<\/p><h2><strong>How to Become a Resident<\/strong><\/h2><p>One of the primary steps to move to the Dominican Republic is acquiring a residence permit. The process can be intricate, but we&#8217;re here to help you navigate through it.<\/p><h3><strong>Temporary Residence Visa<\/strong><\/h3><p>Start with a Temporary Residence Visa, which allows you to stay in the country for up to a year. This is renewable and can be upgraded to a Permanent Residence Visa after five years.<\/p><h3><strong>Permanent Residence Visa<\/strong><\/h3><p>After five years of holding a Temporary Residence Visa, you can apply for a Permanent Residence Visa. This offers additional benefits such as the ability to work and operate a business.<\/p><h2><strong>Healthcare in the Dominican Republic<\/strong><\/h2><p>When moving to a new country, understanding the healthcare system is crucial. The Dominican Republic offers both public and private healthcare options, and many expats opt for private healthcare due to its higher quality and efficiency.<\/p><h3><strong>Public Healthcare<\/strong><\/h3><p>Public healthcare is free and available to all residents, but it&#8217;s important to note that services may vary in quality, particularly in rural areas.<\/p><h3><strong>Private Healthcare<\/strong><\/h3><p>Private healthcare, on the other hand, offers a higher standard of care, with well-equipped facilities and English-speaking staff. It&#8217;s recommended to have private health insurance to cover these costs.<\/p><h2><strong>Cost of Living<\/strong><\/h2><p>Living in the Dominican Republic can be quite affordable compared to many Western countries. Here&#8217;s a brief look at some basic costs:<\/p><ul><li>Housing: Depending on location, you can rent a decent apartment for $200-$800 per month.<\/li><li>Groceries: A monthly budget of $200-$300 should cover your grocery needs.<\/li><li>Dining: A meal in a mid-range restaurant would cost around $10-$20.<\/li><\/ul><h2><strong>Education in the Dominican Republic<\/strong><\/h2><p>If you&#8217;re moving with children, you&#8217;ll be pleased to know that the Dominican Republic has a variety of educational options. International schools are prevalent and teach in English, providing an excellent education for expat children.<\/p><h2><strong>Embracing Dominican Culture<\/strong><\/h2><p>It&#8217;s essential to embrace the Dominican culture to truly enjoy your life here. Dominicans are known for their love of music, dance, and baseball. Participating in local traditions and events will help you integrate and enrich your expat experience.<\/p><h2><strong>Real Estate in the Dominican Republic<\/strong><\/h2><p>If you&#8217;re considering buying property, the Dominican Republic has a straightforward process for foreigners. It&#8217;s always advisable to work with a reputable real estate agent and legal advisor to avoid potential pitfalls.<\/p><p>Relocating to the Dominican Republic is a significant decision, but with careful planning, it can be a rewarding journey. As you navigate your path, remember that every step brings you closer to your Caribbean dream.<\/p><p>We hope this guide proves helpful and wish you the best of luck in your exciting new adventure!<\/p>\t\t\t\t\t\t\t\t<\/div>\n\t\t\t\t<\/div>\n\t\t\t\t<\/div>\n\t\t<div class=\"elementor-element elementor-element-797086b1 e-con-full e-flex e-con e-child\" data-id=\"797086b1\" data-element_type=\"container\" data-settings=\"{&quot;sticky&quot;:&quot;top&quot;,&quot;sticky_on&quot;:[&quot;desktop&quot;,&quot;tablet&quot;],&quot;sticky_parent&quot;:&quot;yes&quot;,&quot;sticky_offset&quot;:78,&quot;sticky_effects_offset&quot;:0,&quot;sticky_anchor_link_offset&quot;:0}\">\n\t\t\t\t<div class=\"elementor-element elementor-element-297b9dfa elementor-share-buttons--view-icon-text elementor-share-buttons--skin-gradient elementor-share-buttons--shape-square elementor-grid-0 elementor-share-buttons--color-official elementor-widget elementor-widget-share-buttons\" data-id=\"297b9dfa\" data-element_type=\"widget\" data-widget_type=\"share-buttons.default\">\n\t\t\t\t<div class=\"elementor-widget-container\">\n\t\t\t\t\t\t\t<div class=\"elementor-grid\">\n\t\t\t\t\t\t\t\t<div class=\"elementor-grid-item\">\n\t\t\t\t\t\t<div\n\t\t\t\t\t\t\tclass=\"elementor-share-btn elementor-share-btn_facebook\"\n\t\t\t\t\t\t\trole=\"button\"\n\t\t\t\t\t\t\ttabindex=\"0\"\n\t\t\t\t\t\t\taria-label=\"Partager sur facebook\"\n\t\t\t\t\t\t>\n\t\t\t\t\t\t\t\t\t\t\t\t\t\t\t<span class=\"elementor-share-btn__icon\">\n\t\t\t\t\t\t\t\t<i class=\"fab fa-facebook\" aria-hidden=\"true\"><\/i>\t\t\t\t\t\t\t<\/span>\n\t\t\t\t\t\t\t\t\t\t\t\t\t\t\t\t\t\t\t\t\t\t<div class=\"elementor-share-btn__text\">\n\t\t\t\t\t\t\t\t\t\t\t\t\t\t\t\t\t\t\t<span class=\"elementor-share-btn__title\">\n\t\t\t\t\t\t\t\t\t\tFacebook\t\t\t\t\t\t\t\t\t<\/span>\n\t\t\t\t\t\t\t\t\t\t\t\t\t\t\t\t\t<\/div>\n\t\t\t\t\t\t\t\t\t\t\t\t\t<\/div>\n\t\t\t\t\t<\/div>\n\t\t\t\t\t\t\t\t\t<div class=\"elementor-grid-item\">\n\t\t\t\t\t\t<div\n\t\t\t\t\t\t\tclass=\"elementor-share-btn elementor-share-btn_twitter\"\n\t\t\t\t\t\t\trole=\"button\"\n\t\t\t\t\t\t\ttabindex=\"0\"\n\t\t\t\t\t\t\taria-label=\"Partager sur twitter\"\n\t\t\t\t\t\t>\n\t\t\t\t\t\t\t\t\t\t\t\t\t\t\t<span class=\"elementor-share-btn__icon\">\n\t\t\t\t\t\t\t\t<i class=\"fab fa-twitter\" aria-hidden=\"true\"><\/i>\t\t\t\t\t\t\t<\/span>\n\t\t\t\t\t\t\t\t\t\t\t\t\t\t\t\t\t\t\t\t\t\t<div class=\"elementor-share-btn__text\">\n\t\t\t\t\t\t\t\t\t\t\t\t\t\t\t\t\t\t\t<span class=\"elementor-share-btn__title\">\n\t\t\t\t\t\t\t\t\t\tTwitter\t\t\t\t\t\t\t\t\t<\/span>\n\t\t\t\t\t\t\t\t\t\t\t\t\t\t\t\t\t<\/div>\n\t\t\t\t\t\t\t\t\t\t\t\t\t<\/div>\n\t\t\t\t\t<\/div>\n\t\t\t\t\t\t\t\t\t<div class=\"elementor-grid-item\">\n\t\t\t\t\t\t<div\n\t\t\t\t\t\t\tclass=\"elementor-share-btn elementor-share-btn_linkedin\"\n\t\t\t\t\t\t\trole=\"button\"\n\t\t\t\t\t\t\ttabindex=\"0\"\n\t\t\t\t\t\t\taria-label=\"Partager sur linkedin\"\n\t\t\t\t\t\t>\n\t\t\t\t\t\t\t\t\t\t\t\t\t\t\t<span class=\"elementor-share-btn__icon\">\n\t\t\t\t\t\t\t\t<i class=\"fab fa-linkedin\" aria-hidden=\"true\"><\/i>\t\t\t\t\t\t\t<\/span>\n\t\t\t\t\t\t\t\t\t\t\t\t\t\t\t\t\t\t\t\t\t\t<div class=\"elementor-share-btn__text\">\n\t\t\t\t\t\t\t\t\t\t\t\t\t\t\t\t\t\t\t<span class=\"elementor-share-btn__title\">\n\t\t\t\t\t\t\t\t\t\tLinkedIn\t\t\t\t\t\t\t\t\t<\/span>\n\t\t\t\t\t\t\t\t\t\t\t\t\t\t\t\t\t<\/div>\n\t\t\t\t\t\t\t\t\t\t\t\t\t<\/div>\n\t\t\t\t\t<\/div>\n\t\t\t\t\t\t<\/div>\n\t\t\t\t\t\t<\/div>\n\t\t\t\t<\/div>\n\t\t\t\t<\/div>\n\t\t\t\t\t<\/div>\n\t\t\t\t<\/div>\n\t\t\t\t<\/div>\n\t\t\t\t<\/div>\n\t\t","protected":false},"excerpt":{"rendered":"<p>Your Comprehensive Guide to Moving to the Dominican Republic contact Table of Contents Relocating to a new country can seem like an overwhelming task, especially when you&#8217;re considering a Caribbean paradise like the Dominican Republic. In this guide, we&#8217;ll provide you with all the necessary information and insightful tips to make your move as smooth&#8230;<\/p>","protected":false},"author":1,"featured_media":0,"parent":10679,"menu_order":0,"comment_status":"closed","ping_status":"closed","template":"elementor_header_footer","meta":{"_joinchat":[],"footnotes":""},"class_list":["post-5629","page","type-page","status-publish","hentry"],"_links":{"self":[{"href":"https:\/\/dominican-real-estate.com\/fr\/wp-json\/wp\/v2\/pages\/5629","targetHints":{"allow":["GET"]}}],"collection":[{"href":"https:\/\/dominican-real-estate.com\/fr\/wp-json\/wp\/v2\/pages"}],"about":[{"href":"https:\/\/dominican-real-estate.com\/fr\/wp-json\/wp\/v2\/types\/page"}],"author":[{"embeddable":true,"href":"https:\/\/dominican-real-estate.com\/fr\/wp-json\/wp\/v2\/users\/1"}],"replies":[{"embeddable":true,"href":"https:\/\/dominican-real-estate.com\/fr\/wp-json\/wp\/v2\/comments?post=5629"}],"version-history":[{"count":0,"href":"https:\/\/dominican-real-estate.com\/fr\/wp-json\/wp\/v2\/pages\/5629\/revisions"}],"up":[{"embeddable":true,"href":"https:\/\/dominican-real-estate.com\/fr\/wp-json\/wp\/v2\/pages\/10679"}],"wp:attachment":[{"href":"https:\/\/dominican-real-estate.com\/fr\/wp-json\/wp\/v2\/media?parent=5629"}],"curies":[{"name":"wp","href":"https:\/\/api.w.org\/{rel}","templated":true}]}}