{"id":5357,"date":"2023-05-10T17:50:10","date_gmt":"2023-05-10T16:50:10","guid":{"rendered":"https:\/\/expislandaffiliates.com\/?page_id=5357"},"modified":"2023-10-23T15:42:41","modified_gmt":"2023-10-23T19:42:41","slug":"dominican-republic-real-estate-market-insights","status":"publish","type":"page","link":"https:\/\/dominican-real-estate.com\/fr\/dominican-republic-real-estate-market-insights\/","title":{"rendered":"D\u00e9couvrez la splendeur du march\u00e9 immobilier de la R\u00e9publique dominicaine"},"content":{"rendered":"<style>.elementor-5357 .elementor-element.elementor-element-2e02128:not(.elementor-motion-effects-element-type-background), .elementor-5357 .elementor-element.elementor-element-2e02128 > .elementor-motion-effects-container > .elementor-motion-effects-layer{background-color:#F6F6F6;}.elementor-5357 .elementor-element.elementor-element-2e02128{transition:background 0.3s, border 0.3s, border-radius 0.3s, box-shadow 0.3s;padding:0px 0px 70px 0px;}.elementor-5357 .elementor-element.elementor-element-2e02128 > .elementor-background-overlay{transition:background 0.3s, border-radius 0.3s, opacity 0.3s;}.elementor-bc-flex-widget .elementor-5357 .elementor-element.elementor-element-c2dfbe.elementor-column .elementor-widget-wrap{align-items:center;}.elementor-5357 .elementor-element.elementor-element-c2dfbe.elementor-column.elementor-element[data-element_type=\"column\"] > .elementor-widget-wrap.elementor-element-populated{align-content:center;align-items:center;}.elementor-5357 .elementor-element.elementor-element-1785b25b{text-align:left;font-family:\"Varela Round\", Sans-serif;font-size:16px;font-weight:400;}.elementor-5357 .elementor-element.elementor-element-668efb5d .elementor-icon-list-icon{width:14px;}.elementor-5357 .elementor-element.elementor-element-668efb5d .elementor-icon-list-icon i{font-size:14px;}.elementor-5357 .elementor-element.elementor-element-668efb5d .elementor-icon-list-icon svg{--e-icon-list-icon-size:14px;}.elementor-5357 .elementor-element.elementor-element-5351b0e4 > .elementor-widget-container{margin:7px 0px 0px 0px;}.elementor-5357 .elementor-element.elementor-element-5351b0e4 .elementor-button{font-family:\"Open Sans\", Sans-serif;font-weight:400;line-height:18.28px;letter-spacing:0.15px;fill:#FFFFFF;color:#FFFFFF;border-radius:18px 18px 18px 18px;padding:18px 28px 18px 28px;}.elementor-5357 .elementor-element.elementor-element-4c04529e{--display:flex;--flex-direction:column;--container-widget-width:100%;--container-widget-height:initial;--container-widget-flex-grow:0;--container-widget-align-self:initial;--flex-wrap-mobile:wrap;}.elementor-5357 .elementor-element.elementor-element-544921af{--display:flex;--flex-direction:row;--container-widget-width:initial;--container-widget-height:100%;--container-widget-flex-grow:1;--container-widget-align-self:stretch;--flex-wrap-mobile:wrap;--gap:0px 0px;--row-gap:0px;--column-gap:0px;}.elementor-5357 .elementor-element.elementor-element-23432e24{--display:flex;--flex-direction:column;--container-widget-width:100%;--container-widget-height:initial;--container-widget-flex-grow:0;--container-widget-align-self:initial;--flex-wrap-mobile:wrap;}.elementor-5357 .elementor-element.elementor-element-3828e47 .elementor-toc__header-title{text-align:start;}.elementor-5357 .elementor-element.elementor-element-3828e47 .elementor-toc__header, .elementor-5357 .elementor-element.elementor-element-3828e47 .elementor-toc__header-title{font-family:\"Roboto\", Sans-serif;font-size:17px;font-weight:600;}.elementor-5357 .elementor-element.elementor-element-3828e47 .elementor-toc__header{flex-direction:row;}.elementor-5357 .elementor-element.elementor-element-3828e47 .elementor-toc__list-item{font-family:\"Roboto\", Sans-serif;font-size:13px;font-weight:400;}.elementor-5357 .elementor-element.elementor-element-3828e47{--item-text-hover-decoration:underline;}.elementor-5357 .elementor-element.elementor-element-4bf82419{--display:flex;--flex-direction:column;--container-widget-width:100%;--container-widget-height:initial;--container-widget-flex-grow:0;--container-widget-align-self:initial;--flex-wrap-mobile:wrap;}.elementor-5357 .elementor-element.elementor-element-1e2d7e4b{text-align:left;font-family:\"Varela Round\", Sans-serif;font-size:16px;font-weight:400;}.elementor-5357 .elementor-element.elementor-element-797086b1{--display:flex;--flex-direction:column;--container-widget-width:100%;--container-widget-height:initial;--container-widget-flex-grow:0;--container-widget-align-self:initial;--flex-wrap-mobile:wrap;}.elementor-5357 .elementor-element.elementor-element-297b9dfa{--grid-side-margin:10px;--grid-column-gap:10px;--grid-row-gap:10px;--grid-bottom-margin:10px;}@media(min-width:768px){.elementor-5357 .elementor-element.elementor-element-6d9f6aea{width:50%;}.elementor-5357 .elementor-element.elementor-element-c2dfbe{width:41.335%;}.elementor-5357 .elementor-element.elementor-element-5ac28422{width:7.997%;}.elementor-5357 .elementor-element.elementor-element-4c04529e{--width:100%;}.elementor-5357 .elementor-element.elementor-element-544921af{--content-width:1316px;}.elementor-5357 .elementor-element.elementor-element-23432e24{--width:25%;}.elementor-5357 .elementor-element.elementor-element-4bf82419{--width:50%;}.elementor-5357 .elementor-element.elementor-element-797086b1{--width:25%;}}@media(max-width:1024px) and (min-width:768px){.elementor-5357 .elementor-element.elementor-element-6d9f6aea{width:100%;}.elementor-5357 .elementor-element.elementor-element-c2dfbe{width:100%;}}@media(max-width:1024px){ .elementor-5357 .elementor-element.elementor-element-297b9dfa{--grid-side-margin:10px;--grid-column-gap:10px;--grid-row-gap:10px;--grid-bottom-margin:10px;}}@media(max-width:767px){ .elementor-5357 .elementor-element.elementor-element-297b9dfa{--grid-side-margin:10px;--grid-column-gap:10px;--grid-row-gap:10px;--grid-bottom-margin:10px;}}<\/style>\t\t<div data-elementor-type=\"wp-page\" data-elementor-id=\"5357\" class=\"elementor elementor-5357\" data-elementor-post-type=\"page\">\n\t\t\t\t\t\t<section class=\"elementor-section elementor-top-section elementor-element elementor-element-2e02128 elementor-section-stretched elementor-section-boxed elementor-section-height-default elementor-section-height-default\" data-id=\"2e02128\" data-element_type=\"section\" data-settings=\"{&quot;stretch_section&quot;:&quot;section-stretched&quot;,&quot;background_background&quot;:&quot;classic&quot;}\">\n\t\t\t\t\t\t<div class=\"elementor-container elementor-column-gap-default\">\n\t\t\t\t\t<div class=\"elementor-column elementor-col-33 elementor-top-column elementor-element elementor-element-6d9f6aea\" data-id=\"6d9f6aea\" data-element_type=\"column\">\n\t\t\t<div class=\"elementor-widget-wrap elementor-element-populated\">\n\t\t\t\t\t\t<div class=\"elementor-element elementor-element-242c5d22 elementor-widget elementor-widget-image\" data-id=\"242c5d22\" data-element_type=\"widget\" data-widget_type=\"image.default\">\n\t\t\t\t<div class=\"elementor-widget-container\">\n\t\t\t\t\t\t\t\t\t\t\t\t\t\t\t<img fetchpriority=\"high\" decoding=\"async\" width=\"828\" height=\"552\" src=\"https:\/\/dominican-real-estate.com\/wp-content\/uploads\/2023\/07\/vista-superior-elementos-comerciales-tabla-crecimiento-manos-dando-signo-bien-1.jpg\" class=\"attachment-large size-large wp-image-6884\" alt=\"\" srcset=\"https:\/\/dominican-real-estate.com\/wp-content\/uploads\/2023\/07\/vista-superior-elementos-comerciales-tabla-crecimiento-manos-dando-signo-bien-1.jpg 1000w, https:\/\/dominican-real-estate.com\/wp-content\/uploads\/2023\/07\/vista-superior-elementos-comerciales-tabla-crecimiento-manos-dando-signo-bien-1-600x400.jpg 600w, https:\/\/dominican-real-estate.com\/wp-content\/uploads\/2023\/07\/vista-superior-elementos-comerciales-tabla-crecimiento-manos-dando-signo-bien-1-300x200.jpg 300w, https:\/\/dominican-real-estate.com\/wp-content\/uploads\/2023\/07\/vista-superior-elementos-comerciales-tabla-crecimiento-manos-dando-signo-bien-1-768x512.jpg 768w, https:\/\/dominican-real-estate.com\/wp-content\/uploads\/2023\/07\/vista-superior-elementos-comerciales-tabla-crecimiento-manos-dando-signo-bien-1-150x100.jpg 150w, https:\/\/dominican-real-estate.com\/wp-content\/uploads\/2023\/07\/vista-superior-elementos-comerciales-tabla-crecimiento-manos-dando-signo-bien-1-488x326.jpg 488w\" sizes=\"(max-width: 828px) 100vw, 828px\" \/>\t\t\t\t\t\t\t\t\t\t\t\t\t\t\t<\/div>\n\t\t\t\t<\/div>\n\t\t\t\t\t<\/div>\n\t\t<\/div>\n\t\t\t\t<div class=\"elementor-column elementor-col-33 elementor-top-column elementor-element elementor-element-c2dfbe\" data-id=\"c2dfbe\" data-element_type=\"column\">\n\t\t\t<div class=\"elementor-widget-wrap elementor-element-populated\">\n\t\t\t\t\t\t<div class=\"elementor-element elementor-element-1785b25b elementor-widget elementor-widget-text-editor\" data-id=\"1785b25b\" data-element_type=\"widget\" data-widget_type=\"text-editor.default\">\n\t\t\t\t<div class=\"elementor-widget-container\">\n\t\t\t\t\t\t\t\t\t<h1><span class=\"notion-enable-hover\" data-token-index=\"0\">Discover the Splendor of the Dominican Republic Real Estate Market<\/span><\/h1>\t\t\t\t\t\t\t\t<\/div>\n\t\t\t\t<\/div>\n\t\t\t\t<div class=\"elementor-element elementor-element-668efb5d elementor-widget elementor-widget-post-info\" data-id=\"668efb5d\" data-element_type=\"widget\" data-widget_type=\"post-info.default\">\n\t\t\t\t<div class=\"elementor-widget-container\">\n\t\t\t\t\t\t\t<ul class=\"elementor-inline-items elementor-icon-list-items elementor-post-info\">\n\t\t\t\t\t\t\t\t<li class=\"elementor-icon-list-item elementor-repeater-item-6bc8a14 elementor-inline-item\" itemprop=\"author\">\n\t\t\t\t\t\t<a href=\"https:\/\/dominican-real-estate.com\/fr\/author\/mingonautgmail-com\/\">\n\t\t\t\t\t\t\t\t\t\t\t<span class=\"elementor-icon-list-icon\">\n\t\t\t\t\t\t\t\t<i aria-hidden=\"true\" class=\"far fa-user-circle\"><\/i>\t\t\t\t\t\t\t<\/span>\n\t\t\t\t\t\t\t\t\t<span class=\"elementor-icon-list-text elementor-post-info__item elementor-post-info__item--type-author\">\n\t\t\t\t\t\t\t\t\t\tSimon Markus\t\t\t\t\t<\/span>\n\t\t\t\t\t\t\t\t\t<\/a>\n\t\t\t\t<\/li>\n\t\t\t\t<li class=\"elementor-icon-list-item elementor-repeater-item-ea5fa62 elementor-inline-item\" itemprop=\"datePublished\">\n\t\t\t\t\t\t<a href=\"https:\/\/dominican-real-estate.com\/fr\/2023\/05\/10\/\">\n\t\t\t\t\t\t\t\t\t\t\t<span class=\"elementor-icon-list-icon\">\n\t\t\t\t\t\t\t\t<i aria-hidden=\"true\" class=\"fas fa-calendar\"><\/i>\t\t\t\t\t\t\t<\/span>\n\t\t\t\t\t\t\t\t\t<span class=\"elementor-icon-list-text elementor-post-info__item elementor-post-info__item--type-date\">\n\t\t\t\t\t\t\t\t\t\t<time>mai 10, 2023<\/time>\t\t\t\t\t<\/span>\n\t\t\t\t\t\t\t\t\t<\/a>\n\t\t\t\t<\/li>\n\t\t\t\t<li class=\"elementor-icon-list-item elementor-repeater-item-16fb072 elementor-inline-item\">\n\t\t\t\t\t\t\t\t\t\t<span class=\"elementor-icon-list-icon\">\n\t\t\t\t\t\t\t\t<i aria-hidden=\"true\" class=\"far fa-clock\"><\/i>\t\t\t\t\t\t\t<\/span>\n\t\t\t\t\t\t\t\t\t<span class=\"elementor-icon-list-text elementor-post-info__item elementor-post-info__item--type-time\">\n\t\t\t\t\t\t\t\t\t\t<time>5:50 pm<\/time>\t\t\t\t\t<\/span>\n\t\t\t\t\t\t\t\t<\/li>\n\t\t\t\t<\/ul>\n\t\t\t\t\t\t<\/div>\n\t\t\t\t<\/div>\n\t\t\t\t<div class=\"elementor-element elementor-element-5351b0e4 elementor-align-left elementor-widget elementor-widget-button\" data-id=\"5351b0e4\" data-element_type=\"widget\" data-widget_type=\"button.default\">\n\t\t\t\t<div class=\"elementor-widget-container\">\n\t\t\t\t\t\t\t\t\t<div class=\"elementor-button-wrapper\">\n\t\t\t\t\t<a class=\"elementor-button elementor-button-link elementor-size-sm\" href=\"https:\/\/dominican-real-estate.com\/contact-us-8-2023\/\">\n\t\t\t\t\t\t<span class=\"elementor-button-content-wrapper\">\n\t\t\t\t\t\t\t\t\t<span class=\"elementor-button-text\">contact<\/span>\n\t\t\t\t\t<\/span>\n\t\t\t\t\t<\/a>\n\t\t\t\t<\/div>\n\t\t\t\t\t\t\t\t<\/div>\n\t\t\t\t<\/div>\n\t\t\t\t\t<\/div>\n\t\t<\/div>\n\t\t\t\t<div class=\"elementor-column elementor-col-33 elementor-top-column elementor-element elementor-element-5ac28422 elementor-hidden-tablet elementor-hidden-mobile\" data-id=\"5ac28422\" data-element_type=\"column\">\n\t\t\t<div class=\"elementor-widget-wrap\">\n\t\t\t\t\t\t\t<\/div>\n\t\t<\/div>\n\t\t\t\t\t<\/div>\n\t\t<\/section>\n\t\t<div class=\"elementor-element elementor-element-4c04529e e-con-full e-flex e-con e-parent\" data-id=\"4c04529e\" data-element_type=\"container\">\n\t\t<div class=\"elementor-element elementor-element-544921af e-flex e-con-boxed e-con e-child\" data-id=\"544921af\" data-element_type=\"container\">\n\t\t\t\t\t<div class=\"e-con-inner\">\n\t\t<div class=\"elementor-element elementor-element-23432e24 e-con-full e-flex e-con e-child\" data-id=\"23432e24\" data-element_type=\"container\" data-settings=\"{&quot;sticky&quot;:&quot;top&quot;,&quot;sticky_on&quot;:[&quot;desktop&quot;,&quot;tablet&quot;],&quot;sticky_parent&quot;:&quot;yes&quot;,&quot;sticky_offset&quot;:78,&quot;sticky_effects_offset&quot;:0,&quot;sticky_anchor_link_offset&quot;:0}\">\n\t\t\t\t<div class=\"elementor-element elementor-element-3828e47 elementor-toc--minimized-on-tablet elementor-widget elementor-widget-table-of-contents\" data-id=\"3828e47\" data-element_type=\"widget\" data-settings=\"{&quot;exclude_headings_by_selector&quot;:[],&quot;headings_by_tags&quot;:[&quot;h2&quot;],&quot;marker_view&quot;:&quot;numbers&quot;,&quot;no_headings_message&quot;:&quot;Aucun titre n\\u2019a \\u00e9t\\u00e9 trouv\\u00e9 sur cette page.&quot;,&quot;minimize_box&quot;:&quot;yes&quot;,&quot;minimized_on&quot;:&quot;tablet&quot;,&quot;hierarchical_view&quot;:&quot;yes&quot;,&quot;min_height&quot;:{&quot;unit&quot;:&quot;px&quot;,&quot;size&quot;:&quot;&quot;,&quot;sizes&quot;:[]},&quot;min_height_tablet&quot;:{&quot;unit&quot;:&quot;px&quot;,&quot;size&quot;:&quot;&quot;,&quot;sizes&quot;:[]},&quot;min_height_mobile&quot;:{&quot;unit&quot;:&quot;px&quot;,&quot;size&quot;:&quot;&quot;,&quot;sizes&quot;:[]}}\" data-widget_type=\"table-of-contents.default\">\n\t\t\t\t<div class=\"elementor-widget-container\">\n\t\t\t\t\t\t\t<div class=\"elementor-toc__header\">\n\t\t\t<h4 class=\"elementor-toc__header-title\">\n\t\t\t\tTable of Contents\t\t\t<\/h4>\n\t\t\t\t\t\t\t<div class=\"elementor-toc__toggle-button elementor-toc__toggle-button--expand\" role=\"button\" tabindex=\"0\" aria-controls=\"elementor-toc__3828e47\" aria-expanded=\"true\" aria-label=\"Ouvrir la table des mati\u00e8res\"><i aria-hidden=\"true\" class=\"fas fa-chevron-down\"><\/i><\/div>\n\t\t\t\t<div class=\"elementor-toc__toggle-button elementor-toc__toggle-button--collapse\" role=\"button\" tabindex=\"0\" aria-controls=\"elementor-toc__3828e47\" aria-expanded=\"true\" aria-label=\"Fermer la table des mati\u00e8res\"><i aria-hidden=\"true\" class=\"fas fa-chevron-up\"><\/i><\/div>\n\t\t\t\t\t<\/div>\n\t\t<div id=\"elementor-toc__3828e47\" class=\"elementor-toc__body\">\n\t\t\t<div class=\"elementor-toc__spinner-container\">\n\t\t\t\t<i class=\"elementor-toc__spinner eicon-animation-spin eicon-loading\" aria-hidden=\"true\"><\/i>\t\t\t<\/div>\n\t\t<\/div>\n\t\t\t\t\t\t<\/div>\n\t\t\t\t<\/div>\n\t\t\t\t<\/div>\n\t\t<div class=\"elementor-element elementor-element-4bf82419 e-con-full e-flex e-con e-child\" data-id=\"4bf82419\" data-element_type=\"container\">\n\t\t\t\t<div class=\"elementor-element elementor-element-1e2d7e4b elementor-widget elementor-widget-text-editor\" data-id=\"1e2d7e4b\" data-element_type=\"widget\" data-widget_type=\"text-editor.default\">\n\t\t\t\t<div class=\"elementor-widget-container\">\n\t\t\t\t\t\t\t\t\t<p>The Dominican Republic, a Caribbean jewel, holds a plethora of investment opportunities in its vibrant real estate sector. Our comprehensive exploration of this fascinating market is designed to offer an enriching perspective, shedding light on investment opportunities, trending locations, and the market dynamics of the Dominican Republic&#8217;s real estate landscape.<\/p><h2><strong>Unveiling the Charm of Dominican Republic Real Estate<\/strong><\/h2><p>In the heart of the Caribbean lies the Dominican Republic, a country where crystal-clear waters meet pristine beaches and lush tropical forests. Its real estate market, equally diverse, offers a variety of options for investors, vacation homeowners, and expatriates alike.<\/p><h3><strong>Residential Properties: A Portfolio of Versatility<\/strong><\/h3><p>From luxurious beachfront villines to charming countryside houses, the residential real estate market in the Dominican Republic is as varied as its landscapes. Whether you&#8217;re seeking a cosmopolitan apartment in the bustling city of Santo Domingo, a tranquil beach house in Punta Cana, or a colonial mansion in the historic zone of Puerto Plata, the Dominican Republic has it all.<\/p><h3><strong>Commercial and Industrial Opportunities: Unleashing Potential<\/strong><\/h3><p>The Dominican Republic&#8217;s real estate market is not limited to residential properties. A thriving tourism industry, a growing economy, and strategic geographical location make it an attractive destination for commercial and industrial investment. Retail spaces, office buildings, warehouses, and industrial parks \u2014 the potential for growth and profitability is vast.<\/p><h2><strong>A Flourishing Investment Landscape<\/strong><\/h2><p>The Dominican Republic real estate market is characterized by its growth potential and high return on investment. Thanks to a robust tourism sector, stable economy, and government incentives, investing in Dominican real estate is an appealing proposition for both local and international investors.<\/p><h3><strong>Favorable Legal Framework<\/strong><\/h3><p>The Dominican Republic has a welcoming legal framework for foreign investors. With no restrictions on foreign property ownership and laws that ensure the protection of investors&#8217; rights, the real estate market is accessible and secure.<\/p><h3><strong>High Rental Yields<\/strong><\/h3><p>Investors can expect high rental yields, particularly in tourist hotspots such as Punta Cana and Puerto Plata. With a thriving tourism industry and an increasing number of digital nomads and expatriates, the demand for short-term and long-term rentals is on the rise.<\/p><h2><strong>Key Locations: Where to Invest?<\/strong><\/h2><p>Whether it&#8217;s the city, the beach, or the countryside, the Dominican Republic offers a multitude of exciting investment destinations.<\/p><h3><strong>Santo Domingo: The Heart of Urban Living<\/strong><\/h3><p>Santo Domingo, the capital city, offers a diverse real estate market. From modern high-rise apartments to traditional colonial houses, investors can find a variety of investment options to suit their portfolio.<\/p><h3><strong>Punta Cana: Paradise for Beachfront Properties<\/strong><\/h3><p>Punta Cana is renowned for its breathtaking beaches, making it a prime location for vacation homes and resort-style condominiums. The high demand for short-term vacation rentals offers lucrative opportunities for investors.<\/p><h3><strong>Puerto Plata: A Blend of History and Modernity<\/strong><\/h3><p>Puerto Plata offers a unique blend of historical architecture and modern properties. Its thriving tourism sector makes it an attractive destination for investment in hospitality and retail properties.<\/p><h2><strong>Wrapping it Up: The Dominican Republic Real Estate Market<\/strong><\/h2><p>The Dominican Republic real estate market offers a world of opportunities. Its diverse portfolio, favorable legal framework, high rental yields, and attractive locations make it a promising destination for real estate investment. Embrace the opportunity to explore this vibrant market and discover the potential it holds.<\/p>\t\t\t\t\t\t\t\t<\/div>\n\t\t\t\t<\/div>\n\t\t\t\t<\/div>\n\t\t<div class=\"elementor-element elementor-element-797086b1 e-con-full e-flex e-con e-child\" data-id=\"797086b1\" data-element_type=\"container\" data-settings=\"{&quot;sticky&quot;:&quot;top&quot;,&quot;sticky_on&quot;:[&quot;desktop&quot;,&quot;tablet&quot;],&quot;sticky_parent&quot;:&quot;yes&quot;,&quot;sticky_offset&quot;:78,&quot;sticky_effects_offset&quot;:0,&quot;sticky_anchor_link_offset&quot;:0}\">\n\t\t\t\t<div class=\"elementor-element elementor-element-297b9dfa elementor-share-buttons--view-icon-text elementor-share-buttons--skin-gradient elementor-share-buttons--shape-square elementor-grid-0 elementor-share-buttons--color-official elementor-widget elementor-widget-share-buttons\" data-id=\"297b9dfa\" data-element_type=\"widget\" data-widget_type=\"share-buttons.default\">\n\t\t\t\t<div class=\"elementor-widget-container\">\n\t\t\t\t\t\t\t<div class=\"elementor-grid\">\n\t\t\t\t\t\t\t\t<div class=\"elementor-grid-item\">\n\t\t\t\t\t\t<div\n\t\t\t\t\t\t\tclass=\"elementor-share-btn elementor-share-btn_facebook\"\n\t\t\t\t\t\t\trole=\"button\"\n\t\t\t\t\t\t\ttabindex=\"0\"\n\t\t\t\t\t\t\taria-label=\"Partager sur facebook\"\n\t\t\t\t\t\t>\n\t\t\t\t\t\t\t\t\t\t\t\t\t\t\t<span class=\"elementor-share-btn__icon\">\n\t\t\t\t\t\t\t\t<i class=\"fab fa-facebook\" aria-hidden=\"true\"><\/i>\t\t\t\t\t\t\t<\/span>\n\t\t\t\t\t\t\t\t\t\t\t\t\t\t\t\t\t\t\t\t\t\t<div class=\"elementor-share-btn__text\">\n\t\t\t\t\t\t\t\t\t\t\t\t\t\t\t\t\t\t\t<span class=\"elementor-share-btn__title\">\n\t\t\t\t\t\t\t\t\t\tFacebook\t\t\t\t\t\t\t\t\t<\/span>\n\t\t\t\t\t\t\t\t\t\t\t\t\t\t\t\t\t<\/div>\n\t\t\t\t\t\t\t\t\t\t\t\t\t<\/div>\n\t\t\t\t\t<\/div>\n\t\t\t\t\t\t\t\t\t<div class=\"elementor-grid-item\">\n\t\t\t\t\t\t<div\n\t\t\t\t\t\t\tclass=\"elementor-share-btn elementor-share-btn_twitter\"\n\t\t\t\t\t\t\trole=\"button\"\n\t\t\t\t\t\t\ttabindex=\"0\"\n\t\t\t\t\t\t\taria-label=\"Partager sur twitter\"\n\t\t\t\t\t\t>\n\t\t\t\t\t\t\t\t\t\t\t\t\t\t\t<span class=\"elementor-share-btn__icon\">\n\t\t\t\t\t\t\t\t<i class=\"fab fa-twitter\" aria-hidden=\"true\"><\/i>\t\t\t\t\t\t\t<\/span>\n\t\t\t\t\t\t\t\t\t\t\t\t\t\t\t\t\t\t\t\t\t\t<div class=\"elementor-share-btn__text\">\n\t\t\t\t\t\t\t\t\t\t\t\t\t\t\t\t\t\t\t<span class=\"elementor-share-btn__title\">\n\t\t\t\t\t\t\t\t\t\tTwitter\t\t\t\t\t\t\t\t\t<\/span>\n\t\t\t\t\t\t\t\t\t\t\t\t\t\t\t\t\t<\/div>\n\t\t\t\t\t\t\t\t\t\t\t\t\t<\/div>\n\t\t\t\t\t<\/div>\n\t\t\t\t\t\t\t\t\t<div class=\"elementor-grid-item\">\n\t\t\t\t\t\t<div\n\t\t\t\t\t\t\tclass=\"elementor-share-btn elementor-share-btn_linkedin\"\n\t\t\t\t\t\t\trole=\"button\"\n\t\t\t\t\t\t\ttabindex=\"0\"\n\t\t\t\t\t\t\taria-label=\"Partager sur linkedin\"\n\t\t\t\t\t\t>\n\t\t\t\t\t\t\t\t\t\t\t\t\t\t\t<span class=\"elementor-share-btn__icon\">\n\t\t\t\t\t\t\t\t<i class=\"fab fa-linkedin\" aria-hidden=\"true\"><\/i>\t\t\t\t\t\t\t<\/span>\n\t\t\t\t\t\t\t\t\t\t\t\t\t\t\t\t\t\t\t\t\t\t<div class=\"elementor-share-btn__text\">\n\t\t\t\t\t\t\t\t\t\t\t\t\t\t\t\t\t\t\t<span class=\"elementor-share-btn__title\">\n\t\t\t\t\t\t\t\t\t\tLinkedIn\t\t\t\t\t\t\t\t\t<\/span>\n\t\t\t\t\t\t\t\t\t\t\t\t\t\t\t\t\t<\/div>\n\t\t\t\t\t\t\t\t\t\t\t\t\t<\/div>\n\t\t\t\t\t<\/div>\n\t\t\t\t\t\t<\/div>\n\t\t\t\t\t\t<\/div>\n\t\t\t\t<\/div>\n\t\t\t\t<\/div>\n\t\t\t\t\t<\/div>\n\t\t\t\t<\/div>\n\t\t\t\t<\/div>\n\t\t\t\t<\/div>\n\t\t","protected":false},"excerpt":{"rendered":"<p>Discover the Splendor of the Dominican Republic Real Estate Market contact Table of Contents The Dominican Republic, a Caribbean jewel, holds a plethora of investment opportunities in its vibrant real estate sector. Our comprehensive exploration of this fascinating market is designed to offer an enriching perspective, shedding light on investment opportunities, trending locations, and the&#8230;<\/p>","protected":false},"author":1,"featured_media":0,"parent":0,"menu_order":0,"comment_status":"closed","ping_status":"closed","template":"elementor_header_footer","meta":{"_joinchat":[],"footnotes":""},"class_list":["post-5357","page","type-page","status-publish","hentry"],"_links":{"self":[{"href":"https:\/\/dominican-real-estate.com\/fr\/wp-json\/wp\/v2\/pages\/5357","targetHints":{"allow":["GET"]}}],"collection":[{"href":"https:\/\/dominican-real-estate.com\/fr\/wp-json\/wp\/v2\/pages"}],"about":[{"href":"https:\/\/dominican-real-estate.com\/fr\/wp-json\/wp\/v2\/types\/page"}],"author":[{"embeddable":true,"href":"https:\/\/dominican-real-estate.com\/fr\/wp-json\/wp\/v2\/users\/1"}],"replies":[{"embeddable":true,"href":"https:\/\/dominican-real-estate.com\/fr\/wp-json\/wp\/v2\/comments?post=5357"}],"version-history":[{"count":0,"href":"https:\/\/dominican-real-estate.com\/fr\/wp-json\/wp\/v2\/pages\/5357\/revisions"}],"wp:attachment":[{"href":"https:\/\/dominican-real-estate.com\/fr\/wp-json\/wp\/v2\/media?parent=5357"}],"curies":[{"name":"wp","href":"https:\/\/api.w.org\/{rel}","templated":true}]}}