{"id":12362,"date":"2023-09-01T12:46:21","date_gmt":"2023-09-01T16:46:21","guid":{"rendered":"https:\/\/dominican-real-estate.com\/?page_id=12362"},"modified":"2023-10-16T16:17:59","modified_gmt":"2023-10-16T20:17:59","slug":"thanks-property-interest","status":"publish","type":"page","link":"https:\/\/dominican-real-estate.com\/fr\/thanks-property-interest\/","title":{"rendered":"F DR LP-Property Interest"},"content":{"rendered":"<div data-elementor-type=\"wp-page\" data-elementor-id=\"12362\" class=\"elementor elementor-12362\" data-elementor-post-type=\"page\">\n\t\t\t\t<div class=\"elementor-element elementor-element-4f2295c6   e-flex e-con-boxed e-con e-parent\" data-id=\"4f2295c6\" data-element_type=\"container\">\n\t\t\t\t\t<div class=\"e-con-inner\">\n\t\t<div class=\"elementor-element elementor-element-73ec1cab e-con-full   e-flex e-con e-child\" data-id=\"73ec1cab\" data-element_type=\"container\">\n\t\t\t\t<div class=\"elementor-element elementor-element-2d3a27e7 elementor-widget__width-inherit elementor-widget-mobile__width-inherit   elementor-widget elementor-widget-text-editor\" data-id=\"2d3a27e7\" data-element_type=\"widget\" data-widget_type=\"text-editor.default\">\n\t\t\t\t<div class=\"elementor-widget-container\">\n\t\t\t\t\t\t\t\t\t<p><strong>LP - Int\u00e9r\u00eat pour la propri\u00e9t\u00e9<\/strong><\/p>\t\t\t\t\t\t\t\t<\/div>\n\t\t\t\t<\/div>\n\t\t\t\t<div class=\"elementor-element elementor-element-63c8e8e4 elementor-widget__width-inherit elementor-widget-mobile__width-inherit   elementor-widget elementor-widget-heading\" data-id=\"63c8e8e4\" data-element_type=\"widget\" data-widget_type=\"heading.default\">\n\t\t\t\t<div class=\"elementor-widget-container\">\n\t\t\t\t\t<h1 class=\"elementor-heading-title elementor-size-default\">Merci de votre int\u00e9r\u00eat ! Nous avons re\u00e7u votre message<\/h1>\t\t\t\t<\/div>\n\t\t\t\t<\/div>\n\t\t\t\t<div class=\"elementor-element elementor-element-6cf87ab6 elementor-widget__width-inherit elementor-widget-mobile__width-inherit   elementor-widget elementor-widget-text-editor\" data-id=\"6cf87ab6\" data-element_type=\"widget\" data-widget_type=\"text-editor.default\">\n\t\t\t\t<div class=\"elementor-widget-container\">\n\t\t\t\t\t\t\t\t\t<p><strong>Nous vous enverrons prochainement un courriel contenant des informations suppl\u00e9mentaires sur ce d\u00e9veloppement.<\/strong><br \/><br \/><strong>Vous ne voyez pas l'e-mail ? V\u00e9rifiez votre dossier de courrier ind\u00e9sirable et, s'il s'y trouve, assurez-vous de le d\u00e9placer dans votre bo\u00eete de r\u00e9ception.<\/strong><\/p>\t\t\t\t\t\t\t\t<\/div>\n\t\t\t\t<\/div>\n\t\t\t\t<\/div>\n\t\t\t\t<div class=\"elementor-element elementor-element-58ceaabc elementor-widget__width-initial elementor-widget-mobile__width-inherit   elementor-widget elementor-widget-image\" data-id=\"58ceaabc\" data-element_type=\"widget\" data-widget_type=\"image.default\">\n\t\t\t\t<div class=\"elementor-widget-container\">\n\t\t\t\t\t\t\t\t\t\t\t\t\t\t\t<img fetchpriority=\"high\" decoding=\"async\" width=\"379\" height=\"364\" src=\"https:\/\/dominican-real-estate.com\/wp-content\/uploads\/2023\/09\/beaches-dominican-northcoast.png\" class=\"attachment-full size-full wp-image-13167\" alt=\"\" srcset=\"https:\/\/dominican-real-estate.com\/wp-content\/uploads\/2023\/09\/beaches-dominican-northcoast.png 379w, https:\/\/dominican-real-estate.com\/wp-content\/uploads\/2023\/09\/beaches-dominican-northcoast-300x288.png 300w, https:\/\/dominican-real-estate.com\/wp-content\/uploads\/2023\/09\/beaches-dominican-northcoast-12x12.png 12w, https:\/\/dominican-real-estate.com\/wp-content\/uploads\/2023\/09\/beaches-dominican-northcoast-150x144.png 150w\" sizes=\"(max-width: 379px) 100vw, 379px\" \/>\t\t\t\t\t\t\t\t\t\t\t\t\t\t\t<\/div>\n\t\t\t\t<\/div>\n\t\t\t\t\t<\/div>\n\t\t\t\t<\/div>\n\t\t<div class=\"elementor-element elementor-element-1265e29a   e-flex e-con-boxed e-con e-parent\" data-id=\"1265e29a\" data-element_type=\"container\">\n\t\t\t\t\t<div class=\"e-con-inner\">\n\t\t<div class=\"elementor-element elementor-element-36fb2032 e-con-full   e-flex e-con e-child\" data-id=\"36fb2032\" data-element_type=\"container\">\n\t\t\t\t<div class=\"elementor-element elementor-element-5f84a1f6 elementor-widget__width-inherit elementor-widget-mobile__width-inherit   elementor-widget elementor-widget-heading\" data-id=\"5f84a1f6\" data-element_type=\"widget\" data-widget_type=\"heading.default\">\n\t\t\t\t<div class=\"elementor-widget-container\">\n\t\t\t\t\t<h2 class=\"elementor-heading-title elementor-size-default\">Voici les prochaines \u00e9tapes<\/h2>\t\t\t\t<\/div>\n\t\t\t\t<\/div>\n\t\t<div class=\"elementor-element elementor-element-322cf801 e-con-full   e-flex e-con e-child\" data-id=\"322cf801\" data-element_type=\"container\">\n\t\t\t\t<div class=\"elementor-element elementor-element-c4446cf elementor-widget__width-initial elementor-widget elementor-widget-text-editor\" data-id=\"c4446cf\" data-element_type=\"widget\" data-widget_type=\"text-editor.default\">\n\t\t\t\t<div class=\"elementor-widget-container\">\n\t\t\t\t\t\t\t\t\t<div class=\"thrv_wrapper thrv_text_element dynamic-group-kbmd4nnm\" data-css=\"tve-u-17827cab8d9\"><h3 data-css=\"tve-u-17827cab8da\">1<\/h3><h3 class=\"\" data-css=\"tve-u-17827cab8da\">En savoir plus sur l'achat d'une propri\u00e9t\u00e9 et la vie en RD<\/h3><\/div><div class=\"thrv_wrapper thrv_text_element dynamic-group-kbmd4ypn\" data-css=\"tve-u-17827cab8db\"><p class=\"tcb-global-text-\" data-css=\"tve-u-17827cab8dc\">Guides, articles, conseils et plus encore.\u00a0<a class=\"tve-froala fr-basic\" href=\"https:\/\/dreamingdr.com\/blog\/\" data-css=\"tve-u-178422c3f78\" target=\"_blank\" rel=\"noopener\">Visitez notre page de ressources.<\/a><\/p><\/div>\t\t\t\t\t\t\t\t<\/div>\n\t\t\t\t<\/div>\n\t\t\t\t<div class=\"elementor-element elementor-element-6dacbc9 elementor-widget__width-initial elementor-widget elementor-widget-text-editor\" data-id=\"6dacbc9\" data-element_type=\"widget\" data-widget_type=\"text-editor.default\">\n\t\t\t\t<div class=\"elementor-widget-container\">\n\t\t\t\t\t\t\t\t\t<div class=\"thrv_wrapper thrv_text_element dynamic-group-kbmd4nnm\" data-css=\"tve-u-17827cab8e3\"><h3 data-css=\"tve-u-17827cab8e4\">2<\/h3><h3 class=\"\" data-css=\"tve-u-17827cab8e4\">Recevez r\u00e9guli\u00e8rement des informations sur l'immobilier en RD<\/h3><\/div><div class=\"thrv_wrapper thrv_text_element dynamic-group-kbmd4ypn\" data-css=\"tve-u-17827cab8e5\"><p class=\"tcb-global-text-\" data-css=\"tve-u-17827cab8e6\">Informations privil\u00e9gi\u00e9es sur les propri\u00e9t\u00e9s, le mode de vie et les mesures d'incitation pour les acheteurs \u00e9trangers, \u00a0\u00a0<a class=\"tve-froala fr-basic\" href=\"https:\/\/dreamingdr.com\/contact-us\/\" data-css=\"tve-u-178422d1ad9\" target=\"_blank\" rel=\"noopener\">S'inscrire ici.<\/a><\/p><\/div>\t\t\t\t\t\t\t\t<\/div>\n\t\t\t\t<\/div>\n\t\t\t\t<div class=\"elementor-element elementor-element-11c8a0b elementor-widget__width-initial elementor-widget elementor-widget-text-editor\" data-id=\"11c8a0b\" data-element_type=\"widget\" data-widget_type=\"text-editor.default\">\n\t\t\t\t<div class=\"elementor-widget-container\">\n\t\t\t\t\t\t\t\t\t<div class=\"thrv_wrapper thrv_text_element dynamic-group-kbmd4nnm\" data-css=\"tve-u-17827cab8ed\"><h3 data-css=\"tve-u-17827cab8ee\">3<\/h3><h3 class=\"\" data-css=\"tve-u-17827cab8ee\">Prenez contact avec nous<\/h3><\/div><div class=\"thrv_wrapper thrv_text_element dynamic-group-kbmd4ypn\" data-css=\"tve-u-17827cab8ef\"><p class=\"tcb-global-text-\" data-css=\"tve-u-17827cab8f0\">L'\u00e9quipe de Dreaming DR est l\u00e0 pour vous aider \u00e0 trouver la maison de vos r\u00eaves. Appelez-nous \u00e0 tout moment au\u00a0<strong>1-833-378-4552.<\/strong><\/p><\/div>\t\t\t\t\t\t\t\t<\/div>\n\t\t\t\t<\/div>\n\t\t\t\t<\/div>\n\t\t\t\t<\/div>\n\t\t\t\t\t<\/div>\n\t\t\t\t<\/div>\n\t\t\t\t<\/div>","protected":false},"excerpt":{"rendered":"<p>LP-Property Interest Thanks for your interest! We&#8217;ve received your message We&#8217;ll send you an email shortly with extra information about this development. Don&#8217;t see the email? Check your spam folder and if it&#8217;s there, be sure to move it to your inbox. Here are your next steps 1 Learn more about buying property &amp; living&#8230;<\/p>","protected":false},"author":2,"featured_media":0,"parent":0,"menu_order":0,"comment_status":"closed","ping_status":"closed","template":"elementor_header_footer","meta":{"_joinchat":[],"footnotes":""},"class_list":["post-12362","page","type-page","status-publish","hentry"],"_links":{"self":[{"href":"https:\/\/dominican-real-estate.com\/fr\/wp-json\/wp\/v2\/pages\/12362","targetHints":{"allow":["GET"]}}],"collection":[{"href":"https:\/\/dominican-real-estate.com\/fr\/wp-json\/wp\/v2\/pages"}],"about":[{"href":"https:\/\/dominican-real-estate.com\/fr\/wp-json\/wp\/v2\/types\/page"}],"author":[{"embeddable":true,"href":"https:\/\/dominican-real-estate.com\/fr\/wp-json\/wp\/v2\/users\/2"}],"replies":[{"embeddable":true,"href":"https:\/\/dominican-real-estate.com\/fr\/wp-json\/wp\/v2\/comments?post=12362"}],"version-history":[{"count":0,"href":"https:\/\/dominican-real-estate.com\/fr\/wp-json\/wp\/v2\/pages\/12362\/revisions"}],"wp:attachment":[{"href":"https:\/\/dominican-real-estate.com\/fr\/wp-json\/wp\/v2\/media?parent=12362"}],"curies":[{"name":"wp","href":"https:\/\/api.w.org\/{rel}","templated":true}]}}