{"id":10625,"date":"2023-08-13T17:04:46","date_gmt":"2023-08-13T16:04:46","guid":{"rendered":"https:\/\/dominican-real-estate.com\/?page_id=10625"},"modified":"2023-10-17T15:35:21","modified_gmt":"2023-10-17T19:35:21","slug":"terms-and-conditions","status":"publish","type":"page","link":"https:\/\/dominican-real-estate.com\/fr\/terms-and-conditions\/","title":{"rendered":"conditions g\u00e9n\u00e9rales"},"content":{"rendered":"<h1 class=\"wp-block-heading\">CONDITIONS G\u00c9N\u00c9RALES DE LOCATION D'UN CONDO<\/h1>\n\n\n\n<p>Tous nos appartements sont des propri\u00e9t\u00e9s priv\u00e9es situ\u00e9es dans des quartiers r\u00e9sidentiels de qualit\u00e9. Les clients qui choisissent de louer l'un de nos condominiums s'embarquent pour des vacances en condominium autonome et doivent comprendre qu'ils ne s\u00e9journeront pas dans un environnement de type h\u00f4telier. Dans la plupart des cas, les appartements voisins sont occup\u00e9s par des r\u00e9sidents \u00e0 temps plein et nous vous demandons de respecter leur intimit\u00e9. Veuillez nous aider \u00e0 maintenir cet environnement paisible en respectant les r\u00e8gles de convivialit\u00e9 suivantes : - \u00c9viter les bruits excessifs, surtout la nuit - \u00c9viter d'inviter des personnes dont l'attitude est contraire aux normes de comportement accept\u00e9es. L'usage de drogues et la prostitution sont strictement interdits. - Si vous avez une voiture, veuillez utiliser uniquement les places de parking attribu\u00e9es \u00e0 votre immeuble. - Les animaux domestiques ne sont pas admis dans les locaux de la r\u00e9sidence. - Afin de respecter les coutumes locales, il est recommand\u00e9 de ne pas se montrer torse nu sur la plage ou \u00e0 la piscine. <strong>S\u00e9curit\u00e9<\/strong> Lors de l'enregistrement, vous recevrez votre carte de s\u00e9curit\u00e9 de locataire. Vous devez l'avoir toujours sur vous et la rendre au moment du d\u00e9part. Les cartes de s\u00e9curit\u00e9 et les cl\u00e9s perdues sont factur\u00e9es 20 USD. Le personnel de s\u00e9curit\u00e9 peut \u00e0 tout moment demander \u00e0 toute personne de pr\u00e9senter sa carte de s\u00e9curit\u00e9, que ce soit \u00e0 l'entr\u00e9e ou \u00e0 l'int\u00e9rieur du complexe. Les visiteurs de nos h\u00f4tes doivent s'enregistrer \u00e0 la barri\u00e8re de s\u00e9curit\u00e9 et laisser leur carte d'identit\u00e9 pour recevoir leur carte de visiteur. Cette mesure est n\u00e9cessaire pour assurer la s\u00e9curit\u00e9 de notre complexe. Il n'y a pas d'exception. <strong>Paiement et annulation<\/strong> Lors de la r\u00e9servation, un acompte non remboursable de 50% doit \u00eatre vers\u00e9 par virement bancaire ou en ligne avec votre carte de cr\u00e9dit (le lien vers la page de paiement par carte de cr\u00e9dit sur notre serveur s\u00e9curis\u00e9 vous sera envoy\u00e9 avec votre e-mail de confirmation). Le solde doit \u00eatre pay\u00e9 par carte de cr\u00e9dit via notre serveur s\u00e9curis\u00e9 en ligne 7 jours avant l'arriv\u00e9e, ou en esp\u00e8ces \u00e0 l'arriv\u00e9e. Veuillez noter que nous n'acceptons pas les cartes de cr\u00e9dit sur place. <strong>D\u00e9p\u00f4ts de garantie<\/strong> Une caution remboursable de $500 USD pour chaque appartement doit \u00eatre pay\u00e9e en esp\u00e8ces ou par ch\u00e8que de voyage \u00e0 l'arriv\u00e9e. Les cartes de cr\u00e9dit ne sont pas accept\u00e9es sur place. Cette caution est enti\u00e8rement remboursable au moment du d\u00e9part, \u00e0 condition que les biens immobiliers et personnels soient dans le m\u00eame \u00e9tat qu'au d\u00e9but de l'occupation et que toutes les conditions du contrat de location soient respect\u00e9es. Le loyer comprend l'\u00e9lectricit\u00e9, l'eau, le service de s\u00e9curit\u00e9 et le gaz. <strong>Animaux de compagnie<\/strong> Les animaux domestiques ne sont pas autoris\u00e9s sur ou dans la propri\u00e9t\u00e9. <strong>Nettoyage<\/strong> Pour les locations \u00e0 court terme, le nettoyage de l'appartement deux fois par semaine est inclus dans le prix de la location. Un nettoyage suppl\u00e9mentaire peut \u00eatre organis\u00e9 moyennant un suppl\u00e9ment. <strong>Arriv\u00e9e et d\u00e9part<\/strong> L'heure d'arriv\u00e9e \u00e0 votre domicile n'est pas ant\u00e9rieure \u00e0 15h00 et nous vous demandons de quitter les lieux avant 11h00 le matin du d\u00e9part. Si n\u00e9cessaire, nous vous prions de confirmer l'heure d'arriv\u00e9e et de d\u00e9part aupr\u00e8s de l'agence de location locale. <strong>Renonciation et d\u00e9charge de responsabilit\u00e9<\/strong> Dominican Real Estate, les propri\u00e9taires des condos lou\u00e9s et \/ ou son agent de location, ses officiers, ses serviteurs ou ses employ\u00e9s n'acceptent aucune responsabilit\u00e9 quelle qu'elle soit en cas de d\u00e9c\u00e8s, de blessure personnelle, d'accident, de perte ou de dommage \u00e0 des personnes ou \u00e0 des effets personnels, quelle qu'en soit la cause, r\u00e9sultant de l'utilisation du condominium, y compris de la piscine. Dominican Real Estate, les propri\u00e9taires des condos lou\u00e9s et \/ ou son agent de location, ses responsables, ses serviteurs ou ses employ\u00e9s ne peuvent \u00eatre tenus responsables de la perte des services de r\u00e9seau ou de la d\u00e9faillance des appareils, ni des cons\u00e9quences des mesures prises \u00e0 proximit\u00e9 de la propri\u00e9t\u00e9 par toute autorit\u00e9 sur laquelle Dominican Real Estate n'a aucun contr\u00f4le. Dominican Real Estate, les propri\u00e9taires des condos \u00e0 louer et \/ ou son agent de location, ses officiers, ses serviteurs ou ses employ\u00e9s ne peuvent \u00eatre tenus responsables de toute construction en cours, des modifications apport\u00e9es aux maisons existantes, ou de tout bruit r\u00e9sultant de celles-ci sur ou autour de la communaut\u00e9. Dominican Real Estate, les propri\u00e9taires des condos \u00e0 louer et \/ ou son agent de location, ses officiers, ses serviteurs ou ses employ\u00e9s n'acceptent aucune responsabilit\u00e9 pour, et ne seront pas responsables en ce qui concerne la perte, les dommages ou les retards qui sont caus\u00e9s par des \u00e9v\u00e9nements en dehors du contr\u00f4le du propri\u00e9taire. Par exemple, des conditions m\u00e9t\u00e9orologiques d\u00e9favorables, des fermetures d'a\u00e9roport, la guerre, le terrorisme, les tremblements de terre, les inondations ou les gr\u00e8ves. La propri\u00e9t\u00e9 dispose d'une piscine et Dominican Real Estate, les propri\u00e9taires des condos lou\u00e9s et\/ou son agent de location, ses responsables, ses serviteurs ou ses employ\u00e9s n'acceptent aucune responsabilit\u00e9 en cas de blessure, quelle qu'en soit la cause, r\u00e9sultant de l'utilisation de la piscine. Les h\u00f4tes ne doivent pas laisser des enfants sans surveillance utiliser la piscine. Il est interdit de plonger, de courir ou de sauter dans la piscine et ses environs. \u00c9tant donn\u00e9 que tous les condos lou\u00e9s appartiennent \u00e0 des entreprises nationales dominicaines ind\u00e9pendantes, toute r\u00e9clamation doit \u00eatre d\u00e9pos\u00e9e dans le district judiciaire de Puerto Plata, en R\u00e9publique dominicaine. <strong>Modification de la r\u00e9servation<\/strong> Toutes les propri\u00e9t\u00e9s appartiennent \u00e0 des propri\u00e9taires ind\u00e9pendants et, bien que nous n'ayons pas pour politique de changer l'adresse d'un appartement une fois la r\u00e9servation confirm\u00e9e, il peut arriver que des circonstances ind\u00e9pendantes de notre volont\u00e9 se produisent. Dans ce cas, nous vous proposerons un logement mod\u00e8le \u00e9quivalent ou sup\u00e9rieur dans la m\u00eame zone g\u00e9ographique.<\/p>","protected":false},"excerpt":{"rendered":"<p>CONDO RENTALS TERMS &amp; CONDITIONS All of our rental condos are privately owned and located in good quality residential areas. Clients who choose to rent one of our condos are embarking on a self-catering condo vacation and should understand that they will not be staying in a hotel style environment. Adjoining condos will in most&#8230;<\/p>","protected":false},"author":1,"featured_media":0,"parent":0,"menu_order":0,"comment_status":"closed","ping_status":"closed","template":"","meta":{"_joinchat":[],"footnotes":""},"class_list":["post-10625","page","type-page","status-publish","hentry"],"_links":{"self":[{"href":"https:\/\/dominican-real-estate.com\/fr\/wp-json\/wp\/v2\/pages\/10625","targetHints":{"allow":["GET"]}}],"collection":[{"href":"https:\/\/dominican-real-estate.com\/fr\/wp-json\/wp\/v2\/pages"}],"about":[{"href":"https:\/\/dominican-real-estate.com\/fr\/wp-json\/wp\/v2\/types\/page"}],"author":[{"embeddable":true,"href":"https:\/\/dominican-real-estate.com\/fr\/wp-json\/wp\/v2\/users\/1"}],"replies":[{"embeddable":true,"href":"https:\/\/dominican-real-estate.com\/fr\/wp-json\/wp\/v2\/comments?post=10625"}],"version-history":[{"count":0,"href":"https:\/\/dominican-real-estate.com\/fr\/wp-json\/wp\/v2\/pages\/10625\/revisions"}],"wp:attachment":[{"href":"https:\/\/dominican-real-estate.com\/fr\/wp-json\/wp\/v2\/media?parent=10625"}],"curies":[{"name":"wp","href":"https:\/\/api.w.org\/{rel}","templated":true}]}}