{"id":5603,"date":"2023-05-12T15:42:46","date_gmt":"2023-05-12T14:42:46","guid":{"rendered":"https:\/\/expislandaffiliates.com\/?page_id=5603"},"modified":"2023-10-23T15:02:26","modified_gmt":"2023-10-23T19:02:26","slug":"unveiling-the-charm-of-sosua-your-ultimate-guide","status":"publish","type":"page","link":"https:\/\/dominican-real-estate.com\/es\/unveiling-the-charm-of-sosua-your-ultimate-guide\/","title":{"rendered":"Descubriendo el Encanto de Sosua: Su Gu\u00eda Definitiva de Bienes Ra\u00edces en Puerto Plata, Rep\u00fablica Dominicana"},"content":{"rendered":"<style>.elementor-5603 .elementor-element.elementor-element-2e02128:not(.elementor-motion-effects-element-type-background), .elementor-5603 .elementor-element.elementor-element-2e02128 > .elementor-motion-effects-container > .elementor-motion-effects-layer{background-color:#F6F6F6;}.elementor-5603 .elementor-element.elementor-element-2e02128{transition:background 0.3s, border 0.3s, border-radius 0.3s, box-shadow 0.3s;padding:0px 0px 70px 0px;}.elementor-5603 .elementor-element.elementor-element-2e02128 > .elementor-background-overlay{transition:background 0.3s, border-radius 0.3s, opacity 0.3s;}.elementor-bc-flex-widget .elementor-5603 .elementor-element.elementor-element-c2dfbe.elementor-column .elementor-widget-wrap{align-items:center;}.elementor-5603 .elementor-element.elementor-element-c2dfbe.elementor-column.elementor-element[data-element_type=\"column\"] > .elementor-widget-wrap.elementor-element-populated{align-content:center;align-items:center;}.elementor-5603 .elementor-element.elementor-element-1785b25b{text-align:left;font-family:\"Varela Round\", Sans-serif;font-size:16px;font-weight:400;}.elementor-5603 .elementor-element.elementor-element-668efb5d .elementor-icon-list-icon{width:14px;}.elementor-5603 .elementor-element.elementor-element-668efb5d .elementor-icon-list-icon i{font-size:14px;}.elementor-5603 .elementor-element.elementor-element-668efb5d .elementor-icon-list-icon svg{--e-icon-list-icon-size:14px;}.elementor-5603 .elementor-element.elementor-element-5351b0e4 > .elementor-widget-container{margin:7px 0px 0px 0px;}.elementor-5603 .elementor-element.elementor-element-5351b0e4 .elementor-button{font-family:\"Open Sans\", Sans-serif;font-weight:400;line-height:18.28px;letter-spacing:0.15px;fill:#FFFFFF;color:#FFFFFF;border-radius:18px 18px 18px 18px;padding:18px 28px 18px 28px;}.elementor-5603 .elementor-element.elementor-element-4c04529e{--display:flex;--flex-direction:column;--container-widget-width:100%;--container-widget-height:initial;--container-widget-flex-grow:0;--container-widget-align-self:initial;--flex-wrap-mobile:wrap;}.elementor-5603 .elementor-element.elementor-element-544921af{--display:flex;--flex-direction:row;--container-widget-width:initial;--container-widget-height:100%;--container-widget-flex-grow:1;--container-widget-align-self:stretch;--flex-wrap-mobile:wrap;--gap:0px 0px;--row-gap:0px;--column-gap:0px;}.elementor-5603 .elementor-element.elementor-element-23432e24{--display:flex;--flex-direction:column;--container-widget-width:100%;--container-widget-height:initial;--container-widget-flex-grow:0;--container-widget-align-self:initial;--flex-wrap-mobile:wrap;}.elementor-5603 .elementor-element.elementor-element-3828e47 .elementor-toc__header-title{text-align:start;}.elementor-5603 .elementor-element.elementor-element-3828e47 .elementor-toc__header, .elementor-5603 .elementor-element.elementor-element-3828e47 .elementor-toc__header-title{font-family:\"Roboto\", Sans-serif;font-size:17px;font-weight:600;}.elementor-5603 .elementor-element.elementor-element-3828e47 .elementor-toc__header{flex-direction:row;}.elementor-5603 .elementor-element.elementor-element-3828e47 .elementor-toc__list-item{font-family:\"Roboto\", Sans-serif;font-size:13px;font-weight:400;}.elementor-5603 .elementor-element.elementor-element-3828e47{--item-text-hover-decoration:underline;}.elementor-5603 .elementor-element.elementor-element-4bf82419{--display:flex;--flex-direction:column;--container-widget-width:100%;--container-widget-height:initial;--container-widget-flex-grow:0;--container-widget-align-self:initial;--flex-wrap-mobile:wrap;}.elementor-5603 .elementor-element.elementor-element-1e2d7e4b{text-align:left;font-family:\"Varela Round\", Sans-serif;font-size:16px;font-weight:400;}.elementor-5603 .elementor-element.elementor-element-797086b1{--display:flex;--flex-direction:column;--container-widget-width:100%;--container-widget-height:initial;--container-widget-flex-grow:0;--container-widget-align-self:initial;--flex-wrap-mobile:wrap;}.elementor-5603 .elementor-element.elementor-element-297b9dfa{--grid-side-margin:10px;--grid-column-gap:10px;--grid-row-gap:10px;--grid-bottom-margin:10px;}@media(max-width:1024px){ .elementor-5603 .elementor-element.elementor-element-297b9dfa{--grid-side-margin:10px;--grid-column-gap:10px;--grid-row-gap:10px;--grid-bottom-margin:10px;}}@media(min-width:768px){.elementor-5603 .elementor-element.elementor-element-6d9f6aea{width:50%;}.elementor-5603 .elementor-element.elementor-element-c2dfbe{width:41.335%;}.elementor-5603 .elementor-element.elementor-element-5ac28422{width:7.997%;}.elementor-5603 .elementor-element.elementor-element-4c04529e{--width:100%;}.elementor-5603 .elementor-element.elementor-element-544921af{--content-width:1316px;}.elementor-5603 .elementor-element.elementor-element-23432e24{--width:25%;}.elementor-5603 .elementor-element.elementor-element-4bf82419{--width:50%;}.elementor-5603 .elementor-element.elementor-element-797086b1{--width:25%;}}@media(max-width:1024px) and (min-width:768px){.elementor-5603 .elementor-element.elementor-element-6d9f6aea{width:100%;}.elementor-5603 .elementor-element.elementor-element-c2dfbe{width:100%;}}@media(max-width:767px){.elementor-5603 .elementor-element.elementor-element-3828e47 .elementor-toc__list-item{font-size:16px;} .elementor-5603 .elementor-element.elementor-element-297b9dfa{--grid-side-margin:10px;--grid-column-gap:10px;--grid-row-gap:10px;--grid-bottom-margin:10px;}}<\/style>\t\t<div data-elementor-type=\"wp-page\" data-elementor-id=\"5603\" class=\"elementor elementor-5603\" data-elementor-post-type=\"page\">\n\t\t\t\t\t\t<section class=\"elementor-section elementor-top-section elementor-element elementor-element-2e02128 elementor-section-stretched elementor-section-boxed elementor-section-height-default elementor-section-height-default\" data-id=\"2e02128\" data-element_type=\"section\" data-settings=\"{&quot;stretch_section&quot;:&quot;section-stretched&quot;,&quot;background_background&quot;:&quot;classic&quot;}\">\n\t\t\t\t\t\t<div class=\"elementor-container elementor-column-gap-default\">\n\t\t\t\t\t<div class=\"elementor-column elementor-col-33 elementor-top-column elementor-element elementor-element-6d9f6aea\" data-id=\"6d9f6aea\" data-element_type=\"column\">\n\t\t\t<div class=\"elementor-widget-wrap elementor-element-populated\">\n\t\t\t\t\t\t<div class=\"elementor-element elementor-element-242c5d22 elementor-widget elementor-widget-image\" data-id=\"242c5d22\" data-element_type=\"widget\" data-widget_type=\"image.default\">\n\t\t\t\t<div class=\"elementor-widget-container\">\n\t\t\t\t\t\t\t\t\t\t\t\t\t\t\t<img fetchpriority=\"high\" decoding=\"async\" width=\"828\" height=\"551\" src=\"https:\/\/dominican-real-estate.com\/wp-content\/uploads\/2023\/08\/properties-6379-127853-1024x682.jpeg\" class=\"attachment-large size-large wp-image-9695\" alt=\"\" srcset=\"https:\/\/dominican-real-estate.com\/wp-content\/uploads\/2023\/08\/properties-6379-127853-1024x682.jpeg 1024w, https:\/\/dominican-real-estate.com\/wp-content\/uploads\/2023\/08\/properties-6379-127853-300x200.jpeg 300w, https:\/\/dominican-real-estate.com\/wp-content\/uploads\/2023\/08\/properties-6379-127853-768x511.jpeg 768w, https:\/\/dominican-real-estate.com\/wp-content\/uploads\/2023\/08\/properties-6379-127853-1536x1022.jpeg 1536w, https:\/\/dominican-real-estate.com\/wp-content\/uploads\/2023\/08\/properties-6379-127853-150x100.jpeg 150w, https:\/\/dominican-real-estate.com\/wp-content\/uploads\/2023\/08\/properties-6379-127853-488x326.jpeg 488w, https:\/\/dominican-real-estate.com\/wp-content\/uploads\/2023\/08\/properties-6379-127853-600x399.jpeg 600w, https:\/\/dominican-real-estate.com\/wp-content\/uploads\/2023\/08\/properties-6379-127853.jpeg 1600w\" sizes=\"(max-width: 828px) 100vw, 828px\" \/>\t\t\t\t\t\t\t\t\t\t\t\t\t\t\t<\/div>\n\t\t\t\t<\/div>\n\t\t\t\t\t<\/div>\n\t\t<\/div>\n\t\t\t\t<div class=\"elementor-column elementor-col-33 elementor-top-column elementor-element elementor-element-c2dfbe\" data-id=\"c2dfbe\" data-element_type=\"column\">\n\t\t\t<div class=\"elementor-widget-wrap elementor-element-populated\">\n\t\t\t\t\t\t<div class=\"elementor-element elementor-element-1785b25b elementor-widget elementor-widget-text-editor\" data-id=\"1785b25b\" data-element_type=\"widget\" data-widget_type=\"text-editor.default\">\n\t\t\t\t<div class=\"elementor-widget-container\">\n\t\t\t\t\t\t\t\t\t<h2><span class=\"notion-enable-hover\" data-token-index=\"0\">Unveiling the Charm of Sosua: Your Ultimate Guide to Real Estate in Puerto Plata, Dominican Republic<\/span><\/h2>\t\t\t\t\t\t\t\t<\/div>\n\t\t\t\t<\/div>\n\t\t\t\t<div class=\"elementor-element elementor-element-668efb5d elementor-widget elementor-widget-post-info\" data-id=\"668efb5d\" data-element_type=\"widget\" data-widget_type=\"post-info.default\">\n\t\t\t\t<div class=\"elementor-widget-container\">\n\t\t\t\t\t\t\t<ul class=\"elementor-inline-items elementor-icon-list-items elementor-post-info\">\n\t\t\t\t\t\t\t\t<li class=\"elementor-icon-list-item elementor-repeater-item-6bc8a14 elementor-inline-item\" itemprop=\"author\">\n\t\t\t\t\t\t<a href=\"https:\/\/dominican-real-estate.com\/es\/author\/mingonautgmail-com\/\">\n\t\t\t\t\t\t\t\t\t\t\t<span class=\"elementor-icon-list-icon\">\n\t\t\t\t\t\t\t\t<i aria-hidden=\"true\" class=\"far fa-user-circle\"><\/i>\t\t\t\t\t\t\t<\/span>\n\t\t\t\t\t\t\t\t\t<span class=\"elementor-icon-list-text elementor-post-info__item elementor-post-info__item--type-author\">\n\t\t\t\t\t\t\t\t\t\tSimon Markus\t\t\t\t\t<\/span>\n\t\t\t\t\t\t\t\t\t<\/a>\n\t\t\t\t<\/li>\n\t\t\t\t<li class=\"elementor-icon-list-item elementor-repeater-item-ea5fa62 elementor-inline-item\" itemprop=\"datePublished\">\n\t\t\t\t\t\t<a href=\"https:\/\/dominican-real-estate.com\/es\/2023\/05\/12\/\">\n\t\t\t\t\t\t\t\t\t\t\t<span class=\"elementor-icon-list-icon\">\n\t\t\t\t\t\t\t\t<i aria-hidden=\"true\" class=\"fas fa-calendar\"><\/i>\t\t\t\t\t\t\t<\/span>\n\t\t\t\t\t\t\t\t\t<span class=\"elementor-icon-list-text elementor-post-info__item elementor-post-info__item--type-date\">\n\t\t\t\t\t\t\t\t\t\t<time>mayo 12, 2023<\/time>\t\t\t\t\t<\/span>\n\t\t\t\t\t\t\t\t\t<\/a>\n\t\t\t\t<\/li>\n\t\t\t\t<li class=\"elementor-icon-list-item elementor-repeater-item-16fb072 elementor-inline-item\">\n\t\t\t\t\t\t\t\t\t\t<span class=\"elementor-icon-list-icon\">\n\t\t\t\t\t\t\t\t<i aria-hidden=\"true\" class=\"far fa-clock\"><\/i>\t\t\t\t\t\t\t<\/span>\n\t\t\t\t\t\t\t\t\t<span class=\"elementor-icon-list-text elementor-post-info__item elementor-post-info__item--type-time\">\n\t\t\t\t\t\t\t\t\t\t<time>3:42 pm<\/time>\t\t\t\t\t<\/span>\n\t\t\t\t\t\t\t\t<\/li>\n\t\t\t\t<\/ul>\n\t\t\t\t\t\t<\/div>\n\t\t\t\t<\/div>\n\t\t\t\t<div class=\"elementor-element elementor-element-5351b0e4 elementor-align-left elementor-widget elementor-widget-button\" data-id=\"5351b0e4\" data-element_type=\"widget\" data-widget_type=\"button.default\">\n\t\t\t\t<div class=\"elementor-widget-container\">\n\t\t\t\t\t\t\t\t\t<div class=\"elementor-button-wrapper\">\n\t\t\t\t\t<a class=\"elementor-button elementor-button-link elementor-size-sm\" href=\"https:\/\/dominican-real-estate.com\/contact-us-8-2023\/\">\n\t\t\t\t\t\t<span class=\"elementor-button-content-wrapper\">\n\t\t\t\t\t\t\t\t\t<span class=\"elementor-button-text\">contact<\/span>\n\t\t\t\t\t<\/span>\n\t\t\t\t\t<\/a>\n\t\t\t\t<\/div>\n\t\t\t\t\t\t\t\t<\/div>\n\t\t\t\t<\/div>\n\t\t\t\t\t<\/div>\n\t\t<\/div>\n\t\t\t\t<div class=\"elementor-column elementor-col-33 elementor-top-column elementor-element elementor-element-5ac28422 elementor-hidden-tablet elementor-hidden-mobile\" data-id=\"5ac28422\" data-element_type=\"column\">\n\t\t\t<div class=\"elementor-widget-wrap\">\n\t\t\t\t\t\t\t<\/div>\n\t\t<\/div>\n\t\t\t\t\t<\/div>\n\t\t<\/section>\n\t\t<div class=\"elementor-element elementor-element-4c04529e e-con-full e-flex e-con e-parent\" data-id=\"4c04529e\" data-element_type=\"container\">\n\t\t<div class=\"elementor-element elementor-element-544921af e-flex e-con-boxed e-con e-child\" data-id=\"544921af\" data-element_type=\"container\">\n\t\t\t\t\t<div class=\"e-con-inner\">\n\t\t<div class=\"elementor-element elementor-element-23432e24 e-con-full e-flex e-con e-child\" data-id=\"23432e24\" data-element_type=\"container\" data-settings=\"{&quot;sticky&quot;:&quot;top&quot;,&quot;sticky_on&quot;:[&quot;desktop&quot;,&quot;tablet&quot;],&quot;sticky_parent&quot;:&quot;yes&quot;,&quot;sticky_offset&quot;:78,&quot;sticky_effects_offset&quot;:0,&quot;sticky_anchor_link_offset&quot;:0}\">\n\t\t\t\t<div class=\"elementor-element elementor-element-3828e47 elementor-toc--minimized-on-tablet elementor-widget elementor-widget-table-of-contents\" data-id=\"3828e47\" data-element_type=\"widget\" data-settings=\"{&quot;exclude_headings_by_selector&quot;:[],&quot;headings_by_tags&quot;:[&quot;h2&quot;],&quot;marker_view&quot;:&quot;numbers&quot;,&quot;no_headings_message&quot;:&quot;No headings were found on this page.&quot;,&quot;minimize_box&quot;:&quot;yes&quot;,&quot;minimized_on&quot;:&quot;tablet&quot;,&quot;hierarchical_view&quot;:&quot;yes&quot;,&quot;min_height&quot;:{&quot;unit&quot;:&quot;px&quot;,&quot;size&quot;:&quot;&quot;,&quot;sizes&quot;:[]},&quot;min_height_tablet&quot;:{&quot;unit&quot;:&quot;px&quot;,&quot;size&quot;:&quot;&quot;,&quot;sizes&quot;:[]},&quot;min_height_mobile&quot;:{&quot;unit&quot;:&quot;px&quot;,&quot;size&quot;:&quot;&quot;,&quot;sizes&quot;:[]}}\" data-widget_type=\"table-of-contents.default\">\n\t\t\t\t<div class=\"elementor-widget-container\">\n\t\t\t\t\t\t\t<div class=\"elementor-toc__header\">\n\t\t\t<h4 class=\"elementor-toc__header-title\">\n\t\t\t\tTable of Contents\t\t\t<\/h4>\n\t\t\t\t\t\t\t<div class=\"elementor-toc__toggle-button elementor-toc__toggle-button--expand\" role=\"button\" tabindex=\"0\" aria-controls=\"elementor-toc__3828e47\" aria-expanded=\"true\" aria-label=\"Open table of contents\"><i aria-hidden=\"true\" class=\"fas fa-chevron-down\"><\/i><\/div>\n\t\t\t\t<div class=\"elementor-toc__toggle-button elementor-toc__toggle-button--collapse\" role=\"button\" tabindex=\"0\" aria-controls=\"elementor-toc__3828e47\" aria-expanded=\"true\" aria-label=\"Close table of contents\"><i aria-hidden=\"true\" class=\"fas fa-chevron-up\"><\/i><\/div>\n\t\t\t\t\t<\/div>\n\t\t<div id=\"elementor-toc__3828e47\" class=\"elementor-toc__body\">\n\t\t\t<div class=\"elementor-toc__spinner-container\">\n\t\t\t\t<i class=\"elementor-toc__spinner eicon-animation-spin eicon-loading\" aria-hidden=\"true\"><\/i>\t\t\t<\/div>\n\t\t<\/div>\n\t\t\t\t\t\t<\/div>\n\t\t\t\t<\/div>\n\t\t\t\t<\/div>\n\t\t<div class=\"elementor-element elementor-element-4bf82419 e-con-full e-flex e-con e-child\" data-id=\"4bf82419\" data-element_type=\"container\">\n\t\t\t\t<div class=\"elementor-element elementor-element-1e2d7e4b elementor-widget elementor-widget-text-editor\" data-id=\"1e2d7e4b\" data-element_type=\"widget\" data-widget_type=\"text-editor.default\">\n\t\t\t\t<div class=\"elementor-widget-container\">\n\t\t\t\t\t\t\t\t\t<p>Immerse yourself in the allure of Sosua, a thriving town nestled in the heart of Puerto Plata, Dominican Republic. This comprehensive guide delves into the world of real estate in Sosua, offering key insights and compelling reasons why this tropical paradise should be your next investment destination.<\/p><h2><strong>Embracing the Vibrancy of Sosua<\/strong><\/h2><p>Located on the northern coast of the Dominican Republic, Sosua is a captivating enclave that combines the allure of sandy beaches, crystal-clear waters, and a bustling community. It&#8217;s an ideal hub for those seeking to invest in real estate, offering a diverse selection of properties that cater to a wide range of preferences.<\/p><h2><strong>The Allure of Sosua Real Estate<\/strong><\/h2><p>Sosua&#8217;s real estate market is as diverse as it is enticing. From luxury villines to cozy apartments, there&#8217;s a property for every taste and budget.<\/p><h3><strong>Luxury Villas: A Slice of Paradise<\/strong><\/h3><p>Experience unparalleled luxury with Sosua&#8217;s range of high-end villas. These properties offer amenities such as private pools, landscaped gardens, and breathtaking views of the ocean. The architecture of these villas often embodies a fusion of modern and traditional Dominican styles, creating a unique aesthetic that mirrors Sosua&#8217;s cultural richness.<\/p><h3><strong>Apartments: Affordable Luxury<\/strong><\/h3><p>Sosua&#8217;s apartments present an affordable entry point to the real estate market without compromising on comfort or quality. These properties often feature shared amenities, such as swimming pools and gyms, allowing for a communal lifestyle that fosters connections with neighbors.<\/p><h3><strong>Land for Sale: Build Your Dream Home<\/strong><\/h3><p>For those looking to leave their mark, plots of land for sale offer a blank canvas upon which to construct your dream Caribbean home. These parcels of land come in varying sizes and locations, from beachfront plots to more secluded inland areas.<\/p><h2><strong>The Sosua Community: More Than Just a Tourist Destination<\/strong><\/h2><p>Sosua is more than just an idyllic tourist destination; it&#8217;s a vibrant community. The town <a href=\"https:\/\/dominican-real-estate.com\/es\/apartments-in-dominican-republic\/\">boasts<\/a> a variety of restaurants, shops, and local businesses that contribute to its lively atmosphere. Additionally, Sosua is home to a diverse population that includes locals and expatriates alike, contributing to a rich cultural tapestry that adds to the town&#8217;s appeal.<\/p><h2><strong>Investment Opportunities in Sosua<\/strong><\/h2><p>Investing in Sosua real estate is not just about owning a piece of paradise. It&#8217;s also a sound financial decision. The town&#8217;s popularity as a tourist destination makes it a lucrative market for vacation rentals, while the steady growth of the local community ensures consistent demand for residential properties.<\/p><h2><strong>Making Sosua Your Home<\/strong><\/h2><p>Making the move to Sosua is more than just a change of scenery. It&#8217;s a lifestyle transformation. The laid-back Caribbean lifestyle, combined with the town&#8217;s vibrant community, makes Sosua the perfect place to call home.<\/p><p>This diagram illustrates the various elements that contribute to the allure of real estate in Sosua, from the types of properties available to the lifestyle and investment opportunities that the town presents.<\/p><h2><strong>Embrace the Sosua Real Estate Market<\/strong><\/h2><p>In conclusion, Sosua offers a compelling real estate market that caters to a diverse range of tastes and budgets. Whether you&#8217;re looking to invest in a luxury villa, purchase an apartment, or build your dream home on a plot of land, Sosua has something for everyone. Beyond the properties themselves, the lifestyle, community, and investment opportunities make Sosua an enticing destination for real estate investment.<\/p><p>\u00a0<\/p><h2><strong>Discovering the Hidden Gems of Sosua<\/strong><\/h2><p>Sosua&#8217;s appeal extends beyond its real estate market. The town is brimming with attractions that cater to a wide range of interests. From outdoor adventures to cultural excursions, Sosua offers an array of experiences that add to the charm of owning property in this tropical paradise.<\/p><h3><strong>Immerse in Nature&#8217;s Wonders<\/strong><\/h3><p>Sosua is surrounded by natural beauty, from its pristine beaches to its lush, green landscapes. The town is home to El Choco National Park, a sprawling reserve that offers hiking trails, cave exploration, and the opportunity to witness the region&#8217;s flora and fauna up close.<\/p><h3><strong>Dive into the Underwater World<\/strong><\/h3><p>Sosua&#8217;s coastline is a haven for divers, offering crystal clear waters and a rich marine life. The town&#8217;s dive centers cater to both novices and experienced divers, making it a fantastic location for underwater exploration.<\/p><h3><strong>Embrace the Local Culture<\/strong><\/h3><p>Sosua&#8217;s vibrant local culture is another one of its drawcards. The town hosts a variety of events throughout the year, such as the annual Carnival, which showcases traditional Dominican music, dance, and costumes. The local art scene is also thriving, with galleries displaying works from local and international artists.<\/p><p>This diagram outlines the diverse range of attractions that make Sosua a dynamic and exciting place to own property.<\/p><h2><strong>In Conclusion: The Allure of Sosua<\/strong><\/h2><p>Investing in Sosua real estate is more than just a property purchase; it&#8217;s an investment in a lifestyle. The town&#8217;s diverse real estate market, coupled with its vibrant community, natural beauty, and cultural richness, makes it an ideal destination for those seeking a slice of Caribbean paradise. Whether you&#8217;re a retiree looking for a peaceful seaside retreat, an investor seeking profitable rental properties, or a family in search of a welcoming community, Sosua has something to offer you.<\/p><p>With this comprehensive guide, you are now well-equipped to navigate the real estate market of Sosua, Puerto Plata. The Dominican Republic awaits your discovery, and Sosua is ready to welcome you home. Experience the charm of Sosua, and let your Caribbean dream become a reality.<\/p>\t\t\t\t\t\t\t\t<\/div>\n\t\t\t\t<\/div>\n\t\t\t\t<\/div>\n\t\t<div class=\"elementor-element elementor-element-797086b1 e-con-full e-flex e-con e-child\" data-id=\"797086b1\" data-element_type=\"container\" data-settings=\"{&quot;sticky&quot;:&quot;top&quot;,&quot;sticky_on&quot;:[&quot;desktop&quot;,&quot;tablet&quot;],&quot;sticky_parent&quot;:&quot;yes&quot;,&quot;sticky_offset&quot;:78,&quot;sticky_effects_offset&quot;:0,&quot;sticky_anchor_link_offset&quot;:0}\">\n\t\t\t\t<div class=\"elementor-element elementor-element-297b9dfa elementor-share-buttons--view-icon-text elementor-share-buttons--skin-gradient elementor-share-buttons--shape-square elementor-grid-0 elementor-share-buttons--color-official elementor-widget elementor-widget-share-buttons\" data-id=\"297b9dfa\" data-element_type=\"widget\" data-widget_type=\"share-buttons.default\">\n\t\t\t\t<div class=\"elementor-widget-container\">\n\t\t\t\t\t\t\t<div class=\"elementor-grid\">\n\t\t\t\t\t\t\t\t<div class=\"elementor-grid-item\">\n\t\t\t\t\t\t<div\n\t\t\t\t\t\t\tclass=\"elementor-share-btn elementor-share-btn_facebook\"\n\t\t\t\t\t\t\trole=\"button\"\n\t\t\t\t\t\t\ttabindex=\"0\"\n\t\t\t\t\t\t\taria-label=\"Share on facebook\"\n\t\t\t\t\t\t>\n\t\t\t\t\t\t\t\t\t\t\t\t\t\t\t<span class=\"elementor-share-btn__icon\">\n\t\t\t\t\t\t\t\t<i class=\"fab fa-facebook\" aria-hidden=\"true\"><\/i>\t\t\t\t\t\t\t<\/span>\n\t\t\t\t\t\t\t\t\t\t\t\t\t\t\t\t\t\t\t\t\t\t<div class=\"elementor-share-btn__text\">\n\t\t\t\t\t\t\t\t\t\t\t\t\t\t\t\t\t\t\t<span class=\"elementor-share-btn__title\">\n\t\t\t\t\t\t\t\t\t\tFacebook\t\t\t\t\t\t\t\t\t<\/span>\n\t\t\t\t\t\t\t\t\t\t\t\t\t\t\t\t\t<\/div>\n\t\t\t\t\t\t\t\t\t\t\t\t\t<\/div>\n\t\t\t\t\t<\/div>\n\t\t\t\t\t\t\t\t\t<div class=\"elementor-grid-item\">\n\t\t\t\t\t\t<div\n\t\t\t\t\t\t\tclass=\"elementor-share-btn elementor-share-btn_twitter\"\n\t\t\t\t\t\t\trole=\"button\"\n\t\t\t\t\t\t\ttabindex=\"0\"\n\t\t\t\t\t\t\taria-label=\"Share on twitter\"\n\t\t\t\t\t\t>\n\t\t\t\t\t\t\t\t\t\t\t\t\t\t\t<span class=\"elementor-share-btn__icon\">\n\t\t\t\t\t\t\t\t<i class=\"fab fa-twitter\" aria-hidden=\"true\"><\/i>\t\t\t\t\t\t\t<\/span>\n\t\t\t\t\t\t\t\t\t\t\t\t\t\t\t\t\t\t\t\t\t\t<div class=\"elementor-share-btn__text\">\n\t\t\t\t\t\t\t\t\t\t\t\t\t\t\t\t\t\t\t<span class=\"elementor-share-btn__title\">\n\t\t\t\t\t\t\t\t\t\tTwitter\t\t\t\t\t\t\t\t\t<\/span>\n\t\t\t\t\t\t\t\t\t\t\t\t\t\t\t\t\t<\/div>\n\t\t\t\t\t\t\t\t\t\t\t\t\t<\/div>\n\t\t\t\t\t<\/div>\n\t\t\t\t\t\t\t\t\t<div class=\"elementor-grid-item\">\n\t\t\t\t\t\t<div\n\t\t\t\t\t\t\tclass=\"elementor-share-btn elementor-share-btn_linkedin\"\n\t\t\t\t\t\t\trole=\"button\"\n\t\t\t\t\t\t\ttabindex=\"0\"\n\t\t\t\t\t\t\taria-label=\"Share on linkedin\"\n\t\t\t\t\t\t>\n\t\t\t\t\t\t\t\t\t\t\t\t\t\t\t<span class=\"elementor-share-btn__icon\">\n\t\t\t\t\t\t\t\t<i class=\"fab fa-linkedin\" aria-hidden=\"true\"><\/i>\t\t\t\t\t\t\t<\/span>\n\t\t\t\t\t\t\t\t\t\t\t\t\t\t\t\t\t\t\t\t\t\t<div class=\"elementor-share-btn__text\">\n\t\t\t\t\t\t\t\t\t\t\t\t\t\t\t\t\t\t\t<span class=\"elementor-share-btn__title\">\n\t\t\t\t\t\t\t\t\t\tLinkedIn\t\t\t\t\t\t\t\t\t<\/span>\n\t\t\t\t\t\t\t\t\t\t\t\t\t\t\t\t\t<\/div>\n\t\t\t\t\t\t\t\t\t\t\t\t\t<\/div>\n\t\t\t\t\t<\/div>\n\t\t\t\t\t\t<\/div>\n\t\t\t\t\t\t<\/div>\n\t\t\t\t<\/div>\n\t\t\t\t<\/div>\n\t\t\t\t\t<\/div>\n\t\t\t\t<\/div>\n\t\t\t\t<\/div>\n\t\t\t\t<\/div>\n\t\t","protected":false},"excerpt":{"rendered":"<p>Unveiling the Charm of Sosua: Your Ultimate Guide to Real Estate in Puerto Plata, Dominican Republic contact Table of Contents Immerse yourself in the allure of Sosua, a thriving town nestled in the heart of Puerto Plata, Dominican Republic. This comprehensive guide delves into the world of real estate in Sosua, offering key insights and&#8230;<\/p>","protected":false},"author":1,"featured_media":0,"parent":0,"menu_order":0,"comment_status":"closed","ping_status":"closed","template":"elementor_header_footer","meta":{"_joinchat":[],"footnotes":""},"class_list":["post-5603","page","type-page","status-publish","hentry"],"_links":{"self":[{"href":"https:\/\/dominican-real-estate.com\/es\/wp-json\/wp\/v2\/pages\/5603","targetHints":{"allow":["GET"]}}],"collection":[{"href":"https:\/\/dominican-real-estate.com\/es\/wp-json\/wp\/v2\/pages"}],"about":[{"href":"https:\/\/dominican-real-estate.com\/es\/wp-json\/wp\/v2\/types\/page"}],"author":[{"embeddable":true,"href":"https:\/\/dominican-real-estate.com\/es\/wp-json\/wp\/v2\/users\/1"}],"replies":[{"embeddable":true,"href":"https:\/\/dominican-real-estate.com\/es\/wp-json\/wp\/v2\/comments?post=5603"}],"version-history":[{"count":0,"href":"https:\/\/dominican-real-estate.com\/es\/wp-json\/wp\/v2\/pages\/5603\/revisions"}],"wp:attachment":[{"href":"https:\/\/dominican-real-estate.com\/es\/wp-json\/wp\/v2\/media?parent=5603"}],"curies":[{"name":"wp","href":"https:\/\/api.w.org\/{rel}","templated":true}]}}