{"id":5521,"date":"2023-05-11T21:39:30","date_gmt":"2023-05-11T20:39:30","guid":{"rendered":"https:\/\/expislandaffiliates.com\/?page_id=5521"},"modified":"2023-10-23T17:46:18","modified_gmt":"2023-10-23T21:46:18","slug":"real-estate-investment-guide-dominican","status":"publish","type":"page","link":"https:\/\/dominican-real-estate.com\/es\/real-estate-investment-guide-dominican\/","title":{"rendered":"Descubriendo la Rep\u00fablica Dominicana: Una gu\u00eda completa para la inversi\u00f3n inmobiliaria"},"content":{"rendered":"<style>.elementor-5521 .elementor-element.elementor-element-2e02128:not(.elementor-motion-effects-element-type-background), .elementor-5521 .elementor-element.elementor-element-2e02128 > .elementor-motion-effects-container > .elementor-motion-effects-layer{background-color:#F6F6F6;}.elementor-5521 .elementor-element.elementor-element-2e02128{transition:background 0.3s, border 0.3s, border-radius 0.3s, box-shadow 0.3s;padding:0px 0px 70px 0px;}.elementor-5521 .elementor-element.elementor-element-2e02128 > .elementor-background-overlay{transition:background 0.3s, border-radius 0.3s, opacity 0.3s;}.elementor-bc-flex-widget .elementor-5521 .elementor-element.elementor-element-c2dfbe.elementor-column .elementor-widget-wrap{align-items:center;}.elementor-5521 .elementor-element.elementor-element-c2dfbe.elementor-column.elementor-element[data-element_type=\"column\"] > .elementor-widget-wrap.elementor-element-populated{align-content:center;align-items:center;}.elementor-5521 .elementor-element.elementor-element-1785b25b{text-align:left;font-family:\"Varela Round\", Sans-serif;font-size:16px;font-weight:400;}.elementor-5521 .elementor-element.elementor-element-668efb5d .elementor-icon-list-icon{width:14px;}.elementor-5521 .elementor-element.elementor-element-668efb5d .elementor-icon-list-icon i{font-size:14px;}.elementor-5521 .elementor-element.elementor-element-668efb5d .elementor-icon-list-icon svg{--e-icon-list-icon-size:14px;}.elementor-5521 .elementor-element.elementor-element-5351b0e4 > .elementor-widget-container{margin:7px 0px 0px 0px;}.elementor-5521 .elementor-element.elementor-element-5351b0e4 .elementor-button{font-family:\"Open Sans\", Sans-serif;font-weight:400;line-height:18.28px;letter-spacing:0.15px;fill:#FFFFFF;color:#FFFFFF;border-radius:18px 18px 18px 18px;padding:18px 28px 18px 28px;}.elementor-5521 .elementor-element.elementor-element-4c04529e{--display:flex;--flex-direction:column;--container-widget-width:100%;--container-widget-height:initial;--container-widget-flex-grow:0;--container-widget-align-self:initial;--flex-wrap-mobile:wrap;}.elementor-5521 .elementor-element.elementor-element-544921af{--display:flex;--flex-direction:row;--container-widget-width:initial;--container-widget-height:100%;--container-widget-flex-grow:1;--container-widget-align-self:stretch;--flex-wrap-mobile:wrap;--gap:0px 0px;--row-gap:0px;--column-gap:0px;}.elementor-5521 .elementor-element.elementor-element-23432e24{--display:flex;--flex-direction:column;--container-widget-width:100%;--container-widget-height:initial;--container-widget-flex-grow:0;--container-widget-align-self:initial;--flex-wrap-mobile:wrap;}.elementor-5521 .elementor-element.elementor-element-3828e47 .elementor-toc__header-title{text-align:start;}.elementor-5521 .elementor-element.elementor-element-3828e47 .elementor-toc__header, .elementor-5521 .elementor-element.elementor-element-3828e47 .elementor-toc__header-title{font-family:\"Roboto\", Sans-serif;font-size:17px;font-weight:600;}.elementor-5521 .elementor-element.elementor-element-3828e47 .elementor-toc__header{flex-direction:row;}.elementor-5521 .elementor-element.elementor-element-3828e47 .elementor-toc__list-item{font-family:\"Roboto\", Sans-serif;font-size:13px;font-weight:400;}.elementor-5521 .elementor-element.elementor-element-3828e47{--item-text-hover-decoration:underline;}.elementor-5521 .elementor-element.elementor-element-4bf82419{--display:flex;--flex-direction:column;--container-widget-width:100%;--container-widget-height:initial;--container-widget-flex-grow:0;--container-widget-align-self:initial;--flex-wrap-mobile:wrap;}.elementor-5521 .elementor-element.elementor-element-1e2d7e4b{text-align:left;font-family:\"Varela Round\", Sans-serif;font-size:16px;font-weight:400;}.elementor-5521 .elementor-element.elementor-element-797086b1{--display:flex;--flex-direction:column;--container-widget-width:100%;--container-widget-height:initial;--container-widget-flex-grow:0;--container-widget-align-self:initial;--flex-wrap-mobile:wrap;}.elementor-5521 .elementor-element.elementor-element-297b9dfa{--grid-side-margin:10px;--grid-column-gap:10px;--grid-row-gap:10px;--grid-bottom-margin:10px;}@media(max-width:1024px){ .elementor-5521 .elementor-element.elementor-element-297b9dfa{--grid-side-margin:10px;--grid-column-gap:10px;--grid-row-gap:10px;--grid-bottom-margin:10px;}}@media(min-width:768px){.elementor-5521 .elementor-element.elementor-element-6d9f6aea{width:50%;}.elementor-5521 .elementor-element.elementor-element-c2dfbe{width:41.335%;}.elementor-5521 .elementor-element.elementor-element-5ac28422{width:7.997%;}.elementor-5521 .elementor-element.elementor-element-4c04529e{--width:100%;}.elementor-5521 .elementor-element.elementor-element-544921af{--content-width:1316px;}.elementor-5521 .elementor-element.elementor-element-23432e24{--width:25%;}.elementor-5521 .elementor-element.elementor-element-4bf82419{--width:50%;}.elementor-5521 .elementor-element.elementor-element-797086b1{--width:25%;}}@media(max-width:1024px) and (min-width:768px){.elementor-5521 .elementor-element.elementor-element-6d9f6aea{width:100%;}.elementor-5521 .elementor-element.elementor-element-c2dfbe{width:100%;}}@media(max-width:767px){.elementor-5521 .elementor-element.elementor-element-3828e47 .elementor-toc__list-item{font-size:16px;} .elementor-5521 .elementor-element.elementor-element-297b9dfa{--grid-side-margin:10px;--grid-column-gap:10px;--grid-row-gap:10px;--grid-bottom-margin:10px;}}<\/style>\t\t<div data-elementor-type=\"wp-page\" data-elementor-id=\"5521\" class=\"elementor elementor-5521\" data-elementor-post-type=\"page\">\n\t\t\t\t\t\t<section class=\"elementor-section elementor-top-section elementor-element elementor-element-2e02128 elementor-section-stretched elementor-section-boxed elementor-section-height-default elementor-section-height-default\" data-id=\"2e02128\" data-element_type=\"section\" data-settings=\"{&quot;stretch_section&quot;:&quot;section-stretched&quot;,&quot;background_background&quot;:&quot;classic&quot;}\">\n\t\t\t\t\t\t<div class=\"elementor-container elementor-column-gap-default\">\n\t\t\t\t\t<div class=\"elementor-column elementor-col-33 elementor-top-column elementor-element elementor-element-6d9f6aea\" data-id=\"6d9f6aea\" data-element_type=\"column\">\n\t\t\t<div class=\"elementor-widget-wrap elementor-element-populated\">\n\t\t\t\t\t\t<div class=\"elementor-element elementor-element-242c5d22 elementor-widget elementor-widget-image\" data-id=\"242c5d22\" data-element_type=\"widget\" data-widget_type=\"image.default\">\n\t\t\t\t<div class=\"elementor-widget-container\">\n\t\t\t\t\t\t\t\t\t\t\t\t\t\t\t<img fetchpriority=\"high\" decoding=\"async\" width=\"828\" height=\"550\" src=\"https:\/\/dominican-real-estate.com\/wp-content\/uploads\/2023\/08\/properties-6139-117871-1024x680.jpg\" class=\"attachment-large size-large wp-image-9602\" alt=\"\" srcset=\"https:\/\/dominican-real-estate.com\/wp-content\/uploads\/2023\/08\/properties-6139-117871-1024x680.jpg 1024w, https:\/\/dominican-real-estate.com\/wp-content\/uploads\/2023\/08\/properties-6139-117871-300x199.jpg 300w, https:\/\/dominican-real-estate.com\/wp-content\/uploads\/2023\/08\/properties-6139-117871-768x510.jpg 768w, https:\/\/dominican-real-estate.com\/wp-content\/uploads\/2023\/08\/properties-6139-117871-1536x1020.jpg 1536w, https:\/\/dominican-real-estate.com\/wp-content\/uploads\/2023\/08\/properties-6139-117871-150x100.jpg 150w, https:\/\/dominican-real-estate.com\/wp-content\/uploads\/2023\/08\/properties-6139-117871-600x398.jpg 600w, https:\/\/dominican-real-estate.com\/wp-content\/uploads\/2023\/08\/properties-6139-117871.jpg 1600w\" sizes=\"(max-width: 828px) 100vw, 828px\" \/>\t\t\t\t\t\t\t\t\t\t\t\t\t\t\t<\/div>\n\t\t\t\t<\/div>\n\t\t\t\t\t<\/div>\n\t\t<\/div>\n\t\t\t\t<div class=\"elementor-column elementor-col-33 elementor-top-column elementor-element elementor-element-c2dfbe\" data-id=\"c2dfbe\" data-element_type=\"column\">\n\t\t\t<div class=\"elementor-widget-wrap elementor-element-populated\">\n\t\t\t\t\t\t<div class=\"elementor-element elementor-element-1785b25b elementor-widget elementor-widget-text-editor\" data-id=\"1785b25b\" data-element_type=\"widget\" data-widget_type=\"text-editor.default\">\n\t\t\t\t<div class=\"elementor-widget-container\">\n\t\t\t\t\t\t\t\t\t<h1><span class=\"notion-enable-hover\" data-token-index=\"0\">Discovering the Dominican Republic: A Comprehensive Guide to Real Estate Investment<\/span><\/h1>\t\t\t\t\t\t\t\t<\/div>\n\t\t\t\t<\/div>\n\t\t\t\t<div class=\"elementor-element elementor-element-668efb5d elementor-widget elementor-widget-post-info\" data-id=\"668efb5d\" data-element_type=\"widget\" data-widget_type=\"post-info.default\">\n\t\t\t\t<div class=\"elementor-widget-container\">\n\t\t\t\t\t\t\t<ul class=\"elementor-inline-items elementor-icon-list-items elementor-post-info\">\n\t\t\t\t\t\t\t\t<li class=\"elementor-icon-list-item elementor-repeater-item-6bc8a14 elementor-inline-item\" itemprop=\"author\">\n\t\t\t\t\t\t<a href=\"https:\/\/dominican-real-estate.com\/es\/author\/mingonautgmail-com\/\">\n\t\t\t\t\t\t\t\t\t\t\t<span class=\"elementor-icon-list-icon\">\n\t\t\t\t\t\t\t\t<i aria-hidden=\"true\" class=\"far fa-user-circle\"><\/i>\t\t\t\t\t\t\t<\/span>\n\t\t\t\t\t\t\t\t\t<span class=\"elementor-icon-list-text elementor-post-info__item elementor-post-info__item--type-author\">\n\t\t\t\t\t\t\t\t\t\tSimon Markus\t\t\t\t\t<\/span>\n\t\t\t\t\t\t\t\t\t<\/a>\n\t\t\t\t<\/li>\n\t\t\t\t<li class=\"elementor-icon-list-item elementor-repeater-item-ea5fa62 elementor-inline-item\" itemprop=\"datePublished\">\n\t\t\t\t\t\t<a href=\"https:\/\/dominican-real-estate.com\/es\/2023\/05\/11\/\">\n\t\t\t\t\t\t\t\t\t\t\t<span class=\"elementor-icon-list-icon\">\n\t\t\t\t\t\t\t\t<i aria-hidden=\"true\" class=\"fas fa-calendar\"><\/i>\t\t\t\t\t\t\t<\/span>\n\t\t\t\t\t\t\t\t\t<span class=\"elementor-icon-list-text elementor-post-info__item elementor-post-info__item--type-date\">\n\t\t\t\t\t\t\t\t\t\t<time>mayo 11, 2023<\/time>\t\t\t\t\t<\/span>\n\t\t\t\t\t\t\t\t\t<\/a>\n\t\t\t\t<\/li>\n\t\t\t\t<li class=\"elementor-icon-list-item elementor-repeater-item-16fb072 elementor-inline-item\">\n\t\t\t\t\t\t\t\t\t\t<span class=\"elementor-icon-list-icon\">\n\t\t\t\t\t\t\t\t<i aria-hidden=\"true\" class=\"far fa-clock\"><\/i>\t\t\t\t\t\t\t<\/span>\n\t\t\t\t\t\t\t\t\t<span class=\"elementor-icon-list-text elementor-post-info__item elementor-post-info__item--type-time\">\n\t\t\t\t\t\t\t\t\t\t<time>9:39 pm<\/time>\t\t\t\t\t<\/span>\n\t\t\t\t\t\t\t\t<\/li>\n\t\t\t\t<\/ul>\n\t\t\t\t\t\t<\/div>\n\t\t\t\t<\/div>\n\t\t\t\t<div class=\"elementor-element elementor-element-5351b0e4 elementor-align-left elementor-widget elementor-widget-button\" data-id=\"5351b0e4\" data-element_type=\"widget\" data-widget_type=\"button.default\">\n\t\t\t\t<div class=\"elementor-widget-container\">\n\t\t\t\t\t\t\t\t\t<div class=\"elementor-button-wrapper\">\n\t\t\t\t\t<a class=\"elementor-button elementor-button-link elementor-size-sm\" href=\"https:\/\/dominican-real-estate.com\/contact-us-8-2023\/\">\n\t\t\t\t\t\t<span class=\"elementor-button-content-wrapper\">\n\t\t\t\t\t\t\t\t\t<span class=\"elementor-button-text\">contact-us<\/span>\n\t\t\t\t\t<\/span>\n\t\t\t\t\t<\/a>\n\t\t\t\t<\/div>\n\t\t\t\t\t\t\t\t<\/div>\n\t\t\t\t<\/div>\n\t\t\t\t\t<\/div>\n\t\t<\/div>\n\t\t\t\t<div class=\"elementor-column elementor-col-33 elementor-top-column elementor-element elementor-element-5ac28422 elementor-hidden-tablet elementor-hidden-mobile\" data-id=\"5ac28422\" data-element_type=\"column\">\n\t\t\t<div class=\"elementor-widget-wrap\">\n\t\t\t\t\t\t\t<\/div>\n\t\t<\/div>\n\t\t\t\t\t<\/div>\n\t\t<\/section>\n\t\t<div class=\"elementor-element elementor-element-4c04529e e-con-full e-flex e-con e-parent\" data-id=\"4c04529e\" data-element_type=\"container\">\n\t\t<div class=\"elementor-element elementor-element-544921af e-flex e-con-boxed e-con e-child\" data-id=\"544921af\" data-element_type=\"container\">\n\t\t\t\t\t<div class=\"e-con-inner\">\n\t\t<div class=\"elementor-element elementor-element-23432e24 e-con-full e-flex e-con e-child\" data-id=\"23432e24\" data-element_type=\"container\" data-settings=\"{&quot;sticky&quot;:&quot;top&quot;,&quot;sticky_on&quot;:[&quot;desktop&quot;,&quot;tablet&quot;],&quot;sticky_parent&quot;:&quot;yes&quot;,&quot;sticky_offset&quot;:78,&quot;sticky_effects_offset&quot;:0,&quot;sticky_anchor_link_offset&quot;:0}\">\n\t\t\t\t<div class=\"elementor-element elementor-element-3828e47 elementor-toc--minimized-on-tablet elementor-widget elementor-widget-table-of-contents\" data-id=\"3828e47\" data-element_type=\"widget\" data-settings=\"{&quot;exclude_headings_by_selector&quot;:[],&quot;headings_by_tags&quot;:[&quot;h2&quot;],&quot;marker_view&quot;:&quot;numbers&quot;,&quot;no_headings_message&quot;:&quot;No headings were found on this page.&quot;,&quot;minimize_box&quot;:&quot;yes&quot;,&quot;minimized_on&quot;:&quot;tablet&quot;,&quot;hierarchical_view&quot;:&quot;yes&quot;,&quot;min_height&quot;:{&quot;unit&quot;:&quot;px&quot;,&quot;size&quot;:&quot;&quot;,&quot;sizes&quot;:[]},&quot;min_height_tablet&quot;:{&quot;unit&quot;:&quot;px&quot;,&quot;size&quot;:&quot;&quot;,&quot;sizes&quot;:[]},&quot;min_height_mobile&quot;:{&quot;unit&quot;:&quot;px&quot;,&quot;size&quot;:&quot;&quot;,&quot;sizes&quot;:[]}}\" data-widget_type=\"table-of-contents.default\">\n\t\t\t\t<div class=\"elementor-widget-container\">\n\t\t\t\t\t\t\t<div class=\"elementor-toc__header\">\n\t\t\t<h4 class=\"elementor-toc__header-title\">\n\t\t\t\tTable of Contents\t\t\t<\/h4>\n\t\t\t\t\t\t\t<div class=\"elementor-toc__toggle-button elementor-toc__toggle-button--expand\" role=\"button\" tabindex=\"0\" aria-controls=\"elementor-toc__3828e47\" aria-expanded=\"true\" aria-label=\"Open table of contents\"><i aria-hidden=\"true\" class=\"fas fa-chevron-down\"><\/i><\/div>\n\t\t\t\t<div class=\"elementor-toc__toggle-button elementor-toc__toggle-button--collapse\" role=\"button\" tabindex=\"0\" aria-controls=\"elementor-toc__3828e47\" aria-expanded=\"true\" aria-label=\"Close table of contents\"><i aria-hidden=\"true\" class=\"fas fa-chevron-up\"><\/i><\/div>\n\t\t\t\t\t<\/div>\n\t\t<div id=\"elementor-toc__3828e47\" class=\"elementor-toc__body\">\n\t\t\t<div class=\"elementor-toc__spinner-container\">\n\t\t\t\t<i class=\"elementor-toc__spinner eicon-animation-spin eicon-loading\" aria-hidden=\"true\"><\/i>\t\t\t<\/div>\n\t\t<\/div>\n\t\t\t\t\t\t<\/div>\n\t\t\t\t<\/div>\n\t\t\t\t<\/div>\n\t\t<div class=\"elementor-element elementor-element-4bf82419 e-con-full e-flex e-con e-child\" data-id=\"4bf82419\" data-element_type=\"container\">\n\t\t\t\t<div class=\"elementor-element elementor-element-1e2d7e4b elementor-widget elementor-widget-text-editor\" data-id=\"1e2d7e4b\" data-element_type=\"widget\" data-widget_type=\"text-editor.default\">\n\t\t\t\t<div class=\"elementor-widget-container\">\n\t\t\t\t\t\t\t\t\t<h2><strong>A Land Rich in Diversity<\/strong><\/h2><p>The Dominican Republic is a treasure trove for real estate investors seeking an international footprint. Its tropical climate, rich history, and diverse landscapes have made it a go-to destination for many. Whether you&#8217;re considering residential properties, commercial investments, or a holiday home, the Dominican Republic&#8217;s real estate market offers vast potential.<\/p><p>The Dominican Republic is not just a destination; it&#8217;s a lifestyle. From the bustling streets of Santo Domingo to the tranquil beaches of Punta Cana, the country offers a diverse array of locales, each boasting its unique charm.<\/p><h2><strong>Santo Domingo: The Urban Investment Hub<\/strong><\/h2><p>Santo Domingo, the Dominican Republic&#8217;s capital city, is a bustling metropolis with a blend of modern and colonial architecture. The real estate market here is ripe with opportunities for investors seeking urban properties.<\/p><h2><strong>Punta Cana: The Beachfront Paradise<\/strong><\/h2><p>Punta Cana is renowned for its stunning beaches and all-inclusive resorts. The demand for beachfront properties here is high, making it a lucrative spot for investment.<\/p><h2><strong>Jarabacoa: The Mountain Retreat<\/strong><\/h2><p>For those seeking cooler climes and mountain views, Jarabacoa offers an idyllic setting. The town&#8217;s scenic beauty and peaceful ambiance make it a popular spot for holiday homes and retreats.<\/p><h2><strong>La Romana: The Golf Capital<\/strong><\/h2><p>La Romana is famous for its luxurious golf communities, offering a unique investment opportunity. These exclusive properties are highly sought after, promising significant returns.<\/p><h2><strong>Understanding the Dominican Republic Real Estate Market<\/strong><\/h2><p>Investing in the Dominican Republic&#8217;s real estate market is a journey of discovery. The market offers significant growth potential, thanks to the country&#8217;s increasing tourism and stable economy.<\/p><h2><strong>Making the Right Investment: Factors to Consider<\/strong><\/h2><p>A successful real estate investment in the Dominican Republic requires strategic planning and thorough research. Here are some factors to consider:<\/p><ol><li><strong>Location<\/strong>: Identify areas that align with your investment goals.<\/li><li><strong>Property Type<\/strong>: Determine the type of property that suits your needs.<\/li><li><strong>Legalities<\/strong>: Understand the local laws and regulations.<\/li><li><strong>Market Trends<\/strong>: Stay informed about the latest real estate trends.<\/li><\/ol><h2><strong>Navigating Legalities: A Closer Look<\/strong><\/h2><p>Understanding the legal landscape of the Dominican Republic is crucial. The country has a foreign-friendly property law, making it easier for international investors to enter the market.<\/p><h2><strong>Market Trends: Staying Ahead<\/strong><\/h2><p>Keeping abreast of the latest market trends is key to making a profitable investment. As of now, the Dominican Republic&#8217;s real estate market is witnessing an uptick in demand for luxury properties and sustainable developments.<\/p><h2><strong>Making the Move: Taking the First Step<\/strong><\/h2><p>Investing in the Dominican Republic&#8217;s real estate market is a promising venture. With the right knowledge and strategic approach, you can make the most of the opportunities it offers.<\/p><p>Remember, the journey of a thousand miles begins with a single step. Start your real estate investment journey in the Dominican Republic today, and open a world of possibilities for tomorrow.<\/p><p>\u00a0<\/p><h1><strong>The Appeal of Dominican Republic&#8217;s Real Estate: Unveiling the Potential<\/strong><\/h1><p>As an investor, the Dominican Republic&#8217;s real estate market poses an alluring prospect. Its wide-ranging appeal can be attributed to several factors, including robust tourism, a growing economy, and a favorable regulatory environment.<\/p><h2><strong>Tourism: The Driving Force<\/strong><\/h2><p>The Dominican Republic&#8217;s flourishing tourism industry plays a significant role in driving its real estate market. With its beautiful beaches, lush landscapes, and rich cultural heritage, the country attracts millions of tourists each year. This influx of visitors fuels the demand for vacation rentals, luxury villines, and resort properties, making it a hotbed for real estate investments.<\/p><h2><strong>A Thriving Economy: The Foundation of Growth<\/strong><\/h2><p>The Dominican Republic <a href=\"https:\/\/dominican-real-estate.com\/es\/apartments-in-dominican-republic\/\">boasts<\/a> a robust and growing economy, providing a firm foundation for real estate investment. The country&#8217;s sound economic policies, progressive reforms, and foreign investment-friendly environment have fostered a climate of stability and growth.<\/p><h2><strong>The Regulatory Environment: Easing the Way<\/strong><\/h2><p>The Dominican Republic offers a conducive regulatory environment for foreign real estate investors. The country&#8217;s legal framework promotes ease of property ownership, offering security and assurance to international investors.<\/p><h2><strong>A Closer Look at the Dominican Republic&#8217;s Property Types<\/strong><\/h2><p>The Dominican Republic&#8217;s real estate market offers a range of property types to cater to different investment objectives. Whether you&#8217;re looking for residential, commercial, or luxury properties, the country has something for every investor.<\/p><h3><strong>Residential Properties<\/strong><\/h3><p>The market for residential properties in the Dominican Republic is diverse, encompassing apartments in bustling cities, villas in tranquil beach towns, and homes in the countryside.<\/p><h3><strong>Commercial Properties<\/strong><\/h3><p>The country&#8217;s thriving economy has led to an increased demand for commercial properties. Retail spaces, office buildings, and hospitality establishments present promising investment opportunities.<\/p><h3><strong>Luxury Properties<\/strong><\/h3><p>For those seeking high-end investments, the Dominican Republic&#8217;s luxury real estate market is burgeoning. From opulent villas in exclusive communities to high-rise penthouses with panoramic views, these properties offer a lavish lifestyle and potential high returns.<\/p><h1><strong>Finding Success in the Dominican Republic&#8217;s Real Estate Market<\/strong><\/h1><p>Investing in the Dominican Republic&#8217;s real estate market can be a rewarding venture. But like any investment, it requires careful planning, diligent research, and strategic decision-making. By understanding the market dynamics, identifying promising locales, and staying abreast of the latest trends, you can find success in this vibrant market.<\/p><p>Your journey into the Dominican Republic&#8217;s real estate market begins now. Embrace the opportunity, and let this guide serve as your roadmap to a profitable and fulfilling investment journey.<\/p><p><strong>Title:<\/strong> Explore Dominican Republic: A Comprehensive Guide to Real Estate Investment<\/p><p><strong>Description:<\/strong> Uncover the opportunities and insights of real estate investment in the Dominican Republic. Discover the vibrant market and make informed investment decisions for a prosperous future.<\/p><p><strong>Link Name:<\/strong> Real Estate Investment Guide &#8211; Dominican Republic<\/p>\t\t\t\t\t\t\t\t<\/div>\n\t\t\t\t<\/div>\n\t\t\t\t<\/div>\n\t\t<div class=\"elementor-element elementor-element-797086b1 e-con-full e-flex e-con e-child\" data-id=\"797086b1\" data-element_type=\"container\" data-settings=\"{&quot;sticky&quot;:&quot;top&quot;,&quot;sticky_on&quot;:[&quot;desktop&quot;,&quot;tablet&quot;],&quot;sticky_parent&quot;:&quot;yes&quot;,&quot;sticky_offset&quot;:78,&quot;sticky_effects_offset&quot;:0,&quot;sticky_anchor_link_offset&quot;:0}\">\n\t\t\t\t<div class=\"elementor-element elementor-element-297b9dfa elementor-share-buttons--view-icon-text elementor-share-buttons--skin-gradient elementor-share-buttons--shape-square elementor-grid-0 elementor-share-buttons--color-official elementor-widget elementor-widget-share-buttons\" data-id=\"297b9dfa\" data-element_type=\"widget\" data-widget_type=\"share-buttons.default\">\n\t\t\t\t<div class=\"elementor-widget-container\">\n\t\t\t\t\t\t\t<div class=\"elementor-grid\">\n\t\t\t\t\t\t\t\t<div class=\"elementor-grid-item\">\n\t\t\t\t\t\t<div\n\t\t\t\t\t\t\tclass=\"elementor-share-btn elementor-share-btn_facebook\"\n\t\t\t\t\t\t\trole=\"button\"\n\t\t\t\t\t\t\ttabindex=\"0\"\n\t\t\t\t\t\t\taria-label=\"Share on facebook\"\n\t\t\t\t\t\t>\n\t\t\t\t\t\t\t\t\t\t\t\t\t\t\t<span class=\"elementor-share-btn__icon\">\n\t\t\t\t\t\t\t\t<i class=\"fab fa-facebook\" aria-hidden=\"true\"><\/i>\t\t\t\t\t\t\t<\/span>\n\t\t\t\t\t\t\t\t\t\t\t\t\t\t\t\t\t\t\t\t\t\t<div class=\"elementor-share-btn__text\">\n\t\t\t\t\t\t\t\t\t\t\t\t\t\t\t\t\t\t\t<span class=\"elementor-share-btn__title\">\n\t\t\t\t\t\t\t\t\t\tFacebook\t\t\t\t\t\t\t\t\t<\/span>\n\t\t\t\t\t\t\t\t\t\t\t\t\t\t\t\t\t<\/div>\n\t\t\t\t\t\t\t\t\t\t\t\t\t<\/div>\n\t\t\t\t\t<\/div>\n\t\t\t\t\t\t\t\t\t<div class=\"elementor-grid-item\">\n\t\t\t\t\t\t<div\n\t\t\t\t\t\t\tclass=\"elementor-share-btn elementor-share-btn_twitter\"\n\t\t\t\t\t\t\trole=\"button\"\n\t\t\t\t\t\t\ttabindex=\"0\"\n\t\t\t\t\t\t\taria-label=\"Share on twitter\"\n\t\t\t\t\t\t>\n\t\t\t\t\t\t\t\t\t\t\t\t\t\t\t<span class=\"elementor-share-btn__icon\">\n\t\t\t\t\t\t\t\t<i class=\"fab fa-twitter\" aria-hidden=\"true\"><\/i>\t\t\t\t\t\t\t<\/span>\n\t\t\t\t\t\t\t\t\t\t\t\t\t\t\t\t\t\t\t\t\t\t<div class=\"elementor-share-btn__text\">\n\t\t\t\t\t\t\t\t\t\t\t\t\t\t\t\t\t\t\t<span class=\"elementor-share-btn__title\">\n\t\t\t\t\t\t\t\t\t\tTwitter\t\t\t\t\t\t\t\t\t<\/span>\n\t\t\t\t\t\t\t\t\t\t\t\t\t\t\t\t\t<\/div>\n\t\t\t\t\t\t\t\t\t\t\t\t\t<\/div>\n\t\t\t\t\t<\/div>\n\t\t\t\t\t\t\t\t\t<div class=\"elementor-grid-item\">\n\t\t\t\t\t\t<div\n\t\t\t\t\t\t\tclass=\"elementor-share-btn elementor-share-btn_linkedin\"\n\t\t\t\t\t\t\trole=\"button\"\n\t\t\t\t\t\t\ttabindex=\"0\"\n\t\t\t\t\t\t\taria-label=\"Share on linkedin\"\n\t\t\t\t\t\t>\n\t\t\t\t\t\t\t\t\t\t\t\t\t\t\t<span class=\"elementor-share-btn__icon\">\n\t\t\t\t\t\t\t\t<i class=\"fab fa-linkedin\" aria-hidden=\"true\"><\/i>\t\t\t\t\t\t\t<\/span>\n\t\t\t\t\t\t\t\t\t\t\t\t\t\t\t\t\t\t\t\t\t\t<div class=\"elementor-share-btn__text\">\n\t\t\t\t\t\t\t\t\t\t\t\t\t\t\t\t\t\t\t<span class=\"elementor-share-btn__title\">\n\t\t\t\t\t\t\t\t\t\tLinkedIn\t\t\t\t\t\t\t\t\t<\/span>\n\t\t\t\t\t\t\t\t\t\t\t\t\t\t\t\t\t<\/div>\n\t\t\t\t\t\t\t\t\t\t\t\t\t<\/div>\n\t\t\t\t\t<\/div>\n\t\t\t\t\t\t<\/div>\n\t\t\t\t\t\t<\/div>\n\t\t\t\t<\/div>\n\t\t\t\t<\/div>\n\t\t\t\t\t<\/div>\n\t\t\t\t<\/div>\n\t\t\t\t<\/div>\n\t\t\t\t<\/div>\n\t\t","protected":false},"excerpt":{"rendered":"<p>Discovering the Dominican Republic: A Comprehensive Guide to Real Estate Investment contact-us Table of Contents A Land Rich in Diversity The Dominican Republic is a treasure trove for real estate investors seeking an international footprint. Its tropical climate, rich history, and diverse landscapes have made it a go-to destination for many. Whether you&#8217;re considering residential&#8230;<\/p>","protected":false},"author":1,"featured_media":0,"parent":0,"menu_order":0,"comment_status":"closed","ping_status":"closed","template":"elementor_header_footer","meta":{"_joinchat":[],"footnotes":""},"class_list":["post-5521","page","type-page","status-publish","hentry"],"_links":{"self":[{"href":"https:\/\/dominican-real-estate.com\/es\/wp-json\/wp\/v2\/pages\/5521","targetHints":{"allow":["GET"]}}],"collection":[{"href":"https:\/\/dominican-real-estate.com\/es\/wp-json\/wp\/v2\/pages"}],"about":[{"href":"https:\/\/dominican-real-estate.com\/es\/wp-json\/wp\/v2\/types\/page"}],"author":[{"embeddable":true,"href":"https:\/\/dominican-real-estate.com\/es\/wp-json\/wp\/v2\/users\/1"}],"replies":[{"embeddable":true,"href":"https:\/\/dominican-real-estate.com\/es\/wp-json\/wp\/v2\/comments?post=5521"}],"version-history":[{"count":0,"href":"https:\/\/dominican-real-estate.com\/es\/wp-json\/wp\/v2\/pages\/5521\/revisions"}],"wp:attachment":[{"href":"https:\/\/dominican-real-estate.com\/es\/wp-json\/wp\/v2\/media?parent=5521"}],"curies":[{"name":"wp","href":"https:\/\/api.w.org\/{rel}","templated":true}]}}