{"id":5273,"date":"2023-05-10T17:06:16","date_gmt":"2023-05-10T16:06:16","guid":{"rendered":"https:\/\/expislandaffiliates.com\/?page_id=5273"},"modified":"2023-10-23T15:50:24","modified_gmt":"2023-10-23T19:50:24","slug":"new-construction-costs-dr","status":"publish","type":"page","link":"https:\/\/dominican-real-estate.com\/es\/dominican-republic\/new-construction-costs-dr\/","title":{"rendered":"Gu\u00eda completa de los costes de la nueva construcci\u00f3n en la Rep\u00fablica Dominicana"},"content":{"rendered":"<style>.elementor-5273 .elementor-element.elementor-element-2e02128:not(.elementor-motion-effects-element-type-background), .elementor-5273 .elementor-element.elementor-element-2e02128 > .elementor-motion-effects-container > .elementor-motion-effects-layer{background-color:#F6F6F6;}.elementor-5273 .elementor-element.elementor-element-2e02128{transition:background 0.3s, border 0.3s, border-radius 0.3s, box-shadow 0.3s;padding:0px 0px 70px 0px;}.elementor-5273 .elementor-element.elementor-element-2e02128 > .elementor-background-overlay{transition:background 0.3s, border-radius 0.3s, opacity 0.3s;}.elementor-5273 .elementor-element.elementor-element-242c5d22.elementor-element{--align-self:center;}.elementor-bc-flex-widget .elementor-5273 .elementor-element.elementor-element-c2dfbe.elementor-column .elementor-widget-wrap{align-items:center;}.elementor-5273 .elementor-element.elementor-element-c2dfbe.elementor-column.elementor-element[data-element_type=\"column\"] > .elementor-widget-wrap.elementor-element-populated{align-content:center;align-items:center;}.elementor-5273 .elementor-element.elementor-element-1785b25b{text-align:left;font-family:\"Varela Round\", Sans-serif;font-size:16px;font-weight:400;}.elementor-5273 .elementor-element.elementor-element-668efb5d .elementor-icon-list-icon{width:14px;}.elementor-5273 .elementor-element.elementor-element-668efb5d .elementor-icon-list-icon i{font-size:14px;}.elementor-5273 .elementor-element.elementor-element-668efb5d .elementor-icon-list-icon svg{--e-icon-list-icon-size:14px;}.elementor-5273 .elementor-element.elementor-element-5351b0e4 > .elementor-widget-container{margin:7px 0px 0px 0px;}.elementor-5273 .elementor-element.elementor-element-5351b0e4 .elementor-button{font-family:\"Open Sans\", Sans-serif;font-weight:400;line-height:18.28px;letter-spacing:0.15px;fill:#FFFFFF;color:#FFFFFF;border-radius:18px 18px 18px 18px;padding:18px 28px 18px 28px;}.elementor-5273 .elementor-element.elementor-element-4c04529e{--display:flex;--flex-direction:column;--container-widget-width:100%;--container-widget-height:initial;--container-widget-flex-grow:0;--container-widget-align-self:initial;--flex-wrap-mobile:wrap;}.elementor-5273 .elementor-element.elementor-element-544921af{--display:flex;--flex-direction:row;--container-widget-width:initial;--container-widget-height:100%;--container-widget-flex-grow:1;--container-widget-align-self:stretch;--flex-wrap-mobile:wrap;--gap:0px 0px;--row-gap:0px;--column-gap:0px;}.elementor-5273 .elementor-element.elementor-element-23432e24{--display:flex;--flex-direction:column;--container-widget-width:100%;--container-widget-height:initial;--container-widget-flex-grow:0;--container-widget-align-self:initial;--flex-wrap-mobile:wrap;}.elementor-5273 .elementor-element.elementor-element-3828e47 .elementor-toc__header-title{text-align:start;}.elementor-5273 .elementor-element.elementor-element-3828e47 .elementor-toc__header, .elementor-5273 .elementor-element.elementor-element-3828e47 .elementor-toc__header-title{font-family:\"Roboto\", Sans-serif;font-size:17px;font-weight:600;}.elementor-5273 .elementor-element.elementor-element-3828e47 .elementor-toc__header{flex-direction:row;}.elementor-5273 .elementor-element.elementor-element-3828e47 .elementor-toc__list-item{font-family:\"Roboto\", Sans-serif;font-size:13px;font-weight:400;}.elementor-5273 .elementor-element.elementor-element-3828e47{--item-text-hover-decoration:underline;}.elementor-5273 .elementor-element.elementor-element-4bf82419{--display:flex;--flex-direction:column;--container-widget-width:100%;--container-widget-height:initial;--container-widget-flex-grow:0;--container-widget-align-self:initial;--flex-wrap-mobile:wrap;}.elementor-5273 .elementor-element.elementor-element-1e2d7e4b{text-align:left;font-family:\"Varela Round\", Sans-serif;font-size:16px;font-weight:400;}.elementor-5273 .elementor-element.elementor-element-797086b1{--display:flex;--flex-direction:column;--container-widget-width:100%;--container-widget-height:initial;--container-widget-flex-grow:0;--container-widget-align-self:initial;--flex-wrap-mobile:wrap;}.elementor-5273 .elementor-element.elementor-element-297b9dfa{--grid-side-margin:10px;--grid-column-gap:10px;--grid-row-gap:10px;--grid-bottom-margin:10px;}@media(min-width:768px){.elementor-5273 .elementor-element.elementor-element-6d9f6aea{width:50%;}.elementor-5273 .elementor-element.elementor-element-c2dfbe{width:41.335%;}.elementor-5273 .elementor-element.elementor-element-5ac28422{width:7.997%;}.elementor-5273 .elementor-element.elementor-element-4c04529e{--width:100%;}.elementor-5273 .elementor-element.elementor-element-544921af{--content-width:1316px;}.elementor-5273 .elementor-element.elementor-element-23432e24{--width:25%;}.elementor-5273 .elementor-element.elementor-element-4bf82419{--width:50%;}.elementor-5273 .elementor-element.elementor-element-797086b1{--width:25%;}}@media(max-width:1024px) and (min-width:768px){.elementor-5273 .elementor-element.elementor-element-6d9f6aea{width:100%;}.elementor-5273 .elementor-element.elementor-element-c2dfbe{width:100%;}}@media(max-width:1024px){ .elementor-5273 .elementor-element.elementor-element-297b9dfa{--grid-side-margin:10px;--grid-column-gap:10px;--grid-row-gap:10px;--grid-bottom-margin:10px;}}@media(max-width:767px){ .elementor-5273 .elementor-element.elementor-element-297b9dfa{--grid-side-margin:10px;--grid-column-gap:10px;--grid-row-gap:10px;--grid-bottom-margin:10px;}}<\/style>\t\t<div data-elementor-type=\"wp-page\" data-elementor-id=\"5273\" class=\"elementor elementor-5273\" data-elementor-post-type=\"page\">\n\t\t\t\t\t\t<section class=\"elementor-section elementor-top-section elementor-element elementor-element-2e02128 elementor-section-stretched elementor-section-boxed elementor-section-height-default elementor-section-height-default\" data-id=\"2e02128\" data-element_type=\"section\" data-settings=\"{&quot;stretch_section&quot;:&quot;section-stretched&quot;,&quot;background_background&quot;:&quot;classic&quot;}\">\n\t\t\t\t\t\t<div class=\"elementor-container elementor-column-gap-default\">\n\t\t\t\t\t<div class=\"elementor-column elementor-col-33 elementor-top-column elementor-element elementor-element-6d9f6aea\" data-id=\"6d9f6aea\" data-element_type=\"column\">\n\t\t\t<div class=\"elementor-widget-wrap elementor-element-populated\">\n\t\t\t\t\t\t<div class=\"elementor-element elementor-element-242c5d22 elementor-widget elementor-widget-image\" data-id=\"242c5d22\" data-element_type=\"widget\" data-widget_type=\"image.default\">\n\t\t\t\t<div class=\"elementor-widget-container\">\n\t\t\t\t\t\t\t\t\t\t\t\t\t\t\t<img fetchpriority=\"high\" decoding=\"async\" width=\"828\" height=\"466\" src=\"https:\/\/dominican-real-estate.com\/wp-content\/uploads\/2023\/08\/office-building-against-the-sky-1024x576.jpg\" class=\"attachment-large size-large wp-image-7640\" alt=\"\" srcset=\"https:\/\/dominican-real-estate.com\/wp-content\/uploads\/2023\/08\/office-building-against-the-sky-1024x576.jpg 1024w, https:\/\/dominican-real-estate.com\/wp-content\/uploads\/2023\/08\/office-building-against-the-sky-300x169.jpg 300w, https:\/\/dominican-real-estate.com\/wp-content\/uploads\/2023\/08\/office-building-against-the-sky-768x432.jpg 768w, https:\/\/dominican-real-estate.com\/wp-content\/uploads\/2023\/08\/office-building-against-the-sky-1536x864.jpg 1536w, https:\/\/dominican-real-estate.com\/wp-content\/uploads\/2023\/08\/office-building-against-the-sky-150x84.jpg 150w, https:\/\/dominican-real-estate.com\/wp-content\/uploads\/2023\/08\/office-building-against-the-sky-600x338.jpg 600w, https:\/\/dominican-real-estate.com\/wp-content\/uploads\/2023\/08\/office-building-against-the-sky.jpg 2000w\" sizes=\"(max-width: 828px) 100vw, 828px\" \/>\t\t\t\t\t\t\t\t\t\t\t\t\t\t\t<\/div>\n\t\t\t\t<\/div>\n\t\t\t\t\t<\/div>\n\t\t<\/div>\n\t\t\t\t<div class=\"elementor-column elementor-col-33 elementor-top-column elementor-element elementor-element-c2dfbe\" data-id=\"c2dfbe\" data-element_type=\"column\">\n\t\t\t<div class=\"elementor-widget-wrap elementor-element-populated\">\n\t\t\t\t\t\t<div class=\"elementor-element elementor-element-1785b25b elementor-widget elementor-widget-text-editor\" data-id=\"1785b25b\" data-element_type=\"widget\" data-widget_type=\"text-editor.default\">\n\t\t\t\t<div class=\"elementor-widget-container\">\n\t\t\t\t\t\t\t\t\t<h1><span class=\"notion-enable-hover\" data-token-index=\"0\">The Comprehensive Guide to New Construction Costs in the Dominican Republic<\/span><\/h1>\t\t\t\t\t\t\t\t<\/div>\n\t\t\t\t<\/div>\n\t\t\t\t<div class=\"elementor-element elementor-element-668efb5d elementor-widget elementor-widget-post-info\" data-id=\"668efb5d\" data-element_type=\"widget\" data-widget_type=\"post-info.default\">\n\t\t\t\t<div class=\"elementor-widget-container\">\n\t\t\t\t\t\t\t<ul class=\"elementor-inline-items elementor-icon-list-items elementor-post-info\">\n\t\t\t\t\t\t\t\t<li class=\"elementor-icon-list-item elementor-repeater-item-6bc8a14 elementor-inline-item\" itemprop=\"author\">\n\t\t\t\t\t\t<a href=\"https:\/\/dominican-real-estate.com\/es\/author\/mingonautgmail-com\/\">\n\t\t\t\t\t\t\t\t\t\t\t<span class=\"elementor-icon-list-icon\">\n\t\t\t\t\t\t\t\t<i aria-hidden=\"true\" class=\"far fa-user-circle\"><\/i>\t\t\t\t\t\t\t<\/span>\n\t\t\t\t\t\t\t\t\t<span class=\"elementor-icon-list-text elementor-post-info__item elementor-post-info__item--type-author\">\n\t\t\t\t\t\t\t\t\t\tSimon Markus\t\t\t\t\t<\/span>\n\t\t\t\t\t\t\t\t\t<\/a>\n\t\t\t\t<\/li>\n\t\t\t\t<li class=\"elementor-icon-list-item elementor-repeater-item-ea5fa62 elementor-inline-item\" itemprop=\"datePublished\">\n\t\t\t\t\t\t<a href=\"https:\/\/dominican-real-estate.com\/es\/2023\/05\/10\/\">\n\t\t\t\t\t\t\t\t\t\t\t<span class=\"elementor-icon-list-icon\">\n\t\t\t\t\t\t\t\t<i aria-hidden=\"true\" class=\"fas fa-calendar\"><\/i>\t\t\t\t\t\t\t<\/span>\n\t\t\t\t\t\t\t\t\t<span class=\"elementor-icon-list-text elementor-post-info__item elementor-post-info__item--type-date\">\n\t\t\t\t\t\t\t\t\t\t<time>mayo 10, 2023<\/time>\t\t\t\t\t<\/span>\n\t\t\t\t\t\t\t\t\t<\/a>\n\t\t\t\t<\/li>\n\t\t\t\t<li class=\"elementor-icon-list-item elementor-repeater-item-16fb072 elementor-inline-item\">\n\t\t\t\t\t\t\t\t\t\t<span class=\"elementor-icon-list-icon\">\n\t\t\t\t\t\t\t\t<i aria-hidden=\"true\" class=\"far fa-clock\"><\/i>\t\t\t\t\t\t\t<\/span>\n\t\t\t\t\t\t\t\t\t<span class=\"elementor-icon-list-text elementor-post-info__item elementor-post-info__item--type-time\">\n\t\t\t\t\t\t\t\t\t\t<time>5:06 pm<\/time>\t\t\t\t\t<\/span>\n\t\t\t\t\t\t\t\t<\/li>\n\t\t\t\t<\/ul>\n\t\t\t\t\t\t<\/div>\n\t\t\t\t<\/div>\n\t\t\t\t<div class=\"elementor-element elementor-element-5351b0e4 elementor-align-left elementor-widget elementor-widget-button\" data-id=\"5351b0e4\" data-element_type=\"widget\" data-widget_type=\"button.default\">\n\t\t\t\t<div class=\"elementor-widget-container\">\n\t\t\t\t\t\t\t\t\t<div class=\"elementor-button-wrapper\">\n\t\t\t\t\t<a class=\"elementor-button elementor-button-link elementor-size-sm\" href=\"https:\/\/dominican-real-estate.com\/contact-us-8-2023\/\">\n\t\t\t\t\t\t<span class=\"elementor-button-content-wrapper\">\n\t\t\t\t\t\t\t\t\t<span class=\"elementor-button-text\">contact-us<\/span>\n\t\t\t\t\t<\/span>\n\t\t\t\t\t<\/a>\n\t\t\t\t<\/div>\n\t\t\t\t\t\t\t\t<\/div>\n\t\t\t\t<\/div>\n\t\t\t\t\t<\/div>\n\t\t<\/div>\n\t\t\t\t<div class=\"elementor-column elementor-col-33 elementor-top-column elementor-element elementor-element-5ac28422 elementor-hidden-tablet elementor-hidden-mobile\" data-id=\"5ac28422\" data-element_type=\"column\">\n\t\t\t<div class=\"elementor-widget-wrap\">\n\t\t\t\t\t\t\t<\/div>\n\t\t<\/div>\n\t\t\t\t\t<\/div>\n\t\t<\/section>\n\t\t<div class=\"elementor-element elementor-element-4c04529e e-con-full e-flex e-con e-parent\" data-id=\"4c04529e\" data-element_type=\"container\">\n\t\t<div class=\"elementor-element elementor-element-544921af e-flex e-con-boxed e-con e-child\" data-id=\"544921af\" data-element_type=\"container\">\n\t\t\t\t\t<div class=\"e-con-inner\">\n\t\t<div class=\"elementor-element elementor-element-23432e24 e-con-full e-flex e-con e-child\" data-id=\"23432e24\" data-element_type=\"container\" data-settings=\"{&quot;sticky&quot;:&quot;top&quot;,&quot;sticky_on&quot;:[&quot;desktop&quot;,&quot;tablet&quot;],&quot;sticky_parent&quot;:&quot;yes&quot;,&quot;sticky_offset&quot;:78,&quot;sticky_effects_offset&quot;:0,&quot;sticky_anchor_link_offset&quot;:0}\">\n\t\t\t\t<div class=\"elementor-element elementor-element-3828e47 elementor-toc--minimized-on-tablet elementor-widget elementor-widget-table-of-contents\" data-id=\"3828e47\" data-element_type=\"widget\" data-settings=\"{&quot;exclude_headings_by_selector&quot;:[],&quot;headings_by_tags&quot;:[&quot;h2&quot;],&quot;marker_view&quot;:&quot;numbers&quot;,&quot;no_headings_message&quot;:&quot;No headings were found on this page.&quot;,&quot;minimize_box&quot;:&quot;yes&quot;,&quot;minimized_on&quot;:&quot;tablet&quot;,&quot;hierarchical_view&quot;:&quot;yes&quot;,&quot;min_height&quot;:{&quot;unit&quot;:&quot;px&quot;,&quot;size&quot;:&quot;&quot;,&quot;sizes&quot;:[]},&quot;min_height_tablet&quot;:{&quot;unit&quot;:&quot;px&quot;,&quot;size&quot;:&quot;&quot;,&quot;sizes&quot;:[]},&quot;min_height_mobile&quot;:{&quot;unit&quot;:&quot;px&quot;,&quot;size&quot;:&quot;&quot;,&quot;sizes&quot;:[]}}\" data-widget_type=\"table-of-contents.default\">\n\t\t\t\t<div class=\"elementor-widget-container\">\n\t\t\t\t\t\t\t<div class=\"elementor-toc__header\">\n\t\t\t<h4 class=\"elementor-toc__header-title\">\n\t\t\t\tTable of Contents\t\t\t<\/h4>\n\t\t\t\t\t\t\t<div class=\"elementor-toc__toggle-button elementor-toc__toggle-button--expand\" role=\"button\" tabindex=\"0\" aria-controls=\"elementor-toc__3828e47\" aria-expanded=\"true\" aria-label=\"Open table of contents\"><i aria-hidden=\"true\" class=\"fas fa-chevron-down\"><\/i><\/div>\n\t\t\t\t<div class=\"elementor-toc__toggle-button elementor-toc__toggle-button--collapse\" role=\"button\" tabindex=\"0\" aria-controls=\"elementor-toc__3828e47\" aria-expanded=\"true\" aria-label=\"Close table of contents\"><i aria-hidden=\"true\" class=\"fas fa-chevron-up\"><\/i><\/div>\n\t\t\t\t\t<\/div>\n\t\t<div id=\"elementor-toc__3828e47\" class=\"elementor-toc__body\">\n\t\t\t<div class=\"elementor-toc__spinner-container\">\n\t\t\t\t<i class=\"elementor-toc__spinner eicon-animation-spin eicon-loading\" aria-hidden=\"true\"><\/i>\t\t\t<\/div>\n\t\t<\/div>\n\t\t\t\t\t\t<\/div>\n\t\t\t\t<\/div>\n\t\t\t\t<\/div>\n\t\t<div class=\"elementor-element elementor-element-4bf82419 e-con-full e-flex e-con e-child\" data-id=\"4bf82419\" data-element_type=\"container\">\n\t\t\t\t<div class=\"elementor-element elementor-element-1e2d7e4b elementor-widget elementor-widget-text-editor\" data-id=\"1e2d7e4b\" data-element_type=\"widget\" data-widget_type=\"text-editor.default\">\n\t\t\t\t<div class=\"elementor-widget-container\">\n\t\t\t\t\t\t\t\t\t<h2><strong>Understanding the Landscape of Construction in the Dominican Republic<\/strong><\/h2><p>The Dominican Republic, a Caribbean paradise known for its pristine beaches, alluring landscapes, and enticing cultural heritage, has become a prime real estate hotspot. For investors and homebuyers alike, understanding the costs of new construction in this tropical utopia is crucial. This article aims to provide a comprehensive breakdown of the various aspects that contribute to the overall construction costs in the Dominican Republic.<\/p><h2><strong>Construction Materials and Labor: The Backbone of Costs<\/strong><\/h2><p>One of the most substantial factors that determine the cost of building a new construction in the Dominican Republic is the price of construction materials and labor.<\/p><h3><strong>Construction Materials<\/strong><\/h3><p>Materials such as concrete, steel, wood, and glass form the foundation of any construction project. It&#8217;s important to note that these prices can fluctuate based on international market trends and local availability.<\/p><h3><strong>Labor Costs<\/strong><\/h3><p>In the Dominican Republic, labor costs can vary depending on the expertise required for a particular project. Skilled labor such as architects, structural engineers, and project managers command higher wages, while unskilled labor is relatively cheaper.<\/p><h2><strong>Decoding Building Types: Residential vs. Commercial<\/strong><\/h2><p>The type of construction\u2014residential or commercial\u2014also significantly influences the cost.<\/p><h3><strong>Residential Construction<\/strong><\/h3><p>Residential construction involves the building of houses, apartments, and other dwellings. The cost for residential construction largely depends on factors such as location, architectural design, and quality of finishing materials.<\/p><h3><strong>Commercial Construction<\/strong><\/h3><p>On the other hand, commercial construction, which includes office buildings, hotels, and retail outlets, may incur higher costs due to more stringent building codes, the need for more sophisticated infrastructure, and the use of high-grade materials.<\/p><h2><strong>Location, Location, Location: Geographic Influence on Cost<\/strong><\/h2><p>Geographic location within the Dominican Republic significantly influences construction costs. Urban areas like Santo Domingo and Punta Cana, with their high demand and land prices, tend to have higher construction costs compared to rural areas.<\/p><h2><strong>Navigating Regulatory Costs<\/strong><\/h2><p>Every new construction project in the Dominican Republic has to comply with local building regulations, which can add to the total costs. These include obtaining necessary permits, inspections, and conforming to safety and environmental standards.<\/p><h2><strong>Adding It Up: A Realistic Cost Estimate<\/strong><\/h2><p>By factoring in all these elements, a realistic cost estimate for new construction in the Dominican Republic ranges from $700 to $2,500 per square meter. It&#8217;s important to remember that this is a broad range and actual costs can vary based on the specific factors discussed above.<\/p><h2><strong>Conclusion: Building Your Dreams in the Dominican Republic<\/strong><\/h2><p>While the costs of new construction in the Dominican Republic can vary, understanding these key factors can help in budgeting and planning. The potential return on investment from owning property in this Caribbean paradise can make the construction journey worthwhile.<\/p><p>It&#8217;s always recommended to work with experienced local professionals who can provide guidance and assist in navigating the complexities of construction in the Dominican Republic. With proper planning and understanding, your dream of building in the Dominican Republic can become a rewarding reality.<\/p>\t\t\t\t\t\t\t\t<\/div>\n\t\t\t\t<\/div>\n\t\t\t\t<\/div>\n\t\t<div class=\"elementor-element elementor-element-797086b1 e-con-full e-flex e-con e-child\" data-id=\"797086b1\" data-element_type=\"container\" data-settings=\"{&quot;sticky&quot;:&quot;top&quot;,&quot;sticky_on&quot;:[&quot;desktop&quot;,&quot;tablet&quot;],&quot;sticky_parent&quot;:&quot;yes&quot;,&quot;sticky_offset&quot;:78,&quot;sticky_effects_offset&quot;:0,&quot;sticky_anchor_link_offset&quot;:0}\">\n\t\t\t\t<div class=\"elementor-element elementor-element-297b9dfa elementor-share-buttons--view-icon-text elementor-share-buttons--skin-gradient elementor-share-buttons--shape-square elementor-grid-0 elementor-share-buttons--color-official elementor-widget elementor-widget-share-buttons\" data-id=\"297b9dfa\" data-element_type=\"widget\" data-widget_type=\"share-buttons.default\">\n\t\t\t\t<div class=\"elementor-widget-container\">\n\t\t\t\t\t\t\t<div class=\"elementor-grid\">\n\t\t\t\t\t\t\t\t<div class=\"elementor-grid-item\">\n\t\t\t\t\t\t<div\n\t\t\t\t\t\t\tclass=\"elementor-share-btn elementor-share-btn_facebook\"\n\t\t\t\t\t\t\trole=\"button\"\n\t\t\t\t\t\t\ttabindex=\"0\"\n\t\t\t\t\t\t\taria-label=\"Share on facebook\"\n\t\t\t\t\t\t>\n\t\t\t\t\t\t\t\t\t\t\t\t\t\t\t<span class=\"elementor-share-btn__icon\">\n\t\t\t\t\t\t\t\t<i class=\"fab fa-facebook\" aria-hidden=\"true\"><\/i>\t\t\t\t\t\t\t<\/span>\n\t\t\t\t\t\t\t\t\t\t\t\t\t\t\t\t\t\t\t\t\t\t<div class=\"elementor-share-btn__text\">\n\t\t\t\t\t\t\t\t\t\t\t\t\t\t\t\t\t\t\t<span class=\"elementor-share-btn__title\">\n\t\t\t\t\t\t\t\t\t\tFacebook\t\t\t\t\t\t\t\t\t<\/span>\n\t\t\t\t\t\t\t\t\t\t\t\t\t\t\t\t\t<\/div>\n\t\t\t\t\t\t\t\t\t\t\t\t\t<\/div>\n\t\t\t\t\t<\/div>\n\t\t\t\t\t\t\t\t\t<div class=\"elementor-grid-item\">\n\t\t\t\t\t\t<div\n\t\t\t\t\t\t\tclass=\"elementor-share-btn elementor-share-btn_twitter\"\n\t\t\t\t\t\t\trole=\"button\"\n\t\t\t\t\t\t\ttabindex=\"0\"\n\t\t\t\t\t\t\taria-label=\"Share on twitter\"\n\t\t\t\t\t\t>\n\t\t\t\t\t\t\t\t\t\t\t\t\t\t\t<span class=\"elementor-share-btn__icon\">\n\t\t\t\t\t\t\t\t<i class=\"fab fa-twitter\" aria-hidden=\"true\"><\/i>\t\t\t\t\t\t\t<\/span>\n\t\t\t\t\t\t\t\t\t\t\t\t\t\t\t\t\t\t\t\t\t\t<div class=\"elementor-share-btn__text\">\n\t\t\t\t\t\t\t\t\t\t\t\t\t\t\t\t\t\t\t<span class=\"elementor-share-btn__title\">\n\t\t\t\t\t\t\t\t\t\tTwitter\t\t\t\t\t\t\t\t\t<\/span>\n\t\t\t\t\t\t\t\t\t\t\t\t\t\t\t\t\t<\/div>\n\t\t\t\t\t\t\t\t\t\t\t\t\t<\/div>\n\t\t\t\t\t<\/div>\n\t\t\t\t\t\t\t\t\t<div class=\"elementor-grid-item\">\n\t\t\t\t\t\t<div\n\t\t\t\t\t\t\tclass=\"elementor-share-btn elementor-share-btn_linkedin\"\n\t\t\t\t\t\t\trole=\"button\"\n\t\t\t\t\t\t\ttabindex=\"0\"\n\t\t\t\t\t\t\taria-label=\"Share on linkedin\"\n\t\t\t\t\t\t>\n\t\t\t\t\t\t\t\t\t\t\t\t\t\t\t<span class=\"elementor-share-btn__icon\">\n\t\t\t\t\t\t\t\t<i class=\"fab fa-linkedin\" aria-hidden=\"true\"><\/i>\t\t\t\t\t\t\t<\/span>\n\t\t\t\t\t\t\t\t\t\t\t\t\t\t\t\t\t\t\t\t\t\t<div class=\"elementor-share-btn__text\">\n\t\t\t\t\t\t\t\t\t\t\t\t\t\t\t\t\t\t\t<span class=\"elementor-share-btn__title\">\n\t\t\t\t\t\t\t\t\t\tLinkedIn\t\t\t\t\t\t\t\t\t<\/span>\n\t\t\t\t\t\t\t\t\t\t\t\t\t\t\t\t\t<\/div>\n\t\t\t\t\t\t\t\t\t\t\t\t\t<\/div>\n\t\t\t\t\t<\/div>\n\t\t\t\t\t\t<\/div>\n\t\t\t\t\t\t<\/div>\n\t\t\t\t<\/div>\n\t\t\t\t<\/div>\n\t\t\t\t\t<\/div>\n\t\t\t\t<\/div>\n\t\t\t\t<\/div>\n\t\t\t\t<\/div>\n\t\t","protected":false},"excerpt":{"rendered":"<p>The Comprehensive Guide to New Construction Costs in the Dominican Republic contact-us Table of Contents Understanding the Landscape of Construction in the Dominican Republic The Dominican Republic, a Caribbean paradise known for its pristine beaches, alluring landscapes, and enticing cultural heritage, has become a prime real estate hotspot. For investors and homebuyers alike, understanding the&#8230;<\/p>","protected":false},"author":1,"featured_media":0,"parent":10679,"menu_order":0,"comment_status":"closed","ping_status":"closed","template":"templates\/properties.php","meta":{"_joinchat":[],"footnotes":""},"class_list":["post-5273","page","type-page","status-publish","hentry"],"_links":{"self":[{"href":"https:\/\/dominican-real-estate.com\/es\/wp-json\/wp\/v2\/pages\/5273","targetHints":{"allow":["GET"]}}],"collection":[{"href":"https:\/\/dominican-real-estate.com\/es\/wp-json\/wp\/v2\/pages"}],"about":[{"href":"https:\/\/dominican-real-estate.com\/es\/wp-json\/wp\/v2\/types\/page"}],"author":[{"embeddable":true,"href":"https:\/\/dominican-real-estate.com\/es\/wp-json\/wp\/v2\/users\/1"}],"replies":[{"embeddable":true,"href":"https:\/\/dominican-real-estate.com\/es\/wp-json\/wp\/v2\/comments?post=5273"}],"version-history":[{"count":0,"href":"https:\/\/dominican-real-estate.com\/es\/wp-json\/wp\/v2\/pages\/5273\/revisions"}],"up":[{"embeddable":true,"href":"https:\/\/dominican-real-estate.com\/es\/wp-json\/wp\/v2\/pages\/10679"}],"wp:attachment":[{"href":"https:\/\/dominican-real-estate.com\/es\/wp-json\/wp\/v2\/media?parent=5273"}],"curies":[{"name":"wp","href":"https:\/\/api.w.org\/{rel}","templated":true}]}}