{"id":10625,"date":"2023-08-13T17:04:46","date_gmt":"2023-08-13T16:04:46","guid":{"rendered":"https:\/\/dominican-real-estate.com\/?page_id=10625"},"modified":"2023-10-17T15:35:21","modified_gmt":"2023-10-17T19:35:21","slug":"terms-and-conditions","status":"publish","type":"page","link":"https:\/\/dominican-real-estate.com\/es\/terms-and-conditions\/","title":{"rendered":"condiciones generales"},"content":{"rendered":"<h1 class=\"wp-block-heading\">CONDICIONES DE ALQUILER DE CONDOMINIOS<\/h1>\n\n\n\n<p>Todos nuestros apartamentos de alquiler son de propiedad privada y est\u00e1n situados en zonas residenciales de buena calidad. Los clientes que eligen alquilar uno de nuestros apartamentos se est\u00e1n embarcando en unas vacaciones en condominio con cocina propia y deben entender que no se alojar\u00e1n en un entorno de estilo hotelero. En la mayor\u00eda de los casos, los apartamentos colindantes estar\u00e1n ocupados por residentes a tiempo completo, por lo que le rogamos que respete su intimidad. Por favor, ay\u00fadenos a mantener este ambiente tranquilo respetando las siguientes normas de convivencia: - Evite el ruido excesivo, especialmente por la noche - Evite invitar a personas cuya actitud sea contraria a las normas de comportamiento aceptadas. El consumo de drogas y la prostituci\u00f3n est\u00e1n estrictamente prohibidos. - Si tiene coche, utilice \u00fanicamente las plazas de aparcamiento atribuidas a su edificio. - No se admiten animales de compa\u00f1\u00eda en los locales de la residencia. - Para respetar las costumbres locales, se recomienda no hacer topless en la playa ni en la piscina. <strong>Seguridad<\/strong> En el momento del check-out recibir\u00e1 su tarjeta de seguridad. Por favor, tenga la tarjeta de seguridad siempre con usted y debe ser devuelto en el check-out. En caso de p\u00e9rdida de la tarjeta de seguridad o de la llave, se cobrar\u00e1n 20 USD. El personal de seguridad puede solicitar en cualquier momento a cualquier persona que presente su tarjeta de seguridad, ya sea en la entrada o en el interior de la urbanizaci\u00f3n. Los visitantes de nuestros hu\u00e9spedes tienen que registrarse en la puerta de seguridad y dejar su identificaci\u00f3n para recibir sus pases de visitante. Esto debe hacerse para mantener nuestro complejo perfectamente seguro. No hay excepciones. <strong>Pago y cancelaci\u00f3n<\/strong> Al hacer la reserva, se debe abonar un dep\u00f3sito no reembolsable de 50% por transferencia bancaria o en l\u00ednea con tarjeta de cr\u00e9dito (el enlace a la p\u00e1gina de pago con tarjeta de cr\u00e9dito en nuestro servidor seguro se enviar\u00e1 junto con el correo electr\u00f3nico de confirmaci\u00f3n). El resto del importe deber\u00e1 abonarse con tarjeta de cr\u00e9dito a trav\u00e9s de nuestro servidor seguro en l\u00ednea 7 d\u00edas antes de la llegada, o en efectivo a la llegada. Tenga en cuenta que a nivel local no podemos aceptar tarjetas de cr\u00e9dito. <strong>Dep\u00f3sitos de seguridad<\/strong> A la llegada, se deber\u00e1 abonar en efectivo o con cheque de viaje una fianza reembolsable de $500 USD por cada apartamento. No se aceptan tarjetas de cr\u00e9dito. Este dep\u00f3sito es totalmente reembolsable a la salida siempre que los bienes muebles e inmuebles est\u00e9n en las mismas condiciones que cuando se inici\u00f3 la ocupaci\u00f3n y se cumplan todos los t\u00e9rminos del contrato de alquiler. El alquiler incluye los gastos de electricidad, agua, servicio de seguridad y gas. <strong>Mascotas<\/strong> No se admiten animales en la propiedad. <strong>Limpieza<\/strong> Durante los alquileres a corto plazo dos veces por semana limpieza condominio est\u00e1 incluido en el precio del alquiler. Limpieza adicional se puede organizar por un costo adicional. <strong>Llegada y salida<\/strong> La hora de entrada en su casa no es antes de las 15.00 y le pedimos que se marche antes de las 11.00 de la ma\u00f1ana del d\u00eda de salida. Por favor, confirme con nuestra agencia de alquiler local si es necesario una entrada m\u00e1s temprana o una salida m\u00e1s tard\u00eda. <strong>Renuncia y exenci\u00f3n de responsabilidad<\/strong> Dominican Real Estate, los propietarios de los condominios de alquiler y\/o su agente de alquiler, sus oficiales, sirvientes o empleados no aceptan ninguna responsabilidad por muerte, da\u00f1os personales, accidentes, p\u00e9rdidas o da\u00f1os a personas o efectos personales causados como resultado del uso del condominio incluyendo la piscina. Dominican Real Estate, los due\u00f1os de los condominios de alquiler y\/o su agente de alquiler, sus oficiales, sirvientes, o empleados no pueden ser responsables por la perdida de los servicios principales, o falla de los aparatos ni por las consecuencias de las acciones tomadas en la vecindad de la propiedad por cualquier autoridad sobre la cual no hay control de Dominican Real Estate. Dominican Real Estate, los propietarios de los condominios de alquiler y \/ o su agente de alquiler, sus funcionarios, sirvientes o empleados no se hace responsable de cualquier construcci\u00f3n en curso, las alteraciones de las viviendas existentes, o cualquier ruido como resultado de la misma en o alrededor de la comunidad. Dominican Real Estate, los propietarios de los condominios de alquiler y \/ o su agente de alquiler, sus funcionarios, servidores o empleados no aceptan ninguna responsabilidad por, y no ser\u00e1 responsable con respecto a la p\u00e9rdida, da\u00f1o o retraso que es causado por eventos fuera del control del propietario. Por ejemplo, condiciones meteorol\u00f3gicas adversas, cierre de aeropuertos, guerra, terrorismo, terremotos, inundaciones o huelgas. La propiedad tiene una piscina y Dominican Real Estate, los propietarios de los condominios de alquiler y \/ o su agente de alquiler, sus funcionarios, servidores o empleados no aceptan ninguna responsabilidad por lesiones, cualquiera que sea su causa, como resultado del uso de la piscina. Los hu\u00e9spedes no deben permitir que ni\u00f1os sin supervisi\u00f3n utilicen la piscina. No se permite bucear, correr o saltar en la piscina y sus alrededores. Como todos los condominios alquilados son propiedad independiente de empresas nacionales dominicanas, todas las reclamaciones legales deben presentarse en el distrito judicial de Puerto Plata, Rep\u00fablica Dominicana. <strong>Modificaci\u00f3n de la reserva<\/strong> Todas las propiedades son de propiedad independiente y aunque no es nuestra pol\u00edtica cambiar la direcci\u00f3n de un condominio una vez confirmada la reserva, esto puede ocurrir por circunstancias fuera de nuestro control. En este caso, le ofreceremos un modelo igual o mejor dentro de la misma zona geogr\u00e1fica.<\/p>","protected":false},"excerpt":{"rendered":"<p>CONDO RENTALS TERMS &amp; CONDITIONS All of our rental condos are privately owned and located in good quality residential areas. Clients who choose to rent one of our condos are embarking on a self-catering condo vacation and should understand that they will not be staying in a hotel style environment. Adjoining condos will in most&#8230;<\/p>","protected":false},"author":1,"featured_media":0,"parent":0,"menu_order":0,"comment_status":"closed","ping_status":"closed","template":"","meta":{"_joinchat":[],"footnotes":""},"class_list":["post-10625","page","type-page","status-publish","hentry"],"_links":{"self":[{"href":"https:\/\/dominican-real-estate.com\/es\/wp-json\/wp\/v2\/pages\/10625","targetHints":{"allow":["GET"]}}],"collection":[{"href":"https:\/\/dominican-real-estate.com\/es\/wp-json\/wp\/v2\/pages"}],"about":[{"href":"https:\/\/dominican-real-estate.com\/es\/wp-json\/wp\/v2\/types\/page"}],"author":[{"embeddable":true,"href":"https:\/\/dominican-real-estate.com\/es\/wp-json\/wp\/v2\/users\/1"}],"replies":[{"embeddable":true,"href":"https:\/\/dominican-real-estate.com\/es\/wp-json\/wp\/v2\/comments?post=10625"}],"version-history":[{"count":0,"href":"https:\/\/dominican-real-estate.com\/es\/wp-json\/wp\/v2\/pages\/10625\/revisions"}],"wp:attachment":[{"href":"https:\/\/dominican-real-estate.com\/es\/wp-json\/wp\/v2\/media?parent=10625"}],"curies":[{"name":"wp","href":"https:\/\/api.w.org\/{rel}","templated":true}]}}