{"id":7179,"date":"2023-07-30T20:28:06","date_gmt":"2023-07-30T19:28:06","guid":{"rendered":"https:\/\/expislandaffiliates.com\/?page_id=7179"},"modified":"2023-10-17T09:37:26","modified_gmt":"2023-10-17T13:37:26","slug":"apartments-in-dominican-republic","status":"publish","type":"page","link":"https:\/\/dominican-real-estate.com\/de\/apartments-in-dominican-republic\/","title":{"rendered":"Apartments in Dominican Republic"},"content":{"rendered":"<style>.elementor-7179 .elementor-element.elementor-element-f9e38b5{--display:flex;--flex-direction:column;--container-widget-width:100%;--container-widget-height:initial;--container-widget-flex-grow:0;--container-widget-align-self:initial;--flex-wrap-mobile:wrap;--margin-top:60px;--margin-bottom:0px;--margin-left:0px;--margin-right:0px;}.elementor-7179 .elementor-element.elementor-element-f91f40b .elementor-heading-title{font-size:40px;}.elementor-7179 .elementor-element.elementor-element-26d67c4{--display:flex;--flex-direction:row;--container-widget-width:initial;--container-widget-height:100%;--container-widget-flex-grow:1;--container-widget-align-self:stretch;--flex-wrap-mobile:wrap;--gap:0px 0px;--row-gap:0px;--column-gap:0px;--flex-wrap:wrap;--margin-top:20px;--margin-bottom:0px;--margin-left:0px;--margin-right:0px;}.elementor-7179 .elementor-element.elementor-element-ca75402{--display:flex;--flex-direction:column;--container-widget-width:100%;--container-widget-height:initial;--container-widget-flex-grow:0;--container-widget-align-self:initial;--flex-wrap-mobile:wrap;}.elementor-7179 .elementor-element.elementor-element-a66b4c7{--display:flex;--flex-direction:column;--container-widget-width:100%;--container-widget-height:initial;--container-widget-flex-grow:0;--container-widget-align-self:initial;--flex-wrap-mobile:wrap;}.elementor-7179 .elementor-element.elementor-element-8601517{--display:flex;--flex-direction:column;--container-widget-width:100%;--container-widget-height:initial;--container-widget-flex-grow:0;--container-widget-align-self:initial;--flex-wrap-mobile:wrap;}@media(min-width:768px){.elementor-7179 .elementor-element.elementor-element-ca75402{--width:70%;}.elementor-7179 .elementor-element.elementor-element-a66b4c7{--width:30%;}.elementor-7179 .elementor-element.elementor-element-8601517{--width:100%;}}@media(max-width:767px){.elementor-7179 .elementor-element.elementor-element-f91f40b .elementor-heading-title{font-size:32px;}}<\/style>\t\t<div data-elementor-type=\"wp-page\" data-elementor-id=\"7179\" class=\"elementor elementor-7179\" data-elementor-post-type=\"page\">\n\t\t\t\t<div class=\"elementor-element elementor-element-f9e38b5 e-flex e-con-boxed e-con e-parent\" data-id=\"f9e38b5\" data-element_type=\"container\">\n\t\t\t\t\t<div class=\"e-con-inner\">\n\t\t\t\t<div class=\"elementor-element elementor-element-f91f40b elementor-widget elementor-widget-heading\" data-id=\"f91f40b\" data-element_type=\"widget\" data-widget_type=\"heading.default\">\n\t\t\t\t<div class=\"elementor-widget-container\">\n\t\t\t\t\t<h2 class=\"elementor-heading-title elementor-size-default\">Wohnungen zu verkaufen in Dominikanische Republik<\/h2>\t\t\t\t<\/div>\n\t\t\t\t<\/div>\n\t\t<div class=\"elementor-element elementor-element-26d67c4 e-flex e-con-boxed e-con e-child\" data-id=\"26d67c4\" data-element_type=\"container\">\n\t\t\t\t\t<div class=\"e-con-inner\">\n\t\t<div class=\"elementor-element elementor-element-ca75402 e-con-full e-flex e-con e-child\" data-id=\"ca75402\" data-element_type=\"container\">\n\t\t\t\t<div class=\"elementor-element elementor-element-0273c7d elementor-widget elementor-widget-image\" data-id=\"0273c7d\" data-element_type=\"widget\" data-widget_type=\"image.default\">\n\t\t\t\t<div class=\"elementor-widget-container\">\n\t\t\t\t\t\t\t\t\t\t\t\t\t\t\t<img decoding=\"async\" src=\"http:\/\/expislandaffiliates.com\/wp-content\/uploads\/2023\/07\/3-scaled-2-1.jpg\" title=\"\" alt=\"\" loading=\"lazy\" \/>\t\t\t\t\t\t\t\t\t\t\t\t\t\t\t<\/div>\n\t\t\t\t<\/div>\n\t\t\t\t<div class=\"elementor-element elementor-element-9e3bb8a elementor-widget elementor-widget-heading\" data-id=\"9e3bb8a\" data-element_type=\"widget\" data-widget_type=\"heading.default\">\n\t\t\t\t<div class=\"elementor-widget-container\">\n\t\t\t\t\t<h2 class=\"elementor-heading-title elementor-size-default\">Wohnungen in Santiago<\/h2>\t\t\t\t<\/div>\n\t\t\t\t<\/div>\n\t\t\t\t<\/div>\n\t\t<div class=\"elementor-element elementor-element-a66b4c7 e-con-full e-flex e-con e-child\" data-id=\"a66b4c7\" data-element_type=\"container\">\n\t\t\t\t<\/div>\n\t\t<div class=\"elementor-element elementor-element-8601517 e-con-full e-flex e-con e-child\" data-id=\"8601517\" data-element_type=\"container\">\n\t\t\t\t<div class=\"elementor-element elementor-element-6446a48 elementor-widget elementor-widget-text-editor\" data-id=\"6446a48\" data-element_type=\"widget\" data-widget_type=\"text-editor.default\">\n\t\t\t\t<div class=\"elementor-widget-container\">\n\t\t\t\t\t\t\t\t\t<p>Entdecken Sie Wohnungen zum Verkauf in der pulsierenden Stadt Santiago, Dominikanische Republik. Mit seinem reichen kulturellen Erbe und seiner lebhaften Atmosph\u00e4re bietet Santiago eine Vielzahl von M\u00f6glichkeiten f\u00fcr diejenigen, die in ihr Traumhaus investieren m\u00f6chten.<\/p>\t\t\t\t\t\t\t\t<\/div>\n\t\t\t\t<\/div>\n\t\t\t\t<\/div>\n\t\t\t\t\t<\/div>\n\t\t\t\t<\/div>\n\t\t\t\t\t<\/div>\n\t\t\t\t<\/div>\n\t\t\t\t<\/div>","protected":false},"excerpt":{"rendered":"<p>Apartments for Sale in Dominican Republic Apartments in Santiago Discover apartments for sale in the vibrant city of Santiago, Dominican Republic. With its rich cultural heritage and bustling atmosphere, Santiago offers a variety of options for those looking to invest in their dream home.<\/p>","protected":false},"author":1,"featured_media":0,"parent":0,"menu_order":0,"comment_status":"closed","ping_status":"closed","template":"elementor_header_footer","meta":{"_joinchat":[],"footnotes":""},"class_list":["post-7179","page","type-page","status-publish","hentry"],"_links":{"self":[{"href":"https:\/\/dominican-real-estate.com\/de\/wp-json\/wp\/v2\/pages\/7179","targetHints":{"allow":["GET"]}}],"collection":[{"href":"https:\/\/dominican-real-estate.com\/de\/wp-json\/wp\/v2\/pages"}],"about":[{"href":"https:\/\/dominican-real-estate.com\/de\/wp-json\/wp\/v2\/types\/page"}],"author":[{"embeddable":true,"href":"https:\/\/dominican-real-estate.com\/de\/wp-json\/wp\/v2\/users\/1"}],"replies":[{"embeddable":true,"href":"https:\/\/dominican-real-estate.com\/de\/wp-json\/wp\/v2\/comments?post=7179"}],"version-history":[{"count":0,"href":"https:\/\/dominican-real-estate.com\/de\/wp-json\/wp\/v2\/pages\/7179\/revisions"}],"wp:attachment":[{"href":"https:\/\/dominican-real-estate.com\/de\/wp-json\/wp\/v2\/media?parent=7179"}],"curies":[{"name":"wp","href":"https:\/\/api.w.org\/{rel}","templated":true}]}}