{"id":10625,"date":"2023-08-13T17:04:46","date_gmt":"2023-08-13T16:04:46","guid":{"rendered":"https:\/\/dominican-real-estate.com\/?page_id=10625"},"modified":"2023-10-17T15:35:21","modified_gmt":"2023-10-17T19:35:21","slug":"terms-and-conditions","status":"publish","type":"page","link":"https:\/\/dominican-real-estate.com\/de\/terms-and-conditions\/","title":{"rendered":"Bedingungen und Konditionen"},"content":{"rendered":"<h1 class=\"wp-block-heading\">BEDINGUNGEN F\u00dcR DIE VERMIETUNG VON EIGENTUMSWOHNUNGEN<\/h1>\n\n\n\n<p>Alle unsere Mietwohnungen befinden sich in Privatbesitz und liegen in guten Wohngegenden. Kunden, die sich f\u00fcr die Anmietung einer unserer Eigentumswohnungen entscheiden, verbringen ihren Urlaub als Selbstversorger und sollten sich dar\u00fcber im Klaren sein, dass sie nicht in einer hotel\u00e4hnlichen Umgebung untergebracht sind. Die angrenzenden Wohnungen werden in den meisten F\u00e4llen von Vollzeitbewohnern bewohnt, und wir bitten Sie, deren Privatsph\u00e4re zu respektieren. Bitte helfen Sie uns, diese friedliche Umgebung zu erhalten, indem Sie die folgenden Regeln der Geselligkeit beachten: - Vermeiden Sie \u00fcberm\u00e4\u00dfigen L\u00e4rm, vor allem nachts. - Laden Sie keine Personen ein, deren Verhalten gegen die anerkannten Verhaltensnormen verst\u00f6\u00dft. Drogenkonsum und Prostitution sind strengstens untersagt. - Sollten Sie ein Auto haben, benutzen Sie bitte nur die Parkpl\u00e4tze, die Ihrem Geb\u00e4ude zugewiesen sind. - Haustiere sind auf dem Gel\u00e4nde des Wohnheims nicht erlaubt. - Um die lokalen Br\u00e4uche zu respektieren, wird empfohlen, am Strand oder am Pool nicht oben ohne zu sein. <strong>Sicherheit<\/strong> Beim Check erhalten Sie Ihre Sicherheitskarte. Bitte tragen Sie die Sicherheitskarte immer bei sich und geben Sie sie beim Auschecken zur\u00fcck. Verlorene Sicherheitskarten und Schl\u00fcssel m\u00fcssen wir mit 20 USD in Rechnung stellen. Das Sicherheitspersonal kann jederzeit von jedem verlangen, seine Sicherheitskarte vorzulegen, sei es am Eingang oder innerhalb der Anlage. Die Besucher unserer G\u00e4ste m\u00fcssen sich am Sicherheitstor anmelden und ihren Ausweis hinterlassen, um ihre Besucherausweise zu erhalten. Dies ist notwendig, um unsere Anlage perfekt zu sichern. Keine Ausnahmen. <strong>Zahlung und Stornierung<\/strong> Bei der Reservierung ist eine nicht erstattungsf\u00e4hige Anzahlung von 50% per \u00dcberweisung oder online mit Ihrer Kreditkarte f\u00e4llig (Link zur Kreditkartenzahlungsseite auf unserem sicheren Server wird Ihnen mit Ihrer Best\u00e4tigungs-E-Mail zugesandt). Der Restbetrag ist per Kreditkarte \u00fcber unseren sicheren Server online bis 7 Tage vor der Ankunft oder in bar bei der Ankunft zu zahlen. Bitte beachten Sie, dass wir vor Ort keine Kreditkarten akzeptieren k\u00f6nnen. <strong>Sicherheitsleistungen<\/strong> Eine erstattungsf\u00e4hige Schadenskaution in H\u00f6he von $500 USD pro Wohnung ist bei der Ankunft in bar oder per Reisescheck zu hinterlegen. Kreditkarten werden vor Ort nicht akzeptiert. Diese Kaution wird bei der Abreise in voller H\u00f6he zur\u00fcckerstattet, vorausgesetzt, dass sich die Immobilien und das pers\u00f6nliche Eigentum in demselben Zustand befinden wie zu Beginn der Belegung und alle Bedingungen des Mietvertrags erf\u00fcllt sind. Im Mietpreis sind die Kosten f\u00fcr Strom, Wasser, Sicherheitsdienst und Gas enthalten. <strong>Haustiere<\/strong> Haustiere sind auf dem Grundst\u00fcck und in der Wohnung nicht erlaubt. <strong>Reinigung<\/strong> Bei Kurzzeitvermietungen ist die zweimal w\u00f6chentliche Reinigung der Wohnung im Mietpreis enthalten. Zus\u00e4tzliche Reinigung kann f\u00fcr zus\u00e4tzliche Kosten arrangiert werden. <strong>Ankunft und Abreise<\/strong> Die Check-in-Zeit in Ihrem Haus ist nicht vor 15.00 Uhr und wir bitten Sie, bis 11.00 Uhr am Morgen der Abreise zu verlassen. Bitte best\u00e4tigen Sie einen fr\u00fcheren Check-in und einen sp\u00e4teren Check-out, wenn n\u00f6tig, mit unserer \u00f6rtlichen Vermietungsagentur. <strong>Verzicht und Haftungsfreistellung<\/strong> Dominican Real Estate, die Eigent\u00fcmer der zu vermietenden Eigentumswohnungen und \/ oder ihr Vermietungsagent, ihre leitenden Angestellten, Bediensteten oder Angestellten \u00fcbernehmen keinerlei Haftung f\u00fcr Tod, K\u00f6rperverletzung, Unf\u00e4lle, Verlust oder Besch\u00e4digung von Personen oder pers\u00f6nlichen Gegenst\u00e4nden, wie auch immer diese durch die Nutzung der Eigentumswohnung einschlie\u00dflich des Pools verursacht wurden. Dominican Real Estate, die Eigent\u00fcmer der Miet-Eigentumswohnungen und \/ oder ihr Vermietungsagent, ihre leitenden Angestellten, Bediensteten oder Angestellten k\u00f6nnen nicht f\u00fcr den Verlust von Versorgungsleitungen oder das Versagen von Ger\u00e4ten verantwortlich gemacht werden, noch f\u00fcr die Folgen von Handlungen, die in der N\u00e4he des Anwesens von irgendeiner Beh\u00f6rde vorgenommen werden, \u00fcber die Dominican Real Estate keine Kontrolle hat. Dominican Real Estate, die Eigent\u00fcmer der zu vermietenden Eigentumswohnungen und \/ oder ihr Vermietungsagent, ihre leitenden Angestellten, Bediensteten oder Angestellten k\u00f6nnen nicht f\u00fcr laufende Bauarbeiten, \u00c4nderungen an bestehenden H\u00e4usern oder daraus resultierenden L\u00e4rm in oder um die Gemeinschaft verantwortlich gemacht werden. Dominican Real Estate, die Eigent\u00fcmer der zu vermietenden Eigentumswohnungen und\/oder ihr Vermietungsagent, ihre Angestellten, Bediensteten oder Mitarbeiter \u00fcbernehmen keine Verantwortung und sind nicht haftbar f\u00fcr Verluste, Sch\u00e4den oder Versp\u00e4tungen, die durch Ereignisse au\u00dferhalb der Kontrolle des Hauseigent\u00fcmers verursacht werden. Dazu geh\u00f6ren z.B. ung\u00fcnstige Wetterbedingungen, Flughafenschlie\u00dfungen, Krieg, Terrorismus, Erdbeben, \u00dcberschwemmungen oder Streiks. Dominican Real Estate, die Eigent\u00fcmer der zu vermietenden Eigentumswohnungen und\/oder ihr Vermietungsagent, ihre leitenden Angestellten, Bediensteten oder Mitarbeiter \u00fcbernehmen keinerlei Haftung f\u00fcr Verletzungen, die durch die Nutzung des Pools verursacht werden. G\u00e4ste sollten Kindern nicht erlauben, den Pool unbeaufsichtigt zu benutzen. Tauchen, Laufen oder Springen ist im Pool und in der Umgebung nicht gestattet. Da alle vermieteten Eigentumswohnungen unabh\u00e4ngig von nationalen dominikanischen Unternehmen sind, m\u00fcssen alle rechtlichen Anspr\u00fcche im Gerichtsbezirk von Puerto Plata, Dominikanische Republik, eingereicht werden. <strong>\u00c4ndern Sie Ihre Buchung<\/strong> Alle Immobilien sind in unabh\u00e4ngigem Besitz, und es ist nicht unsere Politik, die Adresse einer Wohnung zu \u00e4ndern, sobald eine Buchung best\u00e4tigt ist, was durch Umst\u00e4nde au\u00dferhalb unserer Kontrolle geschehen kann. In diesem Fall bieten wir Ihnen ein gleichwertiges oder besseres Wohnmodell in der gleichen geografischen Region an.<\/p>","protected":false},"excerpt":{"rendered":"<p>CONDO RENTALS TERMS &amp; CONDITIONS All of our rental condos are privately owned and located in good quality residential areas. Clients who choose to rent one of our condos are embarking on a self-catering condo vacation and should understand that they will not be staying in a hotel style environment. Adjoining condos will in most&#8230;<\/p>","protected":false},"author":1,"featured_media":0,"parent":0,"menu_order":0,"comment_status":"closed","ping_status":"closed","template":"","meta":{"_joinchat":[],"footnotes":""},"class_list":["post-10625","page","type-page","status-publish","hentry"],"_links":{"self":[{"href":"https:\/\/dominican-real-estate.com\/de\/wp-json\/wp\/v2\/pages\/10625","targetHints":{"allow":["GET"]}}],"collection":[{"href":"https:\/\/dominican-real-estate.com\/de\/wp-json\/wp\/v2\/pages"}],"about":[{"href":"https:\/\/dominican-real-estate.com\/de\/wp-json\/wp\/v2\/types\/page"}],"author":[{"embeddable":true,"href":"https:\/\/dominican-real-estate.com\/de\/wp-json\/wp\/v2\/users\/1"}],"replies":[{"embeddable":true,"href":"https:\/\/dominican-real-estate.com\/de\/wp-json\/wp\/v2\/comments?post=10625"}],"version-history":[{"count":0,"href":"https:\/\/dominican-real-estate.com\/de\/wp-json\/wp\/v2\/pages\/10625\/revisions"}],"wp:attachment":[{"href":"https:\/\/dominican-real-estate.com\/de\/wp-json\/wp\/v2\/media?parent=10625"}],"curies":[{"name":"wp","href":"https:\/\/api.w.org\/{rel}","templated":true}]}}